{"id":242823,"date":"2026-01-02T22:53:58","date_gmt":"2026-01-02T19:53:58","guid":{"rendered":"https:\/\/baldumarket.lt\/product\/lustro-40-cm-finka-white\/"},"modified":"2026-02-11T18:33:57","modified_gmt":"2026-02-11T15:33:57","slug":"lustro-40-cm-finka-white","status":"publish","type":"product","link":"https:\/\/baldumarket.lt\/lt\/product\/lustro-40-cm-finka-white\/","title":{"rendered":"Veidrodis 40 cm Finka baltas"},"content":{"rendered":"<p>\u201eFinka White\u201c \u2013 tai i\u0161skirtinai moderni bald\u0173 kolekcija, \u017eavinti eleganti\u0161ka ir rafinuota apdaila. Serij\u0105 sudaro dviej\u0173 variant\u0173 praustuvo spintel\u0117 \u2013 klasikin\u0117 ir kampin\u0117, leid\u017eianti lanks\u010diai i\u0161d\u0117styti baldus net ir ma\u017eose erdv\u0117se. Komplekte taip pat yra auk\u0161ta spintel\u0117 su viena atvira lentyna, puikiai tinkan\u010dia stilingiems aksesuarams ir dekoracijoms eksponuoti. \u201eFinka White\u201c spinteles galima tvirtinti prie sienos, o tai ne tik sukuria \u0161viesos efekt\u0105, bet ir palengvina vonios kambario \u0161var\u0105. Visos durel\u0117s turi \u0161velnaus u\u017edarymo sistem\u0105. Taip pat galimi du veidrod\u017ei\u0173 variantai \u2013 klasikinis ir kampinis, kuriuos galima rinktis, priklausomai nuo spintel\u0117s tipo. D\u0117l laminuot\u0173 balt\u0173 fasad\u0173 \u201eFinka White\u201c serija puikiai tinka modernaus ir eleganti\u0161ko interjero m\u0117g\u0117jams.<\/p>","protected":false},"excerpt":{"rendered":"<p>Plotis (cm): 40<br \/>\n\u016agis (cm): 60<br \/>\nGylis (cm): 12<\/p>","protected":false},"featured_media":242824,"comment_status":"open","ping_status":"open","template":"","meta":[],"product_brand":[],"product_cat":[9117,2015,9188],"product_tag":[],"class_list":{"0":"post-242823","1":"product","2":"type-product","3":"status-publish","4":"has-post-thumbnail","6":"product_cat-bathroom","7":"product_cat-comad","8":"product_cat-akcesoria-comad","10":"first","11":"instock","12":"purchasable","13":"product-type-simple"},"_links":{"self":[{"href":"https:\/\/baldumarket.lt\/lt\/wp-json\/wp\/v2\/product\/242823","targetHints":{"allow":["GET"]}}],"collection":[{"href":"https:\/\/baldumarket.lt\/lt\/wp-json\/wp\/v2\/product"}],"about":[{"href":"https:\/\/baldumarket.lt\/lt\/wp-json\/wp\/v2\/types\/product"}],"replies":[{"embeddable":true,"href":"https:\/\/baldumarket.lt\/lt\/wp-json\/wp\/v2\/comments?post=242823"}],"wp:featuredmedia":[{"embeddable":true,"href":"https:\/\/baldumarket.lt\/lt\/wp-json\/wp\/v2\/media\/242824"}],"wp:attachment":[{"href":"https:\/\/baldumarket.lt\/lt\/wp-json\/wp\/v2\/media?parent=242823"}],"wp:term":[{"taxonomy":"product_brand","embeddable":true,"href":"https:\/\/baldumarket.lt\/lt\/wp-json\/wp\/v2\/product_brand?post=242823"},{"taxonomy":"product_cat","embeddable":true,"href":"https:\/\/baldumarket.lt\/lt\/wp-json\/wp\/v2\/product_cat?post=242823"},{"taxonomy":"product_tag","embeddable":true,"href":"https:\/\/baldumarket.lt\/lt\/wp-json\/wp\/v2\/product_tag?post=242823"}],"curies":[{"name":"wp","href":"https:\/\/api.w.org\/{rel}","templated":true}]}}