{"id":242797,"date":"2026-01-02T22:53:49","date_gmt":"2026-01-02T19:53:49","guid":{"rendered":"https:\/\/baldumarket.lt\/product\/leonardo-oak-83-01-a-regal-gorny\/"},"modified":"2026-02-11T18:33:57","modified_gmt":"2026-02-11T15:33:57","slug":"leonardo-oak-83-01-a-regal-gorny","status":"publish","type":"product","link":"https:\/\/baldumarket.lt\/lt\/product\/leonardo-oak-83-01-a-regal-gorny\/","title":{"rendered":"LEONARDO \u0104\u017dUOLAS 83-01-A Vir\u0161utin\u0117 lentyna"},"content":{"rendered":"","protected":false},"excerpt":{"rendered":"","protected":false},"featured_media":242798,"comment_status":"open","ping_status":"open","template":"","meta":[],"product_brand":[],"product_cat":[9117,2015,9187],"product_tag":[],"class_list":{"0":"post-242797","1":"product","2":"type-product","3":"status-publish","4":"has-post-thumbnail","6":"product_cat-bathroom","7":"product_cat-comad","8":"product_cat-washbasin-cabinet-comad","10":"first","11":"instock","12":"purchasable","13":"product-type-simple"},"_links":{"self":[{"href":"https:\/\/baldumarket.lt\/lt\/wp-json\/wp\/v2\/product\/242797","targetHints":{"allow":["GET"]}}],"collection":[{"href":"https:\/\/baldumarket.lt\/lt\/wp-json\/wp\/v2\/product"}],"about":[{"href":"https:\/\/baldumarket.lt\/lt\/wp-json\/wp\/v2\/types\/product"}],"replies":[{"embeddable":true,"href":"https:\/\/baldumarket.lt\/lt\/wp-json\/wp\/v2\/comments?post=242797"}],"wp:featuredmedia":[{"embeddable":true,"href":"https:\/\/baldumarket.lt\/lt\/wp-json\/wp\/v2\/media\/242798"}],"wp:attachment":[{"href":"https:\/\/baldumarket.lt\/lt\/wp-json\/wp\/v2\/media?parent=242797"}],"wp:term":[{"taxonomy":"product_brand","embeddable":true,"href":"https:\/\/baldumarket.lt\/lt\/wp-json\/wp\/v2\/product_brand?post=242797"},{"taxonomy":"product_cat","embeddable":true,"href":"https:\/\/baldumarket.lt\/lt\/wp-json\/wp\/v2\/product_cat?post=242797"},{"taxonomy":"product_tag","embeddable":true,"href":"https:\/\/baldumarket.lt\/lt\/wp-json\/wp\/v2\/product_tag?post=242797"}],"curies":[{"name":"wp","href":"https:\/\/api.w.org\/{rel}","templated":true}]}}