{"id":242762,"date":"2026-01-02T22:53:34","date_gmt":"2026-01-02T19:53:34","guid":{"rendered":"https:\/\/baldumarket.lt\/product\/korek-do-umywalki-pati-mw3-bialy-mat\/"},"modified":"2026-02-11T18:33:58","modified_gmt":"2026-02-11T15:33:58","slug":"korek-do-umywalki-pati-mw3-bialy-mat","status":"publish","type":"product","link":"https:\/\/baldumarket.lt\/lt\/product\/korek-do-umywalki-pati-mw3-bialy-mat\/","title":{"rendered":"PATI-MW3 praustuvo ki\u0161tukas, baltas matinis"},"content":{"rendered":"<p>PATI-MW3 matin\u0117s baltos spalvos praustuvo kam\u0161tisSpecialus spragtel\u0117jimo tipo kam\u0161tis PATI-MW3 stalvir\u0161io praustuvui, matin\u0117s baltos spalvos.Matmenys:Plotis (cm): 7Gylis (cm): 7Auk\u0161tis (cm): 7,8Techniniai duomenys:Med\u017eiaga:Metalas, KeramikaSpalva:Matin\u0117 baltaForma:ApvaliKam\u0161\u010dio tipas:spragtel\u0117jimasSu perpildymo anga:NeSpecialus spragtel\u0117jimo tipo kam\u0161tis PATI-MW3 stalvir\u0161io praustuvui, matin\u0117s baltos spalvos.<\/p>","protected":false},"excerpt":{"rendered":"<p>Plotis (cm): 7<br \/>\n\u016agis (cm): 7,8<br \/>\nGylis (cm): 7<\/p>","protected":false},"featured_media":242763,"comment_status":"open","ping_status":"open","template":"","meta":[],"product_brand":[],"product_cat":[9117,2015,9188],"product_tag":[],"class_list":{"0":"post-242762","1":"product","2":"type-product","3":"status-publish","4":"has-post-thumbnail","6":"product_cat-bathroom","7":"product_cat-comad","8":"product_cat-akcesoria-comad","10":"first","11":"instock","12":"purchasable","13":"product-type-simple"},"_links":{"self":[{"href":"https:\/\/baldumarket.lt\/lt\/wp-json\/wp\/v2\/product\/242762","targetHints":{"allow":["GET"]}}],"collection":[{"href":"https:\/\/baldumarket.lt\/lt\/wp-json\/wp\/v2\/product"}],"about":[{"href":"https:\/\/baldumarket.lt\/lt\/wp-json\/wp\/v2\/types\/product"}],"replies":[{"embeddable":true,"href":"https:\/\/baldumarket.lt\/lt\/wp-json\/wp\/v2\/comments?post=242762"}],"wp:featuredmedia":[{"embeddable":true,"href":"https:\/\/baldumarket.lt\/lt\/wp-json\/wp\/v2\/media\/242763"}],"wp:attachment":[{"href":"https:\/\/baldumarket.lt\/lt\/wp-json\/wp\/v2\/media?parent=242762"}],"wp:term":[{"taxonomy":"product_brand","embeddable":true,"href":"https:\/\/baldumarket.lt\/lt\/wp-json\/wp\/v2\/product_brand?post=242762"},{"taxonomy":"product_cat","embeddable":true,"href":"https:\/\/baldumarket.lt\/lt\/wp-json\/wp\/v2\/product_cat?post=242762"},{"taxonomy":"product_tag","embeddable":true,"href":"https:\/\/baldumarket.lt\/lt\/wp-json\/wp\/v2\/product_tag?post=242762"}],"curies":[{"name":"wp","href":"https:\/\/api.w.org\/{rel}","templated":true}]}}