{"id":242716,"date":"2026-01-02T22:53:16","date_gmt":"2026-01-02T19:53:16","guid":{"rendered":"https:\/\/baldumarket.lt\/product\/korek-do-umywalek-comad-szary\/"},"modified":"2026-02-11T18:33:59","modified_gmt":"2026-02-11T15:33:59","slug":"korek-do-umywalek-comad-szary","status":"publish","type":"product","link":"https:\/\/baldumarket.lt\/lt\/product\/korek-do-umywalek-comad-szary\/","title":{"rendered":"Comad praustuvo kam\u0161tis pilkas"},"content":{"rendered":"<p>\u201eComad\u201c pilkas praustuvo kam\u0161tis. \u201eComad\u201c spragtel\u0117jimo tipo praustuvo kam\u0161tis, pilkos spalvos. Matmenys: Plotis (cm): 7 Gylis (cm): 7 Auk\u0161tis (cm): 7,8 Techniniai duomenys: Med\u017eiaga: Metalas, Keramika Spalva: Pilka Forma: Apvali Kam\u0161\u010dio tipas: spragtel\u0117jimo tipo Su perpildymo anga: Ne \u201eComad\u201c spragtel\u0117jimo tipo praustuvo kam\u0161tis, pilkos spalvos.<\/p>","protected":false},"excerpt":{"rendered":"<p>Plotis (cm): 7<br \/>\n\u016agis (cm): 7,8<br \/>\nGylis (cm): 7<\/p>","protected":false},"featured_media":242717,"comment_status":"open","ping_status":"open","template":"","meta":[],"product_brand":[],"product_cat":[9117,2015,9188],"product_tag":[],"class_list":{"0":"post-242716","1":"product","2":"type-product","3":"status-publish","4":"has-post-thumbnail","6":"product_cat-bathroom","7":"product_cat-comad","8":"product_cat-akcesoria-comad","10":"first","11":"instock","12":"purchasable","13":"product-type-simple"},"_links":{"self":[{"href":"https:\/\/baldumarket.lt\/lt\/wp-json\/wp\/v2\/product\/242716","targetHints":{"allow":["GET"]}}],"collection":[{"href":"https:\/\/baldumarket.lt\/lt\/wp-json\/wp\/v2\/product"}],"about":[{"href":"https:\/\/baldumarket.lt\/lt\/wp-json\/wp\/v2\/types\/product"}],"replies":[{"embeddable":true,"href":"https:\/\/baldumarket.lt\/lt\/wp-json\/wp\/v2\/comments?post=242716"}],"wp:featuredmedia":[{"embeddable":true,"href":"https:\/\/baldumarket.lt\/lt\/wp-json\/wp\/v2\/media\/242717"}],"wp:attachment":[{"href":"https:\/\/baldumarket.lt\/lt\/wp-json\/wp\/v2\/media?parent=242716"}],"wp:term":[{"taxonomy":"product_brand","embeddable":true,"href":"https:\/\/baldumarket.lt\/lt\/wp-json\/wp\/v2\/product_brand?post=242716"},{"taxonomy":"product_cat","embeddable":true,"href":"https:\/\/baldumarket.lt\/lt\/wp-json\/wp\/v2\/product_cat?post=242716"},{"taxonomy":"product_tag","embeddable":true,"href":"https:\/\/baldumarket.lt\/lt\/wp-json\/wp\/v2\/product_tag?post=242716"}],"curies":[{"name":"wp","href":"https:\/\/api.w.org\/{rel}","templated":true}]}}