{"id":242685,"date":"2026-01-02T22:53:04","date_gmt":"2026-01-02T19:53:04","guid":{"rendered":"https:\/\/baldumarket.lt\/product\/klasyczna-umywalka-meblowa-cfp-65-cm\/"},"modified":"2026-02-11T18:33:59","modified_gmt":"2026-02-11T15:33:59","slug":"klasyczna-umywalka-meblowa-cfp-65-cm","status":"publish","type":"product","link":"https:\/\/baldumarket.lt\/lt\/product\/klasyczna-umywalka-meblowa-cfp-65-cm\/","title":{"rendered":"Klasikinis CFP baldinis praustuvas \u2013 65 cm"},"content":{"rendered":"<p>\u0160is 65 cm plo\u010dio keraminis praustuvas pasi\u017eymi klasikiniu stiliumi ir yra pagamintas i\u0161 auk\u0161\u010diausios kokyb\u0117s santechnikos. Jame yra standartin\u0117 mai\u0161ytuvo anga ir perpildymo anga.<\/p>","protected":false},"excerpt":{"rendered":"<p>Plotis (cm): 66<br \/>\n\u016agis (cm): 18<br \/>\nGylis (cm): 43<\/p>","protected":false},"featured_media":242447,"comment_status":"open","ping_status":"open","template":"","meta":[],"product_brand":[],"product_cat":[9117,2015,9185],"product_tag":[],"class_list":{"0":"post-242685","1":"product","2":"type-product","3":"status-publish","4":"has-post-thumbnail","6":"product_cat-bathroom","7":"product_cat-comad","8":"product_cat-washbasin-comad","10":"first","11":"instock","12":"purchasable","13":"product-type-simple"},"_links":{"self":[{"href":"https:\/\/baldumarket.lt\/lt\/wp-json\/wp\/v2\/product\/242685","targetHints":{"allow":["GET"]}}],"collection":[{"href":"https:\/\/baldumarket.lt\/lt\/wp-json\/wp\/v2\/product"}],"about":[{"href":"https:\/\/baldumarket.lt\/lt\/wp-json\/wp\/v2\/types\/product"}],"replies":[{"embeddable":true,"href":"https:\/\/baldumarket.lt\/lt\/wp-json\/wp\/v2\/comments?post=242685"}],"wp:featuredmedia":[{"embeddable":true,"href":"https:\/\/baldumarket.lt\/lt\/wp-json\/wp\/v2\/media\/242447"}],"wp:attachment":[{"href":"https:\/\/baldumarket.lt\/lt\/wp-json\/wp\/v2\/media?parent=242685"}],"wp:term":[{"taxonomy":"product_brand","embeddable":true,"href":"https:\/\/baldumarket.lt\/lt\/wp-json\/wp\/v2\/product_brand?post=242685"},{"taxonomy":"product_cat","embeddable":true,"href":"https:\/\/baldumarket.lt\/lt\/wp-json\/wp\/v2\/product_cat?post=242685"},{"taxonomy":"product_tag","embeddable":true,"href":"https:\/\/baldumarket.lt\/lt\/wp-json\/wp\/v2\/product_tag?post=242685"}],"curies":[{"name":"wp","href":"https:\/\/api.w.org\/{rel}","templated":true}]}}