{"id":242609,"date":"2026-01-02T22:52:34","date_gmt":"2026-01-02T19:52:34","guid":{"rendered":"https:\/\/baldumarket.lt\/product\/havana-blat-100-cm\/"},"modified":"2026-02-11T18:34:02","modified_gmt":"2026-02-11T15:34:02","slug":"havana-blat-100-cm","status":"publish","type":"product","link":"https:\/\/baldumarket.lt\/lt\/product\/havana-blat-100-cm\/","title":{"rendered":"Havana stalvir\u0161is 100 cm"},"content":{"rendered":"<p>Modernaus klasikinio stiliaus vonios kambario baldai i\u0161 \u201eHavana White\u201c kolekcijos patiks tiems, kurie vertina originalum\u0105, gaivum\u0105 ir netradicinius sprendimus. Frezuoti balti fasadai kartu su betoniniu stalvir\u0161iu ir juodomis ranken\u0117l\u0117mis sujungia klasikin\u0119 elegancij\u0105 ir modernum\u0105. Kolekcijoje yra auk\u0161tos spintel\u0117s, praustuv\u0173 spintel\u0117s ir spintel\u0117s su veidrod\u017eiais. Veidrodin\u0117s spintel\u0117s ir spintel\u0117s yra \u012fvairi\u0173 dyd\u017ei\u0173, su \u012fmontuota kriaukle arba stalvir\u0161iu su \u012fmontuota kriaukle. Kolekcijai b\u016bdingas unikalus dizainas ir puikiai deran\u010dios spalvos. \u201eHavana\u201c kolekcijos baldai sukurti atsi\u017evelgiant \u012f naujausias interjero dizaino tendencijas.<\/p>","protected":false},"excerpt":{"rendered":"<p>Auk\u0161tis (cm): 2<br \/>\nPlotis (cm): 100<br \/>\nGylis (cm): 47<\/p>","protected":false},"featured_media":242610,"comment_status":"open","ping_status":"open","template":"","meta":[],"product_brand":[],"product_cat":[9117,2015,9184],"product_tag":[],"class_list":{"0":"post-242609","1":"product","2":"type-product","3":"status-publish","4":"has-post-thumbnail","6":"product_cat-bathroom","7":"product_cat-comad","8":"product_cat-countertops-comad","10":"first","11":"instock","12":"purchasable","13":"product-type-simple"},"_links":{"self":[{"href":"https:\/\/baldumarket.lt\/lt\/wp-json\/wp\/v2\/product\/242609","targetHints":{"allow":["GET"]}}],"collection":[{"href":"https:\/\/baldumarket.lt\/lt\/wp-json\/wp\/v2\/product"}],"about":[{"href":"https:\/\/baldumarket.lt\/lt\/wp-json\/wp\/v2\/types\/product"}],"replies":[{"embeddable":true,"href":"https:\/\/baldumarket.lt\/lt\/wp-json\/wp\/v2\/comments?post=242609"}],"wp:featuredmedia":[{"embeddable":true,"href":"https:\/\/baldumarket.lt\/lt\/wp-json\/wp\/v2\/media\/242610"}],"wp:attachment":[{"href":"https:\/\/baldumarket.lt\/lt\/wp-json\/wp\/v2\/media?parent=242609"}],"wp:term":[{"taxonomy":"product_brand","embeddable":true,"href":"https:\/\/baldumarket.lt\/lt\/wp-json\/wp\/v2\/product_brand?post=242609"},{"taxonomy":"product_cat","embeddable":true,"href":"https:\/\/baldumarket.lt\/lt\/wp-json\/wp\/v2\/product_cat?post=242609"},{"taxonomy":"product_tag","embeddable":true,"href":"https:\/\/baldumarket.lt\/lt\/wp-json\/wp\/v2\/product_tag?post=242609"}],"curies":[{"name":"wp","href":"https:\/\/api.w.org\/{rel}","templated":true}]}}