{"id":242592,"date":"2026-01-02T22:52:28","date_gmt":"2026-01-02T19:52:28","guid":{"rendered":"https:\/\/baldumarket.lt\/product\/hampton-slupek-wysoki\/"},"modified":"2026-02-11T18:34:02","modified_gmt":"2026-02-11T15:34:02","slug":"hampton-slupek-wysoki","status":"publish","type":"product","link":"https:\/\/baldumarket.lt\/lt\/product\/hampton-slupek-wysoki\/","title":{"rendered":"Hamptono auk\u0161tasis postas"},"content":{"rendered":"<p>Grie\u017etas lofto stilius, ap\u0161iltintas med\u017eiu, patiks tiems, kurie vertina originalum\u0105, modernum\u0105 ir netradicinius sprendimus. Betono fasadai kartu su Hunton \u0105\u017euolu sujungia klasikin\u0119 elegancij\u0105 ir modernum\u0105. Kolekcijoje yra auk\u0161ta spintel\u0117, praustuvo spintel\u0117 ir veidrodin\u0117 spintel\u0117. Kolekcijai b\u016bdingas unikalus dizainas ir puikiai deran\u010dios spalvos. \u201eHampton\u201c kolekcijos baldai sukurti atsi\u017evelgiant \u012f naujausias interjero dizaino tendencijas.<\/p>","protected":false},"excerpt":{"rendered":"<p>\u016agis (cm): 170<br \/>\nPlotis (cm): 40<br \/>\nGylis (cm): 33<\/p>","protected":false},"featured_media":242593,"comment_status":"open","ping_status":"open","template":"","meta":[],"product_brand":[],"product_cat":[9117,2015,9187],"product_tag":[],"class_list":{"0":"post-242592","1":"product","2":"type-product","3":"status-publish","4":"has-post-thumbnail","6":"product_cat-bathroom","7":"product_cat-comad","8":"product_cat-washbasin-cabinet-comad","10":"first","11":"instock","12":"purchasable","13":"product-type-simple"},"_links":{"self":[{"href":"https:\/\/baldumarket.lt\/lt\/wp-json\/wp\/v2\/product\/242592","targetHints":{"allow":["GET"]}}],"collection":[{"href":"https:\/\/baldumarket.lt\/lt\/wp-json\/wp\/v2\/product"}],"about":[{"href":"https:\/\/baldumarket.lt\/lt\/wp-json\/wp\/v2\/types\/product"}],"replies":[{"embeddable":true,"href":"https:\/\/baldumarket.lt\/lt\/wp-json\/wp\/v2\/comments?post=242592"}],"wp:featuredmedia":[{"embeddable":true,"href":"https:\/\/baldumarket.lt\/lt\/wp-json\/wp\/v2\/media\/242593"}],"wp:attachment":[{"href":"https:\/\/baldumarket.lt\/lt\/wp-json\/wp\/v2\/media?parent=242592"}],"wp:term":[{"taxonomy":"product_brand","embeddable":true,"href":"https:\/\/baldumarket.lt\/lt\/wp-json\/wp\/v2\/product_brand?post=242592"},{"taxonomy":"product_cat","embeddable":true,"href":"https:\/\/baldumarket.lt\/lt\/wp-json\/wp\/v2\/product_cat?post=242592"},{"taxonomy":"product_tag","embeddable":true,"href":"https:\/\/baldumarket.lt\/lt\/wp-json\/wp\/v2\/product_tag?post=242592"}],"curies":[{"name":"wp","href":"https:\/\/api.w.org\/{rel}","templated":true}]}}