{"id":242555,"date":"2026-01-02T22:52:15","date_gmt":"2026-01-02T19:52:15","guid":{"rendered":"https:\/\/baldumarket.lt\/product\/drewniany-slupek-romantic-bialy\/"},"modified":"2026-02-11T18:34:03","modified_gmt":"2026-02-11T15:34:03","slug":"drewniany-slupek-romantic-bialy","status":"publish","type":"product","link":"https:\/\/baldumarket.lt\/lt\/product\/drewniany-slupek-romantic-bialy\/","title":{"rendered":"Romanti\u0161kas baltas medinis stulpas"},"content":{"rendered":"<p>\u201eRomantic\u201c kolekcijos baldai pasi\u017eymi subtilumu ir nepaprastu gro\u017eiu, sukurdami palaiming\u0105 ir maloni\u0105 atmosfer\u0105 bet kuriame vonios kambaryje. Daugyb\u0117 dekoratyvini\u0173 element\u0173, toki\u0173 kaip grioveliai fasaduose, dekoratyvin\u0117s ranken\u0117l\u0117s ir stilizuoti vyriai, pabr\u0117\u017eia romanti\u0161k\u0105 visos kolekcijos charakter\u012f. Serij\u0105 sudaro \u012fvairi\u0173 dyd\u017ei\u0173 ir paskirties spintel\u0117s. Be praustuv\u0173 spinteli\u0173, komplekte taip pat yra auk\u0161tos, \u017eemos ir prie sienos montuojamos spintel\u0117s. Pasi\u016blymas taip pat apima skoning\u0105 vitrinin\u0119 spintel\u0119 ir eleganti\u0161k\u0105 veidrod\u012f, kurie neabejotinai pad\u0117s sukurti rafinuot\u0105 interjer\u0105. Visi \u201eRomantic\u201c kolekcijos baldai pagaminti i\u0161 med\u017eio, yra tvirti, patvar\u016bs ir atspar\u016bs nuolat kintan\u010dioms tendencijoms.<\/p>","protected":false},"excerpt":{"rendered":"<p>Plotis (cm): 45<br \/>\n\u016agis (cm): 190<br \/>\nGylis (cm): 30<\/p>","protected":false},"featured_media":242544,"comment_status":"open","ping_status":"open","template":"","meta":[],"product_brand":[],"product_cat":[9117,2015,9187],"product_tag":[],"class_list":{"0":"post-242555","1":"product","2":"type-product","3":"status-publish","4":"has-post-thumbnail","6":"product_cat-bathroom","7":"product_cat-comad","8":"product_cat-washbasin-cabinet-comad","10":"first","11":"instock","12":"purchasable","13":"product-type-simple"},"_links":{"self":[{"href":"https:\/\/baldumarket.lt\/lt\/wp-json\/wp\/v2\/product\/242555","targetHints":{"allow":["GET"]}}],"collection":[{"href":"https:\/\/baldumarket.lt\/lt\/wp-json\/wp\/v2\/product"}],"about":[{"href":"https:\/\/baldumarket.lt\/lt\/wp-json\/wp\/v2\/types\/product"}],"replies":[{"embeddable":true,"href":"https:\/\/baldumarket.lt\/lt\/wp-json\/wp\/v2\/comments?post=242555"}],"wp:featuredmedia":[{"embeddable":true,"href":"https:\/\/baldumarket.lt\/lt\/wp-json\/wp\/v2\/media\/242544"}],"wp:attachment":[{"href":"https:\/\/baldumarket.lt\/lt\/wp-json\/wp\/v2\/media?parent=242555"}],"wp:term":[{"taxonomy":"product_brand","embeddable":true,"href":"https:\/\/baldumarket.lt\/lt\/wp-json\/wp\/v2\/product_brand?post=242555"},{"taxonomy":"product_cat","embeddable":true,"href":"https:\/\/baldumarket.lt\/lt\/wp-json\/wp\/v2\/product_cat?post=242555"},{"taxonomy":"product_tag","embeddable":true,"href":"https:\/\/baldumarket.lt\/lt\/wp-json\/wp\/v2\/product_tag?post=242555"}],"curies":[{"name":"wp","href":"https:\/\/api.w.org\/{rel}","templated":true}]}}