{"id":242541,"date":"2026-01-02T22:52:09","date_gmt":"2026-01-02T19:52:09","guid":{"rendered":"https:\/\/baldumarket.lt\/product\/drewniane-meble-lazienkowe-romantic-85\/"},"modified":"2026-02-11T18:34:03","modified_gmt":"2026-02-11T15:34:03","slug":"drewniane-meble-lazienkowe-romantic-85","status":"publish","type":"product","link":"https:\/\/baldumarket.lt\/lt\/product\/drewniane-meble-lazienkowe-romantic-85\/","title":{"rendered":"Mediniai vonios kambario baldai Romantic 85"},"content":{"rendered":"<p>\u201eRomantic\u201c kolekcijos baldai pasi\u017eymi subtilumu ir nepaprastu gro\u017eiu, sukurdami palaiming\u0105 ir maloni\u0105 atmosfer\u0105 bet kuriame vonios kambaryje. Daugyb\u0117 dekoratyvini\u0173 element\u0173, toki\u0173 kaip grioveliai fasaduose, dekoratyvin\u0117s ranken\u0117l\u0117s ir stilizuoti vyriai, pabr\u0117\u017eia romanti\u0161k\u0105 visos kolekcijos charakter\u012f. Serij\u0105 sudaro \u012fvairi\u0173 dyd\u017ei\u0173 ir paskirties spintel\u0117s. Be praustuv\u0173, komplekte taip pat yra auk\u0161tos, \u017eemos ir prie sienos montuojamos spintel\u0117s. \u012e pasi\u016blym\u0105 taip pat \u012feina skoninga vitrina ir eleganti\u0161kas veidrodis, leid\u017eiantys sukurti rafinuot\u0105 interjer\u0105. Visi \u201eRomantic\u201c kolekcijos baldai yra pagaminti i\u0161 med\u017eio, yra tvirti, patvar\u016bs ir atspar\u016bs nuolat kintan\u010dioms tendencijoms. \u201eRomantic\u201c kolekcijos baldai pasi\u017eymi subtilumu ir nepaprastu gro\u017eiu, sukurdami palaiming\u0105 ir maloni\u0105 atmosfer\u0105 bet kuriame vonios kambaryje. Daugyb\u0117 dekoratyvini\u0173 element\u0173, toki\u0173 kaip grioveliai fasaduose, dekoratyvin\u0117s ranken\u0117l\u0117s ir stilizuoti vyriai, pabr\u0117\u017eia romanti\u0161k\u0105 visos kolekcijos charakter\u012f. Serij\u0105 sudaro \u012fvairi\u0173 dyd\u017ei\u0173 ir paskirties spintel\u0117s. Be praustuv\u0173, komplekte taip pat yra auk\u0161tos, \u017eemos ir prie sienos montuojamos spintel\u0117s. Be to, \u012f pasi\u016blym\u0105 \u012feina stilinga vitrina ir eleganti\u0161kas veidrodis, kurie neabejotinai pad\u0117s sukurti rafinuot\u0105 interjer\u0105. Visi \u201eRomantic\u201c kolekcijos baldai pagaminti i\u0161 med\u017eio, yra tvirti, patvar\u016bs ir niekada nekei\u010diantys.<\/p>","protected":false},"excerpt":{"rendered":"<p>Priekin\u0117 med\u017eiaga: nat\u016brali mediena<br \/>\n85 cm plo\u010dio praustuvo spintel\u0117s (85 \/ 47 \/ 83) Auk\u0161tos spintel\u0117s (45 \/ 30 \/ 190) \u017demos spintel\u0117s (45 \/ 30 \/ 85) Pakabinamos spintel\u0117s (45 \/ 25 \/ 65) Veidrod\u017eiai (80 \/ 8 \/ 70)<\/p>","protected":false},"featured_media":242542,"comment_status":"open","ping_status":"open","template":"","meta":[],"product_brand":[],"product_cat":[9117,2015,9183],"product_tag":[],"class_list":{"0":"post-242541","1":"product","2":"type-product","3":"status-publish","4":"has-post-thumbnail","6":"product_cat-bathroom","7":"product_cat-comad","8":"product_cat-bathroom-furniture-sets-comad","10":"first","11":"instock","12":"purchasable","13":"product-type-simple"},"_links":{"self":[{"href":"https:\/\/baldumarket.lt\/lt\/wp-json\/wp\/v2\/product\/242541","targetHints":{"allow":["GET"]}}],"collection":[{"href":"https:\/\/baldumarket.lt\/lt\/wp-json\/wp\/v2\/product"}],"about":[{"href":"https:\/\/baldumarket.lt\/lt\/wp-json\/wp\/v2\/types\/product"}],"replies":[{"embeddable":true,"href":"https:\/\/baldumarket.lt\/lt\/wp-json\/wp\/v2\/comments?post=242541"}],"wp:featuredmedia":[{"embeddable":true,"href":"https:\/\/baldumarket.lt\/lt\/wp-json\/wp\/v2\/media\/242542"}],"wp:attachment":[{"href":"https:\/\/baldumarket.lt\/lt\/wp-json\/wp\/v2\/media?parent=242541"}],"wp:term":[{"taxonomy":"product_brand","embeddable":true,"href":"https:\/\/baldumarket.lt\/lt\/wp-json\/wp\/v2\/product_brand?post=242541"},{"taxonomy":"product_cat","embeddable":true,"href":"https:\/\/baldumarket.lt\/lt\/wp-json\/wp\/v2\/product_cat?post=242541"},{"taxonomy":"product_tag","embeddable":true,"href":"https:\/\/baldumarket.lt\/lt\/wp-json\/wp\/v2\/product_tag?post=242541"}],"curies":[{"name":"wp","href":"https:\/\/api.w.org\/{rel}","templated":true}]}}