{"id":242528,"date":"2026-01-02T22:52:05","date_gmt":"2026-01-02T19:52:05","guid":{"rendered":"https:\/\/baldumarket.lt\/product\/drewniane-meble-lazienkowe-retro-85\/"},"modified":"2026-02-11T18:34:03","modified_gmt":"2026-02-11T15:34:03","slug":"drewniane-meble-lazienkowe-retro-85","status":"publish","type":"product","link":"https:\/\/baldumarket.lt\/lt\/product\/drewniane-meble-lazienkowe-retro-85\/","title":{"rendered":"Mediniai vonios baldai Retro 85"},"content":{"rendered":"<p>\u201eRetro\u201c \u2013 tai vonios kambario bald\u0173 kolekcija, kuri savo forma ir ry\u0161kiomis spalvomis primena retro stili\u0173. Joje derinamas rafinuotas dizainas, sodr\u016bs dekoratyviniai akcentai ir nat\u016bralios medienos didyb\u0117. Serij\u0105 sudaro dvi 65 ir 85 cm dyd\u017eio praustuvo spintel\u0117s, viena \u017eema apatin\u0117 spintel\u0117 ir viena prie sienos montuojama spintel\u0117. Taip pat galima \u012fsigyti funkcionali\u0105 auk\u0161t\u0105 spintel\u0119, kurioje yra daug vietos visiems j\u016bs\u0173 vonios kambario reikmenims. Tiek auk\u0161tos, tiek prie sienos montuojamos spintel\u0117s durys yra su klasikinio dizaino \u012fkv\u0117ptomis stiklin\u0117mis panel\u0117mis. Interjeras, apstatytas \u201eRetro\u201c kolekcijos baldais, \u012fgaus rafinuot\u0105 charakter\u012f, o vartotojai \u012fvertins j\u0173 nesenstan\u010di\u0105 estetik\u0105.<\/p>","protected":false},"excerpt":{"rendered":"<p>Priekin\u0117 med\u017eiaga: nat\u016brali mediena<br \/>\n85 cm plo\u010dio spintel\u0117s su praustuvais (85 \/ 47 \/ 84) Auk\u0161tos spintel\u0117s (46 \/ 35 \/ 180) Pakabinamos spintel\u0117s (46 \/ 25 \/ 57) \u017demos spintel\u0117s (46 \/ 32 \/ 82) Veidrod\u017eiai (74 \/ 2 \/ 80)<\/p>","protected":false},"featured_media":242529,"comment_status":"open","ping_status":"open","template":"","meta":[],"product_brand":[],"product_cat":[9117,2015,9183],"product_tag":[],"class_list":{"0":"post-242528","1":"product","2":"type-product","3":"status-publish","4":"has-post-thumbnail","6":"product_cat-bathroom","7":"product_cat-comad","8":"product_cat-bathroom-furniture-sets-comad","10":"first","11":"instock","12":"purchasable","13":"product-type-simple"},"_links":{"self":[{"href":"https:\/\/baldumarket.lt\/lt\/wp-json\/wp\/v2\/product\/242528","targetHints":{"allow":["GET"]}}],"collection":[{"href":"https:\/\/baldumarket.lt\/lt\/wp-json\/wp\/v2\/product"}],"about":[{"href":"https:\/\/baldumarket.lt\/lt\/wp-json\/wp\/v2\/types\/product"}],"replies":[{"embeddable":true,"href":"https:\/\/baldumarket.lt\/lt\/wp-json\/wp\/v2\/comments?post=242528"}],"wp:featuredmedia":[{"embeddable":true,"href":"https:\/\/baldumarket.lt\/lt\/wp-json\/wp\/v2\/media\/242529"}],"wp:attachment":[{"href":"https:\/\/baldumarket.lt\/lt\/wp-json\/wp\/v2\/media?parent=242528"}],"wp:term":[{"taxonomy":"product_brand","embeddable":true,"href":"https:\/\/baldumarket.lt\/lt\/wp-json\/wp\/v2\/product_brand?post=242528"},{"taxonomy":"product_cat","embeddable":true,"href":"https:\/\/baldumarket.lt\/lt\/wp-json\/wp\/v2\/product_cat?post=242528"},{"taxonomy":"product_tag","embeddable":true,"href":"https:\/\/baldumarket.lt\/lt\/wp-json\/wp\/v2\/product_tag?post=242528"}],"curies":[{"name":"wp","href":"https:\/\/api.w.org\/{rel}","templated":true}]}}