{"id":242406,"date":"2026-01-02T22:51:18","date_gmt":"2026-01-02T19:51:18","guid":{"rendered":"https:\/\/baldumarket.lt\/product\/dalia-cashmere-szafka-pod-blat-40-cm-1-drzwi-z-koszem-na-pranie\/"},"modified":"2026-02-11T18:34:05","modified_gmt":"2026-02-11T15:34:05","slug":"dalia-cashmere-szafka-pod-blat-40-cm-1-drzwi-z-koszem-na-pranie","status":"publish","type":"product","link":"https:\/\/baldumarket.lt\/lt\/product\/dalia-cashmere-szafka-pod-blat-40-cm-1-drzwi-z-koszem-na-pranie\/","title":{"rendered":"Dalia ka\u0161myro spintel\u0117 po stalvir\u0161iu, 40 cm, 1 durel\u0117mis ir skalbini\u0173 krep\u0161iu"},"content":{"rendered":"<p>Dalia Cashmere 40 cm 1 dur\u0173 po stalvir\u0161iu montuojama spintel\u0117 su skalbini\u0173 krep\u0161iu. Dalia Cashmere spintel\u0117je yra skalbini\u0173 krep\u0161ys, pagamintas i\u0161 patvarios laminuotos plok\u0161t\u0117s. \u0160ilta ka\u0161myro spalva suteikia harmonijos, o trij\u0173 ranken\u0173 stili\u0173 pasirinkimas leid\u017eia suasmeninti. Puikiai tinka vonios kambariui, lengva surinkti. Matmenys: Plotis (cm): 40 Gylis (cm): 46 Auk\u0161tis (cm): 50 Svoris (kg): 13 Techniniai duomenys: Priekin\u0117s dalies med\u017eiaga: MDF plok\u0161t\u0117 Korpuso med\u017eiaga: Laminuota plok\u0161t\u0117 Priekin\u0117s dalies spalva: Matin\u0117 ka\u0161myro plok\u0161t\u0117 Korpuso spalva: Matin\u0117 ka\u0161myro spalva Rankenos med\u017eiaga: Plastikas Rankenos spalva: Pakuot\u0117je \u2013 blizgios auksin\u0117s, matin\u0117s juodos, blizgaus chromo Vyriai: \u0160velniai u\u017esidaro Skalbini\u0173 krep\u0161ys komplekte: Taip Montavimas patalpose: Tvirtinimas prie sienos Tvirtinimo pakuot\u0117je: Taip Surinkimas: Savaranki\u0161kas surinkimas Atraskite nepaprast\u0105 elegancij\u0105 ir funkcionalum\u0105 su 40 cm plo\u010dio Dalia Cashmere po stalvir\u0161iu montuojama spintele. \u0160is minimalistinis baldas yra puikus sprendimas j\u016bs\u0173 vonios kambariui, virtuvei ar net pagalbinei patalpai. Pagamintas i\u0161 auk\u0161tos kokyb\u0117s MDF, jis \u017eavi lygiais ka\u0161myro spalvos fasadais, kurie sukurs \u0161ilt\u0105 ir jauki\u0105 atmosfer\u0105. Paprastos linijos ir nereikaling\u0173 puo\u0161men\u0173 tr\u016bkumas daro \u0161i\u0105 spintel\u0119 puikiai tinka moderniam interjerui, tuo pa\u010diu suteikdamas subtilaus \u017eavesio. Gra\u017ei i\u0161vaizda ir funkcionalumas daro \u0161\u012f bald\u0105 nepakei\u010diamu. \u012emontuotas 39 litr\u0173 talpos skalbini\u0173 krep\u0161ys leid\u017eia lengvai susitvarkyti daiktus ir palaikyti tvark\u0105. Gerai apgalvoti matmenys \u2013 46 cm gylio ir 50 cm auk\u0161\u010dio \u2013 leid\u017eia spintelei puikiai tilpti bet kuriame kampe neu\u017eimant per daug vietos. Patogios rankenos trij\u0173 skirting\u0173 spalv\u0173 \u2013 blizgaus aukso, chromo ir matin\u0117s juodos \u2013 suteikia jums laisv\u0119 suasmeninti baldus. Kiekviena \u201eDalia Cashmere\u201c spintel\u0117s detal\u0117 yra kruop\u0161\u010diai apgalvota, prisidedant prie gaminio estetikos ir patvarumo. Tvirta konstrukcija, paremta laminuota plok\u0161te, garantuoja ilgalaik\u012f naudojim\u0105, o \u0161velniai u\u017esidarantys vyriai u\u017etikrina komfort\u0105 kasdienio naudojimo metu. Niekas netrukdys j\u016bs\u0173 ramyb\u0117s naudojantis \u0161ia eleganti\u0161ka spintele. Surinkimas paprastas ir nereikalauja joki\u0173 speciali\u0173 \u012fg\u016bd\u017ei\u0173, tod\u0117l galite greitai susikurti nauj\u0105 erdv\u0119 savo namuose. \u201eComad\u201c baldai pristatomi pakuot\u0117se su pilnu savaranki\u0161ko surinkimo komponent\u0173 ir instrukcij\u0173 rinkiniu. Rinkit\u0117s kokyb\u0119, komfort\u0105 ir modern\u0173 dizain\u0105 pasirinkdami \u201eDalia Cashmere\u201c spintel\u0119, kuri ne tik palaikys tvark\u0105 j\u016bs\u0173 erdv\u0117je, bet ir stilingai papuo\u0161 j\u016bs\u0173 interjer\u0105.<\/p>","protected":false},"excerpt":{"rendered":"<p>Plotis (cm): 40<br \/>\n\u016agis (cm): 50<br \/>\nGylis (cm): 46<\/p>","protected":false},"featured_media":242407,"comment_status":"open","ping_status":"open","template":"","meta":[],"product_brand":[],"product_cat":[9117,2015,9187],"product_tag":[],"class_list":{"0":"post-242406","1":"product","2":"type-product","3":"status-publish","4":"has-post-thumbnail","6":"product_cat-bathroom","7":"product_cat-comad","8":"product_cat-washbasin-cabinet-comad","10":"first","11":"instock","12":"purchasable","13":"product-type-simple"},"_links":{"self":[{"href":"https:\/\/baldumarket.lt\/lt\/wp-json\/wp\/v2\/product\/242406","targetHints":{"allow":["GET"]}}],"collection":[{"href":"https:\/\/baldumarket.lt\/lt\/wp-json\/wp\/v2\/product"}],"about":[{"href":"https:\/\/baldumarket.lt\/lt\/wp-json\/wp\/v2\/types\/product"}],"replies":[{"embeddable":true,"href":"https:\/\/baldumarket.lt\/lt\/wp-json\/wp\/v2\/comments?post=242406"}],"wp:featuredmedia":[{"embeddable":true,"href":"https:\/\/baldumarket.lt\/lt\/wp-json\/wp\/v2\/media\/242407"}],"wp:attachment":[{"href":"https:\/\/baldumarket.lt\/lt\/wp-json\/wp\/v2\/media?parent=242406"}],"wp:term":[{"taxonomy":"product_brand","embeddable":true,"href":"https:\/\/baldumarket.lt\/lt\/wp-json\/wp\/v2\/product_brand?post=242406"},{"taxonomy":"product_cat","embeddable":true,"href":"https:\/\/baldumarket.lt\/lt\/wp-json\/wp\/v2\/product_cat?post=242406"},{"taxonomy":"product_tag","embeddable":true,"href":"https:\/\/baldumarket.lt\/lt\/wp-json\/wp\/v2\/product_tag?post=242406"}],"curies":[{"name":"wp","href":"https:\/\/api.w.org\/{rel}","templated":true}]}}