{"id":242398,"date":"2026-01-02T22:51:16","date_gmt":"2026-01-02T19:51:16","guid":{"rendered":"https:\/\/baldumarket.lt\/product\/dalia-cashmere-szafka-dolna-wiszaca-cargo-20-cm-1-drzwi\/"},"modified":"2026-02-11T18:34:05","modified_gmt":"2026-02-11T15:34:05","slug":"dalia-cashmere-szafka-dolna-wiszaca-cargo-20-cm-1-drzwi","status":"publish","type":"product","link":"https:\/\/baldumarket.lt\/lt\/product\/dalia-cashmere-szafka-dolna-wiszaca-cargo-20-cm-1-drzwi\/","title":{"rendered":"Dalia ka\u0161myro krovinin\u0117 pakabinama spintel\u0117, 20 cm, 1 durys"},"content":{"rendered":"<p>\u201eDalia Cashmere Cargo\u201c pakabinama spintel\u0117, 20 cm, 1 durys. \u201eDalia Cashmere\u201c spintel\u0117 \u2013 minimalistinis ka\u0161myro spalvos baldas, suteikiantis interjerui \u0161ilumos. Dviej\u0173 lygi\u0173 daiktad\u0117\u017e\u0117s ir \u0161velnaus u\u017edarymo sistema \u2013 puikus sprendimas vonios kambariui. Trij\u0173 spalv\u0173 suasmenintos ranken\u0117l\u0117s suteikia stiliaus! Matmenys: Plotis (cm): 20 Gylis (cm): 46 Auk\u0161tis (cm): 50 Svoris (kg): 12,8 Techniniai duomenys: Priekin\u0117s dalies med\u017eiaga: laminuota plok\u0161t\u0117 Korpuso med\u017eiaga: laminuota plok\u0161t\u0117 Priekin\u0117s dalies spalva: Matinis ka\u0161myras Korpuso spalva: Matinis ka\u0161myras Rankenos med\u017eiaga: Plastikas Rankenos spalva: Pakuot\u0117je \u2013 blizgi aukso spalva, matin\u0117 juoda spalva, blizgi chromo spalva Vyriai: \u0160velnus u\u017edarymas Skalbini\u0173 krep\u0161ys komplekte: Taip Montavimo viduje b\u016bdas: Pakabinimui ant sienos Tvirtinimo pakuot\u0117 komplekte: Taip Surinkimas: Savaranki\u0161kam surinkimui Perkelkite savo interjer\u0105 \u012f nauj\u0105 elegancijos dimensij\u0105 su \u201eComad\u201c prek\u0117s \u017eenklo \u201eDalia Cashmere\u201c spintele. \u0160i \u017eemesn\u0117 prie sienos tvirtinama spintel\u0117, kurios plotis \u2013 20 cm, auk\u0161tis \u2013 50 cm, o gylis \u2013 46 cm, yra puikus sprendimas tiems, kurie nori i\u0161naudoti kiekvien\u0105 vonios kambario, virtuv\u0117s ar prie\u0161kambario erdv\u0117s centimetr\u0105. Lyg\u016bs, minimalistiniai ka\u0161myro spalvos fasadai suteiks \u0161ilumos ir harmonijos poj\u016bt\u012f bet kuriame kambaryje, sukurdami komforto zonas j\u016bs\u0173 namuose. \u201eDalia Cashmere\u201c spintel\u0117 yra ne tik esteti\u0161kai patraukli, bet ir funkcionali. Du laikymo lygiai u\u017etikrina, kad smulk\u016bs aksesuarai ir valymo priemon\u0117s visada b\u016bt\u0173 po ranka. Plonas dizainas puikiai tinka ma\u017eesn\u0117ms erdv\u0117ms, suteikdamas joms modern\u0173 ir gerai pri\u017ei\u016brim\u0105 vaizd\u0105. Tvirta laminuota plok\u0161t\u0117 u\u017etikrina ilgalaik\u012f naudojim\u0105, o kiekviena detal\u0117 yra kruop\u0161\u010diai i\u0161baigta, garantuojanti auk\u0161t\u0105 kokyb\u0119 ir stili\u0173. Si\u016blant trij\u0173 spalv\u0173 ranken\u0117les \u2013 blizgaus aukso, blizgaus chromo ir matin\u0117s juodos \u2013 spintel\u0117 leid\u017eia pritaikyti bald\u0173 i\u0161vaizd\u0105 pagal individualius pageidavimus. Tai puikus pasirinkimas tiems, kurie nori suteikti savo erdvei asmeni\u0161kumo ir vertina modern\u0173 bei minimalistin\u012f dizain\u0105. Be to, \u0161velniai u\u017esidaran\u010dios durel\u0117s leid\u017eia naudotis spintele nepaprastai patogiai ir u\u017etikrina ram\u0173 gyvenim\u0105 namuose. Nesvarbu, ar dekoruojate erdv\u0119 moderniu stiliumi, ar pridedate klasikin\u012f akcent\u0105, \u201eDalia Cashmere\u201c spintel\u0117 pateisins visus j\u016bs\u0173 l\u016bkes\u010dius. Verta pamin\u0117ti, kad baldai pristatomi butuose su savaranki\u0161ko surinkimo rinkiniu, leid\u017eian\u010diu greitai ir lengvai integruoti nauj\u0105 bald\u0105 \u012f j\u016bs\u0173 interjer\u0105. Negai\u0161kite laiko ilgoms paie\u0161koms, rinkit\u0117s \u201eDalia\u201c ir m\u0117gaukit\u0117s dizaino ir funkcionalumo harmonija savo namuose!<\/p>","protected":false},"excerpt":{"rendered":"<p>Plotis (cm): 20<br \/>\n\u016agis (cm): 50<br \/>\nGylis (cm): 46<\/p>","protected":false},"featured_media":242399,"comment_status":"open","ping_status":"open","template":"","meta":[],"product_brand":[],"product_cat":[9117,2015,9187],"product_tag":[],"class_list":{"0":"post-242398","1":"product","2":"type-product","3":"status-publish","4":"has-post-thumbnail","6":"product_cat-bathroom","7":"product_cat-comad","8":"product_cat-washbasin-cabinet-comad","10":"first","11":"instock","12":"purchasable","13":"product-type-simple"},"_links":{"self":[{"href":"https:\/\/baldumarket.lt\/lt\/wp-json\/wp\/v2\/product\/242398","targetHints":{"allow":["GET"]}}],"collection":[{"href":"https:\/\/baldumarket.lt\/lt\/wp-json\/wp\/v2\/product"}],"about":[{"href":"https:\/\/baldumarket.lt\/lt\/wp-json\/wp\/v2\/types\/product"}],"replies":[{"embeddable":true,"href":"https:\/\/baldumarket.lt\/lt\/wp-json\/wp\/v2\/comments?post=242398"}],"wp:featuredmedia":[{"embeddable":true,"href":"https:\/\/baldumarket.lt\/lt\/wp-json\/wp\/v2\/media\/242399"}],"wp:attachment":[{"href":"https:\/\/baldumarket.lt\/lt\/wp-json\/wp\/v2\/media?parent=242398"}],"wp:term":[{"taxonomy":"product_brand","embeddable":true,"href":"https:\/\/baldumarket.lt\/lt\/wp-json\/wp\/v2\/product_brand?post=242398"},{"taxonomy":"product_cat","embeddable":true,"href":"https:\/\/baldumarket.lt\/lt\/wp-json\/wp\/v2\/product_cat?post=242398"},{"taxonomy":"product_tag","embeddable":true,"href":"https:\/\/baldumarket.lt\/lt\/wp-json\/wp\/v2\/product_tag?post=242398"}],"curies":[{"name":"wp","href":"https:\/\/api.w.org\/{rel}","templated":true}]}}