{"id":242274,"date":"2026-01-02T22:50:27","date_gmt":"2026-01-02T19:50:27","guid":{"rendered":"https:\/\/baldumarket.lt\/product\/blat-lazienkowy-80-cm-ovalia-cremona\/"},"modified":"2026-04-25T23:31:02","modified_gmt":"2026-04-25T20:31:02","slug":"blat-lazienkowy-80-cm-ovalia-cremona","status":"publish","type":"product","link":"https:\/\/baldumarket.lt\/lt\/product\/blat-lazienkowy-80-cm-ovalia-cremona\/","title":{"rendered":"Vonios stalvir\u0161is 80 cm Ovalia Cremona"},"content":{"rendered":"<p>Ovalia Cremona 80 cm vonios stalvir\u0161isOvalia Cremona 80 cm vonios stalvir\u0161is, pagamintas i\u0161 MDF plok\u0161t\u0117s (Cremona Oak), derina estetik\u0105 ir funkcionalum\u0105. Suapvalinti kampai suteikia jam lengvumo poj\u016bt\u012f, o nat\u016bralus dekoras sukuria jauki\u0105 atmosfer\u0105. Sertifikuota Lenkijoje pagaminta produkcija u\u017etikrina patvarum\u0105 ir kokyb\u0119. Matmenys: Plotis (cm): 80,4 Gylis (cm): 45,8 Auk\u0161tis (cm): 2,2 Svoris (kg): 6,5 Techniniai duomenys: Med\u017eiaga: MDF Spalva: Cremona Oak Surinkimas: Savaranki\u0161kas surinkimasOvalia Cremona 80 cm vonios stalvir\u0161is yra puikus pasirinkimas visiems, norintiems savo vonios kambariui suteikti ne tik funkcionalumo, bet ir unikalaus stiliaus. Eleganti\u0161ka forma, pasi\u017eyminti suapvalintais kampais, paver\u010dia j\u012f unikaliu apdailos elementu, puikiai deran\u010diu su tos pa\u010dios linijos spintel\u0117mis. \u0160iltas Cremona Oak atspalvis suteikia interjerui jaukumo ir \u017eavi nat\u016braliu medienos gro\u017eiu, padidindamas ir komfort\u0105, ir estetik\u0105. \u0160\u012f stalvir\u0161\u012f daro unikal\u0173 ne tik dizainas; ne ma\u017eiau svarbus yra jo prakti\u0161kumas. Pagamintas i\u0161 patvaraus MDF, stalvir\u0161is u\u017etikrina ilgaam\u017ei\u0161kum\u0105 ir lengv\u0105 valym\u0105, o tai labai svarbu tokiose erdv\u0117se kaip vonios kambarys, kur higiena yra svarbiausia. D\u0117l auk\u0161\u010diausius standartus atitinkan\u010di\u0173 med\u017eiag\u0173 naudojimo galite b\u016bti tikri, kad gaminys yra tvirtas ir atsparus kasdieniam naudojimui. 80 cm \u201eOvalia Cremona\u201c vonios kambario stalvir\u0161is taip pat gaminamas Lenkijoje, u\u017etikrinant kokybi\u0161k\u0105 meistri\u0161kum\u0105 ir d\u0117mes\u012f detal\u0117ms. Kiekvienas kolekcijos elementas buvo sukurtas atsi\u017evelgiant \u012f prakti\u0161kum\u0105 ir estetik\u0105, tod\u0117l j\u016bs\u0173 vonios kambarys tampa atsipalaidavimo ir gerov\u0117s vieta. Be to, FSC sertifikatas patvirtina, kad gamyboje naudojamos med\u017eiagos yra atsakingai surinktos, o tai rodo r\u016bpest\u012f aplinka. Nepamir\u0161kite, kad stalvir\u0161\u012f paprasta sumontuoti ir j\u012f galima montuoti atskirai. Tiesiog i\u0161gr\u0119\u017ekite i\u0161leidimo ang\u0105, kad gal\u0117tum\u0117te lengvai pritaikyti j\u012f pagal savo individualius poreikius. Pasirinkdami stalvir\u0161\u012f i\u0161 \u201eOvalia Cremona\u201c kolekcijos, investuojate \u012f element\u0105, kuris derina gro\u017e\u012f, funkcionalum\u0105 ir ekologi\u0161kum\u0105, suteikdamas j\u016bs\u0173 vonios kambariui nauj\u0105 spindes\u012f.<\/p>","protected":false},"excerpt":{"rendered":"<p>Plotis (cm): 80,4<br \/>\n\u016agis (cm): 2,2<br \/>\nGylis (cm): 45,8<\/p>","protected":false},"featured_media":242275,"comment_status":"open","ping_status":"open","template":"","meta":[],"product_brand":[],"product_cat":[9117,2015,9184],"product_tag":[],"class_list":{"0":"post-242274","1":"product","2":"type-product","3":"status-publish","4":"has-post-thumbnail","6":"product_cat-bathroom","7":"product_cat-comad","8":"product_cat-countertops-comad","10":"first","11":"instock","12":"purchasable","13":"product-type-simple"},"_links":{"self":[{"href":"https:\/\/baldumarket.lt\/lt\/wp-json\/wp\/v2\/product\/242274","targetHints":{"allow":["GET"]}}],"collection":[{"href":"https:\/\/baldumarket.lt\/lt\/wp-json\/wp\/v2\/product"}],"about":[{"href":"https:\/\/baldumarket.lt\/lt\/wp-json\/wp\/v2\/types\/product"}],"replies":[{"embeddable":true,"href":"https:\/\/baldumarket.lt\/lt\/wp-json\/wp\/v2\/comments?post=242274"}],"wp:featuredmedia":[{"embeddable":true,"href":"https:\/\/baldumarket.lt\/lt\/wp-json\/wp\/v2\/media\/242275"}],"wp:attachment":[{"href":"https:\/\/baldumarket.lt\/lt\/wp-json\/wp\/v2\/media?parent=242274"}],"wp:term":[{"taxonomy":"product_brand","embeddable":true,"href":"https:\/\/baldumarket.lt\/lt\/wp-json\/wp\/v2\/product_brand?post=242274"},{"taxonomy":"product_cat","embeddable":true,"href":"https:\/\/baldumarket.lt\/lt\/wp-json\/wp\/v2\/product_cat?post=242274"},{"taxonomy":"product_tag","embeddable":true,"href":"https:\/\/baldumarket.lt\/lt\/wp-json\/wp\/v2\/product_tag?post=242274"}],"curies":[{"name":"wp","href":"https:\/\/api.w.org\/{rel}","templated":true}]}}