{"id":242236,"date":"2026-01-02T22:50:14","date_gmt":"2026-01-02T19:50:14","guid":{"rendered":"https:\/\/baldumarket.lt\/product\/blat-lazienkowy-80-cm-donna-sand-bez-piaskowy\/"},"modified":"2026-02-11T18:34:10","modified_gmt":"2026-02-11T15:34:10","slug":"blat-lazienkowy-80-cm-donna-sand-bez-piaskowy","status":"publish","type":"product","link":"https:\/\/baldumarket.lt\/lt\/product\/blat-lazienkowy-80-cm-donna-sand-bez-piaskowy\/","title":{"rendered":"Donna Sand vonios stalvir\u0161is, 80 cm, sm\u0117lio spalvos"},"content":{"rendered":"<p>\u201eDonna Sand\u201c 80 cm vonios stalvir\u0161is sm\u0117lio sm\u0117lio spalvos. Sukurkite eleganti\u0161k\u0105 vonios kambar\u012f su \u201eDonna Sand\u201c sm\u0117lio sm\u0117lio spalvos stalvir\u0161iu. Pagamintas i\u0161 MDF, jis sujungia patvarum\u0105 ir lengv\u0105 valym\u0105. Lenki\u0161kas gaminys, puikiai derantis prie \u201eDonna Sand\u201c kolekcijos. Paprastas surinkimas u\u017etikrina ilgamet\u012f komfort\u0105. Matmenys: Plotis (cm): 80,6 Gylis (cm): 46,5 Auk\u0161tis (cm): 2,2 Svoris (kg): 8,2 Techniniai duomenys: Med\u017eiaga: MDF Spalva: Sm\u0117lio sm\u0117lio spalvos Surinkimas: Savaranki\u0161kas surinkimas \u201eDonna Sand\u201c 80 cm vonios stalvir\u0161is sm\u0117lio sm\u0117lio spalvos yra tobulas stiliaus ir funkcionalumo derinys, kuris papuo\u0161 bet kur\u012f vonios kambar\u012f. Eleganti\u0161ka, \u0161ilta sm\u0117lio sm\u0117lio spalva suteikia interjerui jaukumo ir harmonijos, kartu puikiai dera su moderniu dizainu. 80,6 cm plo\u010dio \u0161is stalvir\u0161is suteikia pakankamai erdv\u0117s, kad b\u016bt\u0173 eleganti\u0161ka erdv\u0117 kasdieniams gro\u017eio ritualams. D\u0117l subtilaus dizaino jis lengvai dera prie \u012fvairi\u0173 interjero dizain\u0173 \u2013 nuo klasikinio iki modernaus.<\/p>\n<p>Stalvir\u0161is pagamintas i\u0161 MDF plok\u0161t\u0117s, padengtos PVC folija, tod\u0117l u\u017etikrinamas ne tik estetinis vaizdas, bet ir i\u0161skirtinis patvarumas. Lenki\u0161ka gamyba naudojant FSC sertifikuotas med\u017eiagas u\u017etikrina auk\u0161t\u0105 kokyb\u0119, u\u017etikrinan\u010di\u0105, kad stalvir\u0161is tarnaus ilgus metus. Kruop\u0161tus detali\u0173 apdirbimas ir precizi\u0161kas meistri\u0161kumas u\u017etikrina, kad kiekvienas elementas b\u016bt\u0173 kruop\u0161\u010diai suprojektuotas ne tik gra\u017eiai atrodyt\u0173, bet ir b\u016bt\u0173 prakti\u0161kas kasdieniam naudojimui.<\/p>\n<p>Stalvir\u0161io pavir\u0161ius lengvai valomas, tod\u0117l vonios kambario prie\u017ei\u016bra yra greita ir paprasta. D\u0117l prakti\u0161kumo stalvir\u0161is surenkamas savaranki\u0161kai, tod\u0117l j\u012f lengva pritaikyti prie savo poreiki\u0173. Montuodami kriaukl\u0119, tiesiog i\u0161pjaukite skyl\u0119 sifonui ir gal\u0117site visi\u0161kai kontroliuoti erdv\u0117s i\u0161d\u0117stym\u0105 bei funkcionalum\u0105.<\/p>\n<p>Pasirinkdami 80 cm \u201eDonna Sand Beige\u201c vonios stalvir\u0161\u012f, investuojate \u012f gamin\u012f, kuris derina estetik\u0105 ir komfort\u0105. Tai daugiau nei stalvir\u0161is \u2013 tai dizaino elementas, kuris pakels j\u016bs\u0173 interjer\u0105 \u012f auk\u0161tumas, sukurdamas unikali\u0105 atmosfer\u0105, kurioje jausit\u0117s atsipalaidav\u0119 ir gerai pri\u017ei\u016brimi. Atraskite, kiek daug skirtumo j\u016bs\u0173 vonios kambaryje gali tur\u0117ti detal\u0117s, ir leiskite \u0161iam eleganti\u0161kam stalvir\u0161iui tapti \u0161ios svarbios erdv\u0117s traukos centru.<\/p>","protected":false},"excerpt":{"rendered":"<p>Plotis (cm): 80,6<br \/>\n\u016agis (cm): 2,2<br \/>\nGylis (cm): 46,5<\/p>","protected":false},"featured_media":242237,"comment_status":"open","ping_status":"open","template":"","meta":[],"product_brand":[],"product_cat":[9117,2015,9184],"product_tag":[],"class_list":{"0":"post-242236","1":"product","2":"type-product","3":"status-publish","4":"has-post-thumbnail","6":"product_cat-bathroom","7":"product_cat-comad","8":"product_cat-countertops-comad","10":"first","11":"instock","12":"purchasable","13":"product-type-simple"},"_links":{"self":[{"href":"https:\/\/baldumarket.lt\/lt\/wp-json\/wp\/v2\/product\/242236","targetHints":{"allow":["GET"]}}],"collection":[{"href":"https:\/\/baldumarket.lt\/lt\/wp-json\/wp\/v2\/product"}],"about":[{"href":"https:\/\/baldumarket.lt\/lt\/wp-json\/wp\/v2\/types\/product"}],"replies":[{"embeddable":true,"href":"https:\/\/baldumarket.lt\/lt\/wp-json\/wp\/v2\/comments?post=242236"}],"wp:featuredmedia":[{"embeddable":true,"href":"https:\/\/baldumarket.lt\/lt\/wp-json\/wp\/v2\/media\/242237"}],"wp:attachment":[{"href":"https:\/\/baldumarket.lt\/lt\/wp-json\/wp\/v2\/media?parent=242236"}],"wp:term":[{"taxonomy":"product_brand","embeddable":true,"href":"https:\/\/baldumarket.lt\/lt\/wp-json\/wp\/v2\/product_brand?post=242236"},{"taxonomy":"product_cat","embeddable":true,"href":"https:\/\/baldumarket.lt\/lt\/wp-json\/wp\/v2\/product_cat?post=242236"},{"taxonomy":"product_tag","embeddable":true,"href":"https:\/\/baldumarket.lt\/lt\/wp-json\/wp\/v2\/product_tag?post=242236"}],"curies":[{"name":"wp","href":"https:\/\/api.w.org\/{rel}","templated":true}]}}