{"id":242231,"date":"2026-01-02T22:50:12","date_gmt":"2026-01-02T19:50:12","guid":{"rendered":"https:\/\/baldumarket.lt\/product\/blat-lazienkowy-80-cm-dalia-cashmere\/"},"modified":"2026-02-11T18:34:10","modified_gmt":"2026-02-11T15:34:10","slug":"blat-lazienkowy-80-cm-dalia-cashmere","status":"publish","type":"product","link":"https:\/\/baldumarket.lt\/lt\/product\/blat-lazienkowy-80-cm-dalia-cashmere\/","title":{"rendered":"Vonios stalvir\u0161is 80 cm Dalia ka\u0161myras"},"content":{"rendered":"<p>Dalia Cashmere 80 cm vonios stalvir\u0161isDalia Cashmere 80 cm vonios stalvir\u0161is i\u0161 ka\u0161myro puikiai tinka eleganti\u0161kam interjerui. Pagamintas i\u0161 patvarios laminuotos plok\u0161t\u0117s, j\u012f lengva valyti. Savaranki\u0161kas surinkimas suteikia estetin\u012f patrauklum\u0105 ir ilgaam\u017ei\u0161kum\u0105. Puikiai dera su kolekcija. Matmenys: Plotis (cm): 80 Gylis (cm): 46 Auk\u0161tis (cm): 2,2 Svoris (kg): 5,5 Techniniai duomenys: Korpuso med\u017eiaga: laminuota plok\u0161t\u0117 Korpuso spalva: matin\u0117 ka\u0161myro spalva Surinkimas: Savaranki\u0161kas surinkimas. Atraskite elegancij\u0105 su Dalia Cashmere vonios stalvir\u0161iu, kurio matin\u0117 ka\u0161myro apdaila pavers bet kur\u012f vonios kambar\u012f jaukia ir prabangia erdve. \u0160is pasi\u016blymas derina stili\u0173 ir funkcionalum\u0105, puikiai dera su \u0161iuolaikin\u0117mis dizaino tendencijomis. 80 cm plo\u010dio \u0161is stalvir\u0161is tampa prakti\u0161ku sprendimu, kuris ne tik pagerins, bet ir sutvarkys j\u016bs\u0173 vonios kambario erdv\u0119. Pagamintas i\u0161 patvarios laminuotos plok\u0161t\u0117s, \u0161is stalvir\u0161is garantuoja ilgalaik\u012f naudojim\u0105 ir atsparum\u0105 kasdieniams vonios kambario aplinkos i\u0161\u0161\u016bkiams. Jo pavir\u0161i\u0173 lengva valyti, o tai labai svarbu stilingam vonios kambario interjerui. Vienas i\u0161 pagrindini\u0173 element\u0173 \u2013 lankstaus montavimo galimyb\u0117, suteikianti lankstumo projektuojant erdv\u0119 aplink kriaukl\u0119. \u201eDalia Cashmere\u201c stalvir\u0161io dizainas leid\u017eia jam puikiai integruotis su kitais tos pa\u010dios serijos dekoro elementais, sukuriant harmoning\u0105 visum\u0105. Tai puikus pasirinkimas tiems, kurie vertina d\u0117mes\u012f detal\u0117ms ir teikia pirmenyb\u0119 auk\u0161tos kokyb\u0117s estetikai. Kruop\u0161tus meistri\u0161kumas matomas kiekvienoje detal\u0117je, o tai savo ruo\u017etu rei\u0161kia ilgamet\u012f pasitenkinim\u0105. Pakelkite savo vonios kambar\u012f \u012f kit\u0105 lyg\u012f su stalvir\u0161iu, kuris ne tik atlieka praktin\u0119 funkcij\u0105, bet ir sukuria unikali\u0105 atmosfer\u0105. Pasirinkdami \u201eDalia Cashmere\u201c serijos gamin\u012f, investuojate \u012f patvarum\u0105 ir nesenstant\u012f elegancij\u0105. Paprastas montavimas ir garantija suteikia pasitik\u0117jimo, kad \u0161is pasirinkimas yra investicija, kuri suteiks daug d\u017eiaugsmo ir pasitenkinimo kasdieniu naudojimu.<\/p>","protected":false},"excerpt":{"rendered":"<p>Plotis (cm): 80<br \/>\n\u016agis (cm): 2,2<br \/>\nGylis (cm): 46<\/p>","protected":false},"featured_media":242232,"comment_status":"open","ping_status":"open","template":"","meta":[],"product_brand":[],"product_cat":[9117,2015,9184],"product_tag":[],"class_list":{"0":"post-242231","1":"product","2":"type-product","3":"status-publish","4":"has-post-thumbnail","6":"product_cat-bathroom","7":"product_cat-comad","8":"product_cat-countertops-comad","10":"first","11":"instock","12":"purchasable","13":"product-type-simple"},"_links":{"self":[{"href":"https:\/\/baldumarket.lt\/lt\/wp-json\/wp\/v2\/product\/242231","targetHints":{"allow":["GET"]}}],"collection":[{"href":"https:\/\/baldumarket.lt\/lt\/wp-json\/wp\/v2\/product"}],"about":[{"href":"https:\/\/baldumarket.lt\/lt\/wp-json\/wp\/v2\/types\/product"}],"replies":[{"embeddable":true,"href":"https:\/\/baldumarket.lt\/lt\/wp-json\/wp\/v2\/comments?post=242231"}],"wp:featuredmedia":[{"embeddable":true,"href":"https:\/\/baldumarket.lt\/lt\/wp-json\/wp\/v2\/media\/242232"}],"wp:attachment":[{"href":"https:\/\/baldumarket.lt\/lt\/wp-json\/wp\/v2\/media?parent=242231"}],"wp:term":[{"taxonomy":"product_brand","embeddable":true,"href":"https:\/\/baldumarket.lt\/lt\/wp-json\/wp\/v2\/product_brand?post=242231"},{"taxonomy":"product_cat","embeddable":true,"href":"https:\/\/baldumarket.lt\/lt\/wp-json\/wp\/v2\/product_cat?post=242231"},{"taxonomy":"product_tag","embeddable":true,"href":"https:\/\/baldumarket.lt\/lt\/wp-json\/wp\/v2\/product_tag?post=242231"}],"curies":[{"name":"wp","href":"https:\/\/api.w.org\/{rel}","templated":true}]}}