{"id":242225,"date":"2026-01-02T22:50:10","date_gmt":"2026-01-02T19:50:10","guid":{"rendered":"https:\/\/baldumarket.lt\/product\/blat-lazienkowy-80-cm-dab-wotan-nature\/"},"modified":"2026-02-11T18:34:11","modified_gmt":"2026-02-11T15:34:11","slug":"blat-lazienkowy-80-cm-dab-wotan-nature","status":"publish","type":"product","link":"https:\/\/baldumarket.lt\/lt\/product\/blat-lazienkowy-80-cm-dab-wotan-nature\/","title":{"rendered":"Vonios stalvir\u0161is, 80 cm, \u201eWotan Nature Oak\u201c, \u0105\u017euolas"},"content":{"rendered":"<p>80 cm vonios stalvir\u0161is i\u0161 \u201eWotan Oak Nature\u201c med\u017eiagos80 cm vonios stalvir\u0161is i\u0161 \u201eWotan Oak Nature\u201c med\u017eiagos \u012fkv\u0117ptas gamtos. Unikalus, banguotas kra\u0161tas ir sodri spalva suteikia jaukumo. Pagamintas i\u0161 lengvai valomos MDF plok\u0161t\u0117s, jis puikiai dera su kriaukl\u0117s spintel\u0117mis ir u\u017etikrina patvarum\u0105. Matmenys: Plotis (cm): 80,6 Gylis (cm): 47,5 Auk\u0161tis (cm): 2,2 Svoris (kg): 8 Techniniai duomenys: Stalvir\u0161io spalva: \u201eWotan Oak\u201c Stalvir\u0161io med\u017eiaga: MDF Surinkimas: Savaranki\u0161kas surinkimas. Atraskite nauj\u0105 vonios kambario dizaino kokyb\u0119 su \u201eComad\u201c 80 cm vonios stalvir\u0161iu i\u0161 \u201eWotan Oak Nature\u201c med\u017eiagos. \u0160is unikalus baldas ne tik suteiks j\u016bs\u0173 erdvei elegancijos, bet ir sukurs jauki\u0105 atmosfer\u0105 d\u0117l nat\u016bralios medienos i\u0161vaizdos. Unikalus medienos ra\u0161tas, i\u0161gautas d\u0117l tikslios apdailos, suteiks j\u016bs\u0173 interjerui gamtos prisilietim\u0105, paversdamas kiekvien\u0105 vonios kambaryje praleist\u0105 akimirk\u0105 atpalaiduojan\u010dia patirtimi. Sukurtas atsi\u017evelgiant \u012f prakti\u0161kum\u0105, stalvir\u0161is derina stiling\u0105 dizain\u0105 ir paprast\u0105 montavim\u0105. Jo matmenys (plotis 80,6 cm, gylis 47,5 cm, auk\u0161tis 2,2 cm) puikiai tinka standartin\u0117ms 46 cm gylio spintel\u0117ms. Tai rei\u0161kia, kad jums nereik\u0117s r\u016bpintis, kaip stalvir\u0161is harmoningai integruosis \u012f savo interjer\u0105, o tiesiog m\u0117gausit\u0117s jo elegancija ir funkcionalumu kiekvien\u0105 dien\u0105. Stalvir\u0161is pagamintas i\u0161 MDF plok\u0161t\u0117s, padengtos PVC folija, tod\u0117l u\u017etikrinamas ne tik estetinis patrauklumas, bet ir patvarumas bei atsparumas kasdieniam d\u0117v\u0117jimuisi. Pavir\u0161i\u0173 lengva valyti, tod\u0117l jis daugel\u012f met\u0173 i\u0161liks puikios b\u016bkl\u0117s. Tai palengvins j\u016bs\u0173 vonios kambario prie\u017ei\u016br\u0105 ir u\u017eims ma\u017eiau laiko, o tai labai svarbu \u0161iandieniniame u\u017eimtame gyvenime. Investuokite \u012f kokyb\u0119, kuri atlaikys laiko i\u0161bandym\u0105! \u201eComad\u201c vonios kambario stalvir\u0161is yra lenki\u0161kas produktas, pagamintas pagal grie\u017etus kokyb\u0117s standartus, garantuojan\u010dius, kad jis atitiks j\u016bs\u0173 l\u016bkes\u010dius. FSC sertifikuotos med\u017eiagos yra ne tik tvarus pasirinkimas, bet ir u\u017etikrina, kad j\u016bs\u0173 vonios kambaryje bus elementas, atitinkantis ekologi\u0161k\u0105 filosofij\u0105. Ateikite ir patys \u012fsitikinkite, kiek daug galite laim\u0117ti su paprastais sprendimais, kurie derina gro\u017e\u012f ir funkcionalum\u0105!<\/p>","protected":false},"excerpt":{"rendered":"<p>Plotis (cm): 80,6<br \/>\n\u016agis (cm): 2,2<br \/>\nGylis (cm): 47,5<\/p>","protected":false},"featured_media":242226,"comment_status":"open","ping_status":"open","template":"","meta":[],"product_brand":[],"product_cat":[9117,2015,9184],"product_tag":[],"class_list":{"0":"post-242225","1":"product","2":"type-product","3":"status-publish","4":"has-post-thumbnail","6":"product_cat-bathroom","7":"product_cat-comad","8":"product_cat-countertops-comad","10":"first","11":"instock","12":"purchasable","13":"product-type-simple"},"_links":{"self":[{"href":"https:\/\/baldumarket.lt\/lt\/wp-json\/wp\/v2\/product\/242225","targetHints":{"allow":["GET"]}}],"collection":[{"href":"https:\/\/baldumarket.lt\/lt\/wp-json\/wp\/v2\/product"}],"about":[{"href":"https:\/\/baldumarket.lt\/lt\/wp-json\/wp\/v2\/types\/product"}],"replies":[{"embeddable":true,"href":"https:\/\/baldumarket.lt\/lt\/wp-json\/wp\/v2\/comments?post=242225"}],"wp:featuredmedia":[{"embeddable":true,"href":"https:\/\/baldumarket.lt\/lt\/wp-json\/wp\/v2\/media\/242226"}],"wp:attachment":[{"href":"https:\/\/baldumarket.lt\/lt\/wp-json\/wp\/v2\/media?parent=242225"}],"wp:term":[{"taxonomy":"product_brand","embeddable":true,"href":"https:\/\/baldumarket.lt\/lt\/wp-json\/wp\/v2\/product_brand?post=242225"},{"taxonomy":"product_cat","embeddable":true,"href":"https:\/\/baldumarket.lt\/lt\/wp-json\/wp\/v2\/product_cat?post=242225"},{"taxonomy":"product_tag","embeddable":true,"href":"https:\/\/baldumarket.lt\/lt\/wp-json\/wp\/v2\/product_tag?post=242225"}],"curies":[{"name":"wp","href":"https:\/\/api.w.org\/{rel}","templated":true}]}}