{"id":242219,"date":"2026-01-02T22:50:07","date_gmt":"2026-01-02T19:50:07","guid":{"rendered":"https:\/\/baldumarket.lt\/product\/blat-lazienkowy-80-cm-dab-cremona-nature\/"},"modified":"2026-02-11T18:34:12","modified_gmt":"2026-02-11T15:34:12","slug":"blat-lazienkowy-80-cm-dab-cremona-nature","status":"publish","type":"product","link":"https:\/\/baldumarket.lt\/lt\/product\/blat-lazienkowy-80-cm-dab-cremona-nature\/","title":{"rendered":"Vonios stalvir\u0161is, 80 cm, \u201eCremona Nature Oak\u201c, \u0105\u017euolas"},"content":{"rendered":"<p>80 cm \u201eCremona Oak Nature\u201c vonios stalvir\u0161is80 cm \u201eCremona Oak Nature\u201c vonios stalvir\u0161is \u2013 eleganti\u0161kas sprendimas, suteikiantis j\u016bs\u0173 vonios kambariui nat\u016bralumo \u017eavesio. Pagamintas i\u0161 MDF plok\u0161t\u0117s, jis pasi\u017eymi \u0161iek tiek banguotais kra\u0161tais, imituoja medien\u0105 ir yra lengvai pri\u017ei\u016brimas. Puikiai tinka spintel\u0117ms po kriaukle. Matmenys: Plotis (cm): 80,6 Gylis (cm): 47,5 Auk\u0161tis (cm): 2,2 Svoris (kg): 8 Techniniai duomenys: Stalvir\u0161io spalva: \u201eCremona Oak\u201c Stalvir\u0161io med\u017eiaga: MDF plok\u0161t\u0117 Surinkimas: Savaranki\u0161kas surinkimas \u0160is unikalus 80 cm \u201eCremona Oak Nature\u201c vonios stalvir\u0161is praturtins bet kur\u012f vonios kambar\u012f nat\u016bralaus gro\u017eio prisilietimu. Sukurtas garsaus prek\u0117s \u017eenklo \u201eComad\u201c, \u0161is stalvir\u0161is ne tik traukia ak\u012f savo eleganti\u0161ka i\u0161vaizda, bet ir subtilia apdaila suteikia interjerui jaukumo bei \u0161ilumos. M\u0117gaukit\u0117s kasdien\u0117mis akimirkomis vonios kambaryje, kur nat\u016brali estetika kiekvien\u0105 atsipalaidavimo akimirk\u0105 paver\u010dia dar malonesne. \u0160is stalvir\u0161is buvo sukurtas atsi\u017evelgiant \u012f funkcionalum\u0105. Jis puikiai tinka 46 cm gylio spintel\u0117ms, tod\u0117l yra puikus sprendimas tiek ma\u017eiems, tiek dideliems vonios kambariams. Intuityvus surinkimas leid\u017eia greitai ir be streso transformuoti erdv\u0119. D\u0117l tiksli\u0173 matmen\u0173 ir paruo\u0161tos vietos sifonui viskas vyksta skland\u017eiai ir greitai, taupant J\u016bs\u0173 brang\u0173 laik\u0105. Med\u017eiaga, i\u0161 kurios pagamintas \u0161is gaminys, yra nepaprastai svarbi \u2013 PVC folija padengta MDF plok\u0161t\u0117 ne tik atrodo patraukliai, bet ir, svarbiausia, yra patvari ir atspari dr\u0117gmei. Vonios kambario sprendim\u0173 ekspert\u0117 \u201eComad\u201c u\u017etikrina, kad kiekvienas gaminys atitikt\u0173 auk\u0161\u010diausius standartus, o FSC sertifikuot\u0173 med\u017eiag\u0173 naudojimas rodo eti\u0161k\u0105 po\u017ei\u016br\u012f \u012f gamyb\u0105. Pasirinkdami \u0161\u012f stalvir\u0161\u012f, J\u016bs remiate tvar\u0173 vystym\u0105si ir r\u016bpinat\u0117s m\u016bs\u0173 planetos ateitimi. Kasdien\u0117 stalvir\u0161io prie\u017ei\u016bra yra ne\u012ftik\u0117tinai paprasta. Lygus pavir\u0161ius rei\u0161kia, kad tiesiog nuvalius j\u012f dr\u0117gnu skudur\u0117liu, i\u0161laikysite nepriekai\u0161ting\u0105 i\u0161vaizd\u0105. D\u0117l nesenstan\u010dio stiliaus ir tvirtos konstrukcijos 80 cm \u201eCremona Nature Oak\u201c vonios stalvir\u0161is neabejotinai taps J\u016bs\u0173 vonios kambario traukos centru, d\u017eiuginsian\u010diu ilgus metus. \u012esitikinkite patys, kaip ma\u017eai tereikia, kad sukurtum\u0117te harmonijos ir \u012fkv\u0117pimo kupin\u0105 erdv\u0119.<\/p>","protected":false},"excerpt":{"rendered":"<p>Plotis (cm): 80,6<br \/>\n\u016agis (cm): 2,2<br \/>\nGylis (cm): 47,5<\/p>","protected":false},"featured_media":242220,"comment_status":"open","ping_status":"open","template":"","meta":[],"product_brand":[],"product_cat":[9117,2015,9184],"product_tag":[],"class_list":{"0":"post-242219","1":"product","2":"type-product","3":"status-publish","4":"has-post-thumbnail","6":"product_cat-bathroom","7":"product_cat-comad","8":"product_cat-countertops-comad","10":"first","11":"instock","12":"purchasable","13":"product-type-simple"},"_links":{"self":[{"href":"https:\/\/baldumarket.lt\/lt\/wp-json\/wp\/v2\/product\/242219","targetHints":{"allow":["GET"]}}],"collection":[{"href":"https:\/\/baldumarket.lt\/lt\/wp-json\/wp\/v2\/product"}],"about":[{"href":"https:\/\/baldumarket.lt\/lt\/wp-json\/wp\/v2\/types\/product"}],"replies":[{"embeddable":true,"href":"https:\/\/baldumarket.lt\/lt\/wp-json\/wp\/v2\/comments?post=242219"}],"wp:featuredmedia":[{"embeddable":true,"href":"https:\/\/baldumarket.lt\/lt\/wp-json\/wp\/v2\/media\/242220"}],"wp:attachment":[{"href":"https:\/\/baldumarket.lt\/lt\/wp-json\/wp\/v2\/media?parent=242219"}],"wp:term":[{"taxonomy":"product_brand","embeddable":true,"href":"https:\/\/baldumarket.lt\/lt\/wp-json\/wp\/v2\/product_brand?post=242219"},{"taxonomy":"product_cat","embeddable":true,"href":"https:\/\/baldumarket.lt\/lt\/wp-json\/wp\/v2\/product_cat?post=242219"},{"taxonomy":"product_tag","embeddable":true,"href":"https:\/\/baldumarket.lt\/lt\/wp-json\/wp\/v2\/product_tag?post=242219"}],"curies":[{"name":"wp","href":"https:\/\/api.w.org\/{rel}","templated":true}]}}