{"id":242215,"date":"2026-01-02T22:50:05","date_gmt":"2026-01-02T19:50:05","guid":{"rendered":"https:\/\/baldumarket.lt\/product\/blat-lazienkowy-80-cm-dab-cremona\/"},"modified":"2026-02-11T18:34:12","modified_gmt":"2026-02-11T15:34:12","slug":"blat-lazienkowy-80-cm-dab-cremona","status":"publish","type":"product","link":"https:\/\/baldumarket.lt\/lt\/product\/blat-lazienkowy-80-cm-dab-cremona\/","title":{"rendered":"Vonios stalvir\u0161is, 80 cm, Cremona \u0105\u017euolas"},"content":{"rendered":"<p>80 cm Cremona \u0105\u017euolo vonios stalvir\u0161is80 cm Cremona \u0105\u017euolo vonios stalvir\u0161is \u2013 tai puikus estetikos ir funkcionalumo derinys. Pagamintas i\u0161 auk\u0161tos kokyb\u0117s MDF plok\u0161t\u0117s, jis suteikia j\u016bs\u0173 vonios kambariui medienos \u0161ilumos. Lengvai montuojamas ir pri\u017ei\u016brimas, jis puikiai papildo \u201eNordic Cremona\u201c kolekcij\u0105. Matmenys: Plotis (cm): 80,6 Gylis (cm): 46,5 Auk\u0161tis (cm): 2,2 Svoris (kg): 8,2 Techniniai duomenys: Med\u017eiaga: MDF Spalva: Cremona \u0105\u017euolas Surinkimas: Savaranki\u0161kas surinkimas. Atraskite \u0161\u012f unikal\u0173 80 cm Cremona \u0105\u017euolo vonios stalvir\u0161\u012f, kuris suteiks j\u016bs\u0173 interjerui elegancijos ir nat\u016bralaus \u017eavesio. Jo \u0161ilta spalv\u0173 gama puikiai dera su moderniu stiliumi, tod\u0117l jis puikiai papildo skandinavi\u0161ko stiliaus dekor\u0105. D\u0117l subtili\u0173 medienos atspalvi\u0173 kiekviena diena vonios kambaryje \u012fgis visi\u0161kai nauj\u0105 komforto ir stiliaus lyg\u012f. Pagamintas i\u0161 auk\u0161tos kokyb\u0117s MDF plok\u0161t\u0117s, \u0161is stalvir\u0161is ne tik atrodo gra\u017eiai, bet ir u\u017etikrina ilgaam\u017ei\u0161kum\u0105 bei atsparum\u0105 pa\u017eeidimams. D\u0117l PVC pl\u0117vel\u0117s panaudojimo stalvir\u0161io pavir\u0161i\u0173 lengva valyti, tod\u0117l prie\u017ei\u016bra yra greita ir paprasta. Nesvarbu, kiek kart\u0173 per dien\u0105 naudosit\u0117s vonios kambariu, gal\u0117site d\u017eiaugtis jo nepriekai\u0161tinga i\u0161vaizda daugel\u012f met\u0173.<\/p>\n<p>Montavimo metu buvo kruop\u0161\u010diai apgalvota kiekviena detal\u0117, tod\u0117l rezultatas \u2013 tikslus meistri\u0161kumas ir estetika. Stalvir\u0161is buvo suprojektuotas taip, kad b\u016bt\u0173 galima lengvai i\u0161pjauti i\u0161leidimo ang\u0105 pagal j\u016bs\u0173 pageidavimus ir kriaukl\u0117s dyd\u012f. D\u0117l paprasto surinkimo sen\u0105 stalvir\u0161\u012f galite lengvai pakeisti nauju, kuris akimirksniu pakeis vis\u0105 vonios kambar\u012f.<\/p>\n<p>Taip pat verta pamin\u0117ti, kad visos stalvir\u0161io gamyboje naudojamos med\u017eiagos yra sertifikuotos FSC, o tai garantuoja, kad pasirinkdami \u0161\u012f gamin\u012f remiate tvar\u0173 vystym\u0105si ir aplink\u0105. Rinkit\u0117s kokyb\u0119, ilgaam\u017ei\u0161kum\u0105 ir stili\u0173 pasirinkdami \u201eComad\u201c vonios kambario stalvir\u0161\u012f i\u0161 \u201eCremona Oak\u201c. J\u016bs\u0173 vonios kambarys nusipelno geriausio!<\/p>","protected":false},"excerpt":{"rendered":"<p>Plotis (cm): 80,6<br \/>\n\u016agis (cm): 2,2<br \/>\nGylis (cm): 46,5<\/p>","protected":false},"featured_media":242216,"comment_status":"open","ping_status":"open","template":"","meta":[],"product_brand":[],"product_cat":[9117,2015,9184],"product_tag":[],"class_list":{"0":"post-242215","1":"product","2":"type-product","3":"status-publish","4":"has-post-thumbnail","6":"product_cat-bathroom","7":"product_cat-comad","8":"product_cat-countertops-comad","10":"first","11":"instock","12":"purchasable","13":"product-type-simple"},"_links":{"self":[{"href":"https:\/\/baldumarket.lt\/lt\/wp-json\/wp\/v2\/product\/242215","targetHints":{"allow":["GET"]}}],"collection":[{"href":"https:\/\/baldumarket.lt\/lt\/wp-json\/wp\/v2\/product"}],"about":[{"href":"https:\/\/baldumarket.lt\/lt\/wp-json\/wp\/v2\/types\/product"}],"replies":[{"embeddable":true,"href":"https:\/\/baldumarket.lt\/lt\/wp-json\/wp\/v2\/comments?post=242215"}],"wp:featuredmedia":[{"embeddable":true,"href":"https:\/\/baldumarket.lt\/lt\/wp-json\/wp\/v2\/media\/242216"}],"wp:attachment":[{"href":"https:\/\/baldumarket.lt\/lt\/wp-json\/wp\/v2\/media?parent=242215"}],"wp:term":[{"taxonomy":"product_brand","embeddable":true,"href":"https:\/\/baldumarket.lt\/lt\/wp-json\/wp\/v2\/product_brand?post=242215"},{"taxonomy":"product_cat","embeddable":true,"href":"https:\/\/baldumarket.lt\/lt\/wp-json\/wp\/v2\/product_cat?post=242215"},{"taxonomy":"product_tag","embeddable":true,"href":"https:\/\/baldumarket.lt\/lt\/wp-json\/wp\/v2\/product_tag?post=242215"}],"curies":[{"name":"wp","href":"https:\/\/api.w.org\/{rel}","templated":true}]}}