{"id":242209,"date":"2026-01-02T22:50:03","date_gmt":"2026-01-02T19:50:03","guid":{"rendered":"https:\/\/baldumarket.lt\/product\/blat-lazienkowy-80-cm-dab-coast-evoke-nature\/"},"modified":"2026-02-11T18:34:12","modified_gmt":"2026-02-11T15:34:12","slug":"blat-lazienkowy-80-cm-dab-coast-evoke-nature","status":"publish","type":"product","link":"https:\/\/baldumarket.lt\/lt\/product\/blat-lazienkowy-80-cm-dab-coast-evoke-nature\/","title":{"rendered":"Vonios stalvir\u0161is, 80 cm, \u201eCoast Oak\u201c, \u201eEvoke Nature\u201c"},"content":{"rendered":"<p>\u201eCoast Evoke Nature\u201c 80 cm \u0105\u017euolinis vonios stalvir\u0161isAtraskite \u201eComad\u201c \u201eCoast Evoke Nature\u201c 80 cm \u0105\u017euolin\u012f vonios stalvir\u0161\u012f. \u012ekv\u0117ptas nat\u016bralios medienos, jo banguoti kra\u0161tai suteikia interjerui \u0161ilumos. Pagamintas i\u0161 MDF, j\u012f lengva pri\u017ei\u016br\u0117ti ir jis puikiai dera su praustuv\u0173 spintel\u0117mis. Poliruotas meistri\u0161kumas ir patvarumas. Matmenys: Plotis (cm): 80,6 Gylis (cm): 40,5 Auk\u0161tis (cm): 2,2 Svoris (kg): 6 Techniniai duomenys: Stalvir\u0161io spalva: \u201eCoast Evoke Oak\u201c Stalvir\u0161io med\u017eiaga: MDF Surinkimas: Savaranki\u0161kas surinkimas Atraskite \u201eComad\u201c \u201eCoast Evoke Nature\u201c 80 cm \u0105\u017euolinio vonios stalvir\u0161io gro\u017e\u012f ir funkcionalum\u0105. \u0160is unikalus stalvir\u0161is yra puikus sprendimas tiems, kurie nori savo vonios kambariui suteikti nat\u016brali\u0105 ir jauki\u0105 atmosfer\u0105. \u012ekv\u0117ptas tikros medienos, stalvir\u0161io \u0161iek tiek banguoti kra\u0161tai imituoja autenti\u0161kai supjaustyt\u0105 med\u017eio gabal\u0105, tod\u0117l interjeras atrodo \u0161iltesnis ir jaukesnis. 80,6 x 40,5 cm stalvir\u0161is puikiai papildo praustuvus, u\u017etikrindamas vientisum\u0105 ir universalum\u0105. D\u0117l patvarios med\u017eiagos \u2013 MDF plok\u0161t\u0117s, padengtos PVC pl\u0117vele, \u2013 gal\u0117site d\u017eiaugtis patrauklia jos i\u0161vaizda ilgus metus. Stalvir\u0161io pavir\u0161ius yra ne tik esteti\u0161kai patrauklus, bet ir lengvai valomas, taupydamas j\u016bs\u0173 brang\u0173 laik\u0105 ir energij\u0105 kasdieniams darbams. Be to, vonios stalvir\u0161is yra sukurtas savaranki\u0161kam surinkimui, tod\u0117l j\u012f lengvai \u012fsirengti savo vonios kambaryje gali kiekvienas, nepaisant \u201epasidaryk pats\u201c \u012fg\u016bd\u017ei\u0173. Tiesiog pagalvokite apie kriaukl\u0117s pad\u0117t\u012f ir padarykite paprast\u0105 ang\u0105 sifonui, kad gal\u0117tum\u0117te m\u0117gautis stilinga nauja i\u0161vaizda. Neabejotinas \u0161io stalvir\u0161io privalumas yra jo gamyba Lenkijoje, naudojant FSC sertifikuotas med\u017eiagas, kurios garantuoja ne tik auk\u0161t\u0105 kokyb\u0119, bet ir patvarum\u0105. Kiekviena detal\u0117 yra kruop\u0161\u010diai apgalvota, siekiant u\u017etikrinti ne tik estetin\u012f patrauklum\u0105, bet ir komfort\u0105. Rinkit\u0117s 80 cm \u201eCoast Evoke Oak\u201c vonios stalvir\u0161\u012f i\u0161 \u201eComad\u201c ir susikurkite savo svajoni\u0173 vonios kambar\u012f, derindami funkcionalum\u0105 su unikaliu stiliumi.<\/p>","protected":false},"excerpt":{"rendered":"<p>Plotis (cm): 80,6<br \/>\n\u016agis (cm): 2,2<br \/>\nGylis (cm): 40,5<\/p>","protected":false},"featured_media":242210,"comment_status":"open","ping_status":"open","template":"","meta":[],"product_brand":[],"product_cat":[9117,2015,9184],"product_tag":[],"class_list":{"0":"post-242209","1":"product","2":"type-product","3":"status-publish","4":"has-post-thumbnail","6":"product_cat-bathroom","7":"product_cat-comad","8":"product_cat-countertops-comad","10":"first","11":"instock","12":"purchasable","13":"product-type-simple"},"_links":{"self":[{"href":"https:\/\/baldumarket.lt\/lt\/wp-json\/wp\/v2\/product\/242209","targetHints":{"allow":["GET"]}}],"collection":[{"href":"https:\/\/baldumarket.lt\/lt\/wp-json\/wp\/v2\/product"}],"about":[{"href":"https:\/\/baldumarket.lt\/lt\/wp-json\/wp\/v2\/types\/product"}],"replies":[{"embeddable":true,"href":"https:\/\/baldumarket.lt\/lt\/wp-json\/wp\/v2\/comments?post=242209"}],"wp:featuredmedia":[{"embeddable":true,"href":"https:\/\/baldumarket.lt\/lt\/wp-json\/wp\/v2\/media\/242210"}],"wp:attachment":[{"href":"https:\/\/baldumarket.lt\/lt\/wp-json\/wp\/v2\/media?parent=242209"}],"wp:term":[{"taxonomy":"product_brand","embeddable":true,"href":"https:\/\/baldumarket.lt\/lt\/wp-json\/wp\/v2\/product_brand?post=242209"},{"taxonomy":"product_cat","embeddable":true,"href":"https:\/\/baldumarket.lt\/lt\/wp-json\/wp\/v2\/product_cat?post=242209"},{"taxonomy":"product_tag","embeddable":true,"href":"https:\/\/baldumarket.lt\/lt\/wp-json\/wp\/v2\/product_tag?post=242209"}],"curies":[{"name":"wp","href":"https:\/\/api.w.org\/{rel}","templated":true}]}}