{"id":242203,"date":"2026-01-02T22:50:00","date_gmt":"2026-01-02T19:50:00","guid":{"rendered":"https:\/\/baldumarket.lt\/product\/blat-lazienkowy-80-cm-dab-casella-nature\/"},"modified":"2026-02-11T18:34:12","modified_gmt":"2026-02-11T15:34:12","slug":"blat-lazienkowy-80-cm-dab-casella-nature","status":"publish","type":"product","link":"https:\/\/baldumarket.lt\/lt\/product\/blat-lazienkowy-80-cm-dab-casella-nature\/","title":{"rendered":"Vonios stalvir\u0161is, 80 cm, \u201eCasella Nature Oak\u201c"},"content":{"rendered":"<p>\u201eCasella Nature Oak\u201c 80 cm vonios stalvir\u0161is\u201eCasella Nature Oak\u201c 80 cm vonios stalvir\u0161is \u2013 tai tobulas elegancijos ir funkcionalumo derinys. Pagamintas i\u0161 MDF, jo netaisyklingi kra\u0161tai imituoja nat\u016brali\u0105 medien\u0105, suteikdami j\u016bs\u0173 vonios kambariui jauki\u0105 atmosfer\u0105. Lengva montuoti, lengva valyti \u2013 puikus pasirinkimas. Matmenys: Plotis (cm): 80,6 Gylis (cm): 40,5 Auk\u0161tis (cm): 2,2 Svoris (kg): 6 Techniniai duomenys: Stalvir\u0161io spalva: \u201eCasella Oak\u201c Stalvir\u0161io med\u017eiaga: MDF Montavimas: Savaranki\u0161kas surinkimas Paruo\u0161kite savo vonios kambar\u012f naujam stiliaus ir funkcionalumo lygiui su \u201eComad\u201c \u201eCasella Nature Oak\u201c vonios stalvir\u0161iu. Unikalus dizainas, \u012fkv\u0117ptas nat\u016bralios medienos, suteikia interjerui autenti\u0161k\u0105 ir jauk\u0173 charakter\u012f. Netaisyklingas, banguotas stalvir\u0161io kra\u0161tas skleid\u017eia \u0161ilum\u0105, sukurdamas erdv\u0119, skatinan\u010di\u0105 atsipalaidavim\u0105 ir atsinaujinim\u0105. 80,6 cm plo\u010dio stalvir\u0161is puikiai telpa \u012f standartines vonios spinteles, tod\u0117l tai puikus sprendimas bet kokiam vonios kambariui, nepriklausomai nuo jo dyd\u017eio ar stiliaus. \u201eCasella Oak\u201c stalvir\u0161is, pasi\u017eymintis prislopintais tonais, lengvai prisitaiko prie \u012fvairi\u0173 interjero dizain\u0173. D\u0117l paprastos, ta\u010diau rafinuotos i\u0161vaizdos galite sukurti harmoning\u0105 erdv\u0119, kuri d\u017eiugins tiek \u0161eimos narius, tiek sve\u010dius. Be to, med\u017eiaga \u2013 laminuota MDF \u2013 garantuoja ne tik estetin\u012f patrauklum\u0105, bet ir ilgaam\u017ei\u0161kum\u0105, leisdama m\u0117gautis jos prakti\u0161kumu kiekvien\u0105 dien\u0105. D\u0117l paprast\u0173 instrukcij\u0173 stalvir\u0161\u012f lengva sumontuoti patiems, o tai suteikia patogumo ir pasitenkinimo savaranki\u0161kai suprojektuotam vonios kambariui. Gerai apgalvotas dizainas leid\u017eia i\u0161pjauti sifono ang\u0105 pagal kriaukl\u0117s reikalavimus, tod\u0117l galite j\u012f pritaikyti pagal savo individualius poreikius. \u0160iandieniniame pasaulyje, kai laikas ribotas, m\u016bs\u0173 80 cm stalvir\u0161is tampa prakti\u0161ku sprendimu, kuris sutaupys j\u016bs\u0173 laik\u0105 ir pad\u0117s u\u017ebaigti varginan\u010dias tobulo papildymo paie\u0161kas. Gamyboje naudojam\u0173 med\u017eiag\u0173 kokyb\u0117 taip pat yra labai svarbi. Lenki\u0161ka gamyba, pagr\u012fsta FSC sertifikuotomis med\u017eiagomis, u\u017etikrina, kad pirkdami \u201eCasella Oak\u201c stalvir\u0161\u012f, investuojate \u012f ekologi\u0161k\u0105 ir sveikatai saug\u0173 produkt\u0105. Didelis stalvir\u0161io pavir\u0161ius yra ne tik esteti\u0161kai patrauklus, bet ir prakti\u0161kas \u2013 j\u012f lengva valyti ir pri\u017ei\u016br\u0117ti, o tai labai svarbu kasdieniam naudojimui. Investuokite \u012f vietin\u012f produkt\u0105, kuris suteiks jaukumo ir stiliaus vienai i\u0161 svarbiausi\u0173 j\u016bs\u0173 nam\u0173 viet\u0173 \u2013 vonios kambariui.<\/p>","protected":false},"excerpt":{"rendered":"<p>Plotis (cm): 80,6<br \/>\n\u016agis (cm): 2,2<br \/>\nGylis (cm): 40,5<\/p>","protected":false},"featured_media":242204,"comment_status":"open","ping_status":"open","template":"","meta":[],"product_brand":[],"product_cat":[9117,2015,9184],"product_tag":[],"class_list":{"0":"post-242203","1":"product","2":"type-product","3":"status-publish","4":"has-post-thumbnail","6":"product_cat-bathroom","7":"product_cat-comad","8":"product_cat-countertops-comad","10":"first","11":"instock","12":"purchasable","13":"product-type-simple"},"_links":{"self":[{"href":"https:\/\/baldumarket.lt\/lt\/wp-json\/wp\/v2\/product\/242203","targetHints":{"allow":["GET"]}}],"collection":[{"href":"https:\/\/baldumarket.lt\/lt\/wp-json\/wp\/v2\/product"}],"about":[{"href":"https:\/\/baldumarket.lt\/lt\/wp-json\/wp\/v2\/types\/product"}],"replies":[{"embeddable":true,"href":"https:\/\/baldumarket.lt\/lt\/wp-json\/wp\/v2\/comments?post=242203"}],"wp:featuredmedia":[{"embeddable":true,"href":"https:\/\/baldumarket.lt\/lt\/wp-json\/wp\/v2\/media\/242204"}],"wp:attachment":[{"href":"https:\/\/baldumarket.lt\/lt\/wp-json\/wp\/v2\/media?parent=242203"}],"wp:term":[{"taxonomy":"product_brand","embeddable":true,"href":"https:\/\/baldumarket.lt\/lt\/wp-json\/wp\/v2\/product_brand?post=242203"},{"taxonomy":"product_cat","embeddable":true,"href":"https:\/\/baldumarket.lt\/lt\/wp-json\/wp\/v2\/product_cat?post=242203"},{"taxonomy":"product_tag","embeddable":true,"href":"https:\/\/baldumarket.lt\/lt\/wp-json\/wp\/v2\/product_tag?post=242203"}],"curies":[{"name":"wp","href":"https:\/\/api.w.org\/{rel}","templated":true}]}}