{"id":242199,"date":"2026-01-02T22:49:59","date_gmt":"2026-01-02T19:49:59","guid":{"rendered":"https:\/\/baldumarket.lt\/product\/blat-lazienkowy-80-cm-adel-oak\/"},"modified":"2026-02-11T18:34:12","modified_gmt":"2026-02-11T15:34:12","slug":"blat-lazienkowy-80-cm-adel-oak","status":"publish","type":"product","link":"https:\/\/baldumarket.lt\/lt\/product\/blat-lazienkowy-80-cm-adel-oak\/","title":{"rendered":"Vonios stalvir\u0161is 80 cm ADEL \u0104\u017dUOLAS"},"content":{"rendered":"","protected":false},"excerpt":{"rendered":"<p>Plotis (cm): 80,4<br \/>\nGylis (cm): 46<br \/>\nAuk\u0161tis (cm): 2<\/p>","protected":false},"featured_media":242200,"comment_status":"open","ping_status":"open","template":"","meta":[],"product_brand":[],"product_cat":[9117,2015,9184],"product_tag":[],"class_list":{"0":"post-242199","1":"product","2":"type-product","3":"status-publish","4":"has-post-thumbnail","6":"product_cat-bathroom","7":"product_cat-comad","8":"product_cat-countertops-comad","10":"first","11":"instock","12":"purchasable","13":"product-type-simple"},"_links":{"self":[{"href":"https:\/\/baldumarket.lt\/lt\/wp-json\/wp\/v2\/product\/242199","targetHints":{"allow":["GET"]}}],"collection":[{"href":"https:\/\/baldumarket.lt\/lt\/wp-json\/wp\/v2\/product"}],"about":[{"href":"https:\/\/baldumarket.lt\/lt\/wp-json\/wp\/v2\/types\/product"}],"replies":[{"embeddable":true,"href":"https:\/\/baldumarket.lt\/lt\/wp-json\/wp\/v2\/comments?post=242199"}],"wp:featuredmedia":[{"embeddable":true,"href":"https:\/\/baldumarket.lt\/lt\/wp-json\/wp\/v2\/media\/242200"}],"wp:attachment":[{"href":"https:\/\/baldumarket.lt\/lt\/wp-json\/wp\/v2\/media?parent=242199"}],"wp:term":[{"taxonomy":"product_brand","embeddable":true,"href":"https:\/\/baldumarket.lt\/lt\/wp-json\/wp\/v2\/product_brand?post=242199"},{"taxonomy":"product_cat","embeddable":true,"href":"https:\/\/baldumarket.lt\/lt\/wp-json\/wp\/v2\/product_cat?post=242199"},{"taxonomy":"product_tag","embeddable":true,"href":"https:\/\/baldumarket.lt\/lt\/wp-json\/wp\/v2\/product_tag?post=242199"}],"curies":[{"name":"wp","href":"https:\/\/api.w.org\/{rel}","templated":true}]}}