{"id":242181,"date":"2026-01-02T22:49:51","date_gmt":"2026-01-02T19:49:51","guid":{"rendered":"https:\/\/baldumarket.lt\/product\/blat-lazienkowy-60-cm-santa-fe-black\/"},"modified":"2026-04-25T23:31:18","modified_gmt":"2026-04-25T20:31:18","slug":"blat-lazienkowy-60-cm-santa-fe-black","status":"publish","type":"product","link":"https:\/\/baldumarket.lt\/lt\/product\/blat-lazienkowy-60-cm-santa-fe-black\/","title":{"rendered":"Vonios stalvir\u0161is, 60 cm, SANTA FE, JUODA"},"content":{"rendered":"<p>60 cm plo\u010dio \u201eComad\u201c vonios stalvir\u0161is SANTA FE BLACK \u2013 tai elegancijos ir funkcionalumo derinys, suteikiantis j\u016bs\u0173 vonios kambariui prabangos. \u0160is stilingas stalvir\u0161is buvo sukurtas galvojant apie modern\u0173 interjer\u0105, reikalaujant\u012f unikali\u0173 ir esteti\u0161kai patraukli\u0173 sprendim\u0173.<\/p>\n<p>Juoda spalva suteikia interjerui gylio ir klas\u0117s, puikiai papildydama tiek \u0161viesius, tiek tamsius dizaino elementus. SANTA FE BLACK stalvir\u0161is tampa ne tik prakti\u0161ku baldu, bet ir i\u0161skirtiniu, ak\u012f traukian\u010diu stiliaus akcentu. D\u0117l savo universalumo jis lengvai prisitaiko prie \u012fvairi\u0173 stili\u0173 \u2013 nuo modernaus iki minimalistinio.<\/p>\n<p>\u0160io stalvir\u0161io prakti\u0161kumas neabejotinas. Jis puikiai laiko kriaukles, tod\u0117l vonios kambaryje j\u012f naudoti patogu ir ergonomi\u0161ka. Pagamintas i\u0161 auk\u0161tos kokyb\u0117s med\u017eiag\u0173, jis yra atsparus dr\u0117gmei ir lengvai valomas, o tai labai svarbu kasdieniam naudojimui. Jums nebereikia r\u016bpintis d\u0117l patvarumo \u2013 SANTA FE BLACK stalvir\u0161is atlaikys net ir pa\u010dias at\u0161iauriausias s\u0105lygas.<\/p>\n<p>D\u0117l paprasto surinkimo \u0161\u012f stalvir\u0161\u012f vonios kambaryje sumontuoti labai paprasta. \u201eComad\u201c SANTA FE BLACK stalvir\u0161is yra puikus sprendimas ie\u0161kantiems unikalaus, ta\u010diau funkcionalaus vonios kambario papildymo. Rinkit\u0117s elegancij\u0105 ir kokyb\u0119, kuri pavers j\u016bs\u0173 erdv\u0119 stiliaus ir ramyb\u0117s oaze.<\/p>","protected":false},"excerpt":{"rendered":"<p>Plotis (cm): 60,4<br \/>\nGylis (cm): 46<br \/>\nAuk\u0161tis (cm): 2,5<\/p>","protected":false},"featured_media":242182,"comment_status":"open","ping_status":"open","template":"","meta":[],"product_brand":[],"product_cat":[9117,2015,9184],"product_tag":[],"class_list":{"0":"post-242181","1":"product","2":"type-product","3":"status-publish","4":"has-post-thumbnail","6":"product_cat-bathroom","7":"product_cat-comad","8":"product_cat-countertops-comad","10":"first","11":"instock","12":"purchasable","13":"product-type-simple"},"_links":{"self":[{"href":"https:\/\/baldumarket.lt\/lt\/wp-json\/wp\/v2\/product\/242181","targetHints":{"allow":["GET"]}}],"collection":[{"href":"https:\/\/baldumarket.lt\/lt\/wp-json\/wp\/v2\/product"}],"about":[{"href":"https:\/\/baldumarket.lt\/lt\/wp-json\/wp\/v2\/types\/product"}],"replies":[{"embeddable":true,"href":"https:\/\/baldumarket.lt\/lt\/wp-json\/wp\/v2\/comments?post=242181"}],"wp:featuredmedia":[{"embeddable":true,"href":"https:\/\/baldumarket.lt\/lt\/wp-json\/wp\/v2\/media\/242182"}],"wp:attachment":[{"href":"https:\/\/baldumarket.lt\/lt\/wp-json\/wp\/v2\/media?parent=242181"}],"wp:term":[{"taxonomy":"product_brand","embeddable":true,"href":"https:\/\/baldumarket.lt\/lt\/wp-json\/wp\/v2\/product_brand?post=242181"},{"taxonomy":"product_cat","embeddable":true,"href":"https:\/\/baldumarket.lt\/lt\/wp-json\/wp\/v2\/product_cat?post=242181"},{"taxonomy":"product_tag","embeddable":true,"href":"https:\/\/baldumarket.lt\/lt\/wp-json\/wp\/v2\/product_tag?post=242181"}],"curies":[{"name":"wp","href":"https:\/\/api.w.org\/{rel}","templated":true}]}}