{"id":242160,"date":"2026-01-02T22:49:42","date_gmt":"2026-01-02T19:49:42","guid":{"rendered":"https:\/\/baldumarket.lt\/product\/blat-lazienkowy-60-cm-nova-black\/"},"modified":"2026-02-11T18:34:13","modified_gmt":"2026-02-11T15:34:13","slug":"blat-lazienkowy-60-cm-nova-black","status":"publish","type":"product","link":"https:\/\/baldumarket.lt\/lt\/product\/blat-lazienkowy-60-cm-nova-black\/","title":{"rendered":"Vonios stalvir\u0161is 60 cm NOVA BLACK"},"content":{"rendered":"<p>NOVA BLACK 60 cm vonios stalvir\u0161is. Eleganti\u0161kas NOVA BLACK vonios stalvir\u0161is i\u0161 \u201eComad\u201c, matin\u0117s juodos spalvos. Pagamintas i\u0161 patvarios MDF plok\u0161t\u0117s, padengtos PVC folija, yra atsparus dr\u0117gmei ir lengvai valomas. Idealiai tinka moderniam interjerui, suteikiant stiliaus ir funkcionalumo. Matmenys: Plotis (cm): 60,4 Gylis (cm): 40 Auk\u0161tis (cm): 2,5 Svoris (kg): 6 Technin\u0117s specifikacijos: Spalva: Matin\u0117 juoda Med\u017eiaga: MDF plok\u0161t\u0117 \/ PVC folija \u201eComad\u201c NOVA BLACK 60 cm vonios stalvir\u0161is yra elegancijos ir modernumo kvintesencija, suteikianti j\u016bs\u0173 vonios kambariui unikal\u0173 stili\u0173. Matin\u0117 juoda spalva suteikia subtil\u0173, ta\u010diau i\u0161skirtin\u012f akcent\u0105, puikiai papildant\u012f modern\u0173 interjer\u0105. D\u0117l eleganti\u0161kos apdailos \u0161is stalvir\u0161is tampa bet kurio vonios kambario dizaino traukos centru. NOVA BLACK stalvir\u0161is buvo sukurtas atsi\u017evelgiant \u012f funkcionalum\u0105 ir estetik\u0105. Jo sta\u010diakamp\u0117 forma, kurios plotis 60,4 cm, o gylis 40 cm, puikiai tinka ma\u017eesniems ir vidutinio dyd\u017eio vonios kambariams, u\u017etikrinant optimal\u0173 erdv\u0117s i\u0161naudojim\u0105. Nepaisant lengvesn\u0117s konstrukcijos, sverian\u010dios vos 6 kg, stalvir\u0161is pasi\u017eymi tvirtumu ir ilgaam\u017ei\u0161kumu d\u0117l auk\u0161tos kokyb\u0117s MDF plok\u0161t\u0117s, padengtos specialia PVC pl\u0117vele.<\/p>\n<p>\u0160is eleganti\u0161kas vonios stalvir\u0161is \u017eavi ne tik savo i\u0161vaizda, bet ir funkcionalumu. Idealiai tinka kasdieniam naudojimui, yra ir gra\u017eus, ir prakti\u0161kas. Matin\u0117 apdaila leid\u017eia j\u012f lengvai valyti, o tai ypa\u010d svarbu vonios kambaryje.<\/p>\n<p>NOVA BLACK viename gaminyje sujungia estetik\u0105 ir funkcionalum\u0105, \u012fk\u016bnydamas \u0161iuolaikines interjero dizaino tendencijas. Jis pavers j\u016bs\u0173 vonios kambar\u012f eleganti\u0161ka atsipalaidavimo ir atsigavimo vieta, kur kiekvienas elementas yra kruop\u0161\u010diai suderintas, suteikiant erdvei harmoning\u0105 ir stiling\u0105 i\u0161vaizd\u0105.<\/p>","protected":false},"excerpt":{"rendered":"<p>Plotis (cm): 60,4<br \/>\nGylis (cm): 40<br \/>\nAuk\u0161tis (cm): 2,5<\/p>","protected":false},"featured_media":242161,"comment_status":"open","ping_status":"open","template":"","meta":[],"product_brand":[],"product_cat":[9117,2015,9184],"product_tag":[],"class_list":{"0":"post-242160","1":"product","2":"type-product","3":"status-publish","4":"has-post-thumbnail","6":"product_cat-bathroom","7":"product_cat-comad","8":"product_cat-countertops-comad","10":"first","11":"instock","12":"purchasable","13":"product-type-simple"},"_links":{"self":[{"href":"https:\/\/baldumarket.lt\/lt\/wp-json\/wp\/v2\/product\/242160","targetHints":{"allow":["GET"]}}],"collection":[{"href":"https:\/\/baldumarket.lt\/lt\/wp-json\/wp\/v2\/product"}],"about":[{"href":"https:\/\/baldumarket.lt\/lt\/wp-json\/wp\/v2\/types\/product"}],"replies":[{"embeddable":true,"href":"https:\/\/baldumarket.lt\/lt\/wp-json\/wp\/v2\/comments?post=242160"}],"wp:featuredmedia":[{"embeddable":true,"href":"https:\/\/baldumarket.lt\/lt\/wp-json\/wp\/v2\/media\/242161"}],"wp:attachment":[{"href":"https:\/\/baldumarket.lt\/lt\/wp-json\/wp\/v2\/media?parent=242160"}],"wp:term":[{"taxonomy":"product_brand","embeddable":true,"href":"https:\/\/baldumarket.lt\/lt\/wp-json\/wp\/v2\/product_brand?post=242160"},{"taxonomy":"product_cat","embeddable":true,"href":"https:\/\/baldumarket.lt\/lt\/wp-json\/wp\/v2\/product_cat?post=242160"},{"taxonomy":"product_tag","embeddable":true,"href":"https:\/\/baldumarket.lt\/lt\/wp-json\/wp\/v2\/product_tag?post=242160"}],"curies":[{"name":"wp","href":"https:\/\/api.w.org\/{rel}","templated":true}]}}