{"id":242147,"date":"2026-01-02T22:49:38","date_gmt":"2026-01-02T19:49:38","guid":{"rendered":"https:\/\/baldumarket.lt\/product\/blat-lazienkowy-60-cm-donna-sand-bez-piaskowy\/"},"modified":"2026-02-11T18:34:13","modified_gmt":"2026-02-11T15:34:13","slug":"blat-lazienkowy-60-cm-donna-sand-bez-piaskowy","status":"publish","type":"product","link":"https:\/\/baldumarket.lt\/lt\/product\/blat-lazienkowy-60-cm-donna-sand-bez-piaskowy\/","title":{"rendered":"Donna Sand vonios stalvir\u0161is, 60 cm, sm\u0117lio spalvos"},"content":{"rendered":"<p>Donna Sand 60 cm vonios stalvir\u0161is sm\u0117lio sm\u0117lio spalvosEleganti\u0161kas 60 cm Donna Sand vonios stalvir\u0161is sm\u0117lio sm\u0117lio spalvos \u2013 tai \u0161ilt\u0173 atspalvi\u0173 ir patvari\u0173 med\u017eiag\u0173 derinys. Pagamintas i\u0161 MDF, lengvai montuojamas ir pri\u017ei\u016brimas, jis puikiai papildys j\u016bs\u0173 vonios kambar\u012f, u\u017etikrindamas estetik\u0105 ir komfort\u0105 ilgus metus. Matmenys: Plotis (cm): 60,6 Gylis (cm): 46,5 Auk\u0161tis (cm): 2,2 Svoris (kg): 6,3 Techniniai duomenys: Med\u017eiaga: MDF Spalva: Sm\u0117lio sm\u0117lio spalvos Montavimas: Savaranki\u0161kas surinkimas Atraskite savo vonios kambario erdv\u0119 i\u0161 naujo su 60 cm Donna Sand vonios stalvir\u0161iu sm\u0117lio sm\u0117lio spalvos. \u0160is eleganti\u0161kas stalvir\u0161is ne tik praturtins j\u016bs\u0173 dekor\u0105, bet ir suteiks harmonijos j\u016bs\u0173 interjerui d\u0117l subtili\u0173, \u0161ilt\u0173 ton\u0173 naudojimo. Minimalistinis dizainas puikiai papildo \u012fvairius interjero stilius \u2013 nuo klasikinio iki modernaus.<\/p>\n<p>Stalvir\u0161is pagamintas i\u0161 auk\u0161tos kokyb\u0117s MDF plok\u0161t\u0117s, kuri u\u017etikrina jo patvarum\u0105 ir estetin\u012f patrauklum\u0105 ilgus metus. Be to, \u0161i med\u017eiaga padengta PVC pl\u0117vele, kuri ne tik sustiprina sm\u0117lio spalvos apdailos \u017eaves\u012f, bet ir palengvina stalvir\u0161io pavir\u0161iaus valym\u0105. Nedidel\u0117s d\u0117m\u0117s nesukels problem\u0173 ir \u017eymiai supaprastins kasdien\u012f \u0161io svarbaus vonios kambario elemento naudojim\u0105.<\/p>\n<p>Vienas i\u0161 pagrindini\u0173 \u201eDonna Sand\u201c stalvir\u0161io privalum\u0173 yra lengvas montavimas. D\u0117l gerai apgalvot\u0173 sprendim\u0173 stalvir\u0161io montavimas vonios kambaryje yra greitas ir be r\u016bpes\u010di\u0173. Tiesiog i\u0161gr\u0119\u017ekite atitinkam\u0105 skyl\u0119, kad sumontuotum\u0117te kriaukl\u0119, ir gal\u0117site j\u0105 pritaikyti pagal savo individualius poreikius. Kiekviena detal\u0117 buvo kruop\u0161\u010diai apgalvota, u\u017etikrinant ne tik greit\u0105, bet ir esteti\u0161k\u0105 montavim\u0105.<\/p>\n<p>Pasirinkdami \u201eDonna Sand\u201c vonios stalvir\u0161\u012f, renkat\u0117s gamin\u012f, pagamint\u0105 laikantis aplinkai nekenksming\u0173 standart\u0173, naudojant FSC sertifikuotas med\u017eiagas. Tokiu b\u016bdu galite b\u016bti tikri, kad investuojate \u012f kokyb\u0119 ir r\u016bpinat\u0117s aplinka. Ateikite ir pamatykite, kaip \u0161is unikalus stalvir\u0161is gali pakeisti j\u016bs\u0173 vonios kambar\u012f, suteikdamas jam klas\u0117s ir elegancijos, tuo pa\u010diu i\u0161likdamas prakti\u0161kas kasdieniam naudojimui.<\/p>","protected":false},"excerpt":{"rendered":"<p>Plotis (cm): 60,6<br \/>\n\u016agis (cm): 2,2<br \/>\nGylis (cm): 46,5<\/p>","protected":false},"featured_media":242148,"comment_status":"open","ping_status":"open","template":"","meta":[],"product_brand":[],"product_cat":[9117,2015,9184],"product_tag":[],"class_list":{"0":"post-242147","1":"product","2":"type-product","3":"status-publish","4":"has-post-thumbnail","6":"product_cat-bathroom","7":"product_cat-comad","8":"product_cat-countertops-comad","10":"first","11":"instock","12":"purchasable","13":"product-type-simple"},"_links":{"self":[{"href":"https:\/\/baldumarket.lt\/lt\/wp-json\/wp\/v2\/product\/242147","targetHints":{"allow":["GET"]}}],"collection":[{"href":"https:\/\/baldumarket.lt\/lt\/wp-json\/wp\/v2\/product"}],"about":[{"href":"https:\/\/baldumarket.lt\/lt\/wp-json\/wp\/v2\/types\/product"}],"replies":[{"embeddable":true,"href":"https:\/\/baldumarket.lt\/lt\/wp-json\/wp\/v2\/comments?post=242147"}],"wp:featuredmedia":[{"embeddable":true,"href":"https:\/\/baldumarket.lt\/lt\/wp-json\/wp\/v2\/media\/242148"}],"wp:attachment":[{"href":"https:\/\/baldumarket.lt\/lt\/wp-json\/wp\/v2\/media?parent=242147"}],"wp:term":[{"taxonomy":"product_brand","embeddable":true,"href":"https:\/\/baldumarket.lt\/lt\/wp-json\/wp\/v2\/product_brand?post=242147"},{"taxonomy":"product_cat","embeddable":true,"href":"https:\/\/baldumarket.lt\/lt\/wp-json\/wp\/v2\/product_cat?post=242147"},{"taxonomy":"product_tag","embeddable":true,"href":"https:\/\/baldumarket.lt\/lt\/wp-json\/wp\/v2\/product_tag?post=242147"}],"curies":[{"name":"wp","href":"https:\/\/api.w.org\/{rel}","templated":true}]}}