{"id":242136,"date":"2026-01-02T22:49:34","date_gmt":"2026-01-02T19:49:34","guid":{"rendered":"https:\/\/baldumarket.lt\/product\/blat-lazienkowy-60-cm-dab-wotan-nature\/"},"modified":"2026-02-11T18:34:14","modified_gmt":"2026-02-11T15:34:14","slug":"blat-lazienkowy-60-cm-dab-wotan-nature","status":"publish","type":"product","link":"https:\/\/baldumarket.lt\/lt\/product\/blat-lazienkowy-60-cm-dab-wotan-nature\/","title":{"rendered":"Vonios stalvir\u0161is, 60 cm, \u201eWotan Nature Oak\u201c, \u0105\u017euolas"},"content":{"rendered":"<p>60 cm \u201eWotan Oak Nature\u201c vonios stalvir\u0161is60 cm vonios stalvir\u0161is i\u0161 \u201eNature\u201c kolekcijos \u2013 tai tobulas stiliaus ir funkcionalumo derinys. Pagamintas i\u0161 MDF plok\u0161t\u0117s su \u201eWotan Oak\u201c apdaila, jis imituoja nat\u016brali\u0105 medien\u0105 ir suteikia interjerui jauki\u0105 atmosfer\u0105. Lengvai montuojamas, yra patvarus ir lengvai valomas. Matmenys: Plotis (cm): 60,6 Gylis (cm): 47,5 Auk\u0161tis (cm): 2,2 Svoris (kg): 6 Techniniai duomenys: Stalvir\u0161io spalva: \u201eWotan Oak\u201c Stalvir\u0161io med\u017eiaga: MDF plok\u0161t\u0117 Surinkimas: Savaranki\u0161kas surinkimas. Atraskite nat\u016bralios medienos gro\u017e\u012f savo vonios kambaryje su 60 cm \u201eWotan Oak Nature\u201c vonios stalvir\u0161iu i\u0161 \u201eComad\u201c. \u0160is eleganti\u0161kas stalvir\u0161is puikiai dera tiek prie modernaus, tiek prie klasikinio interjero dizaino, suteikdamas unikalaus charakterio ir jaukumo. Jo netaisyklingas, \u0161iek tiek banguotas kra\u0161tas imituoja autenti\u0161k\u0105 medienos pj\u016bv\u012f, tod\u0117l kiekvienas stalvir\u0161is yra unikalus ir vienetinis. Sukurtas 46 cm gylio spintel\u0117ms, \u0161is stalvir\u0161is ne tik \u017eavi savo i\u0161vaizda, bet ir si\u016blo funkcionalum\u0105. Pagamintas i\u0161 auk\u0161tos kokyb\u0117s MDF su dekoratyvine PVC pl\u0117vele, jis yra ne tik esteti\u0161kai patrauklus, bet ir patvarus, u\u017etikrinantis ilgaam\u017ei\u0161kum\u0105 ir atsparum\u0105 kasdieniam naudojimui. I\u0161skirtin\u0117 \u201eWotan Oak\u201c apdaila su intensyviu ra\u0161tu suteikia interjerui gylio ir kontrasting\u0173 atspalvi\u0173, pagyvindama bet koki\u0105 erdv\u0119. Gamyba Lenkijoje i\u0161 FSC sertifikuot\u0173 med\u017eiag\u0173 ne tik remia vietin\u0119 rink\u0105, bet ir garantuoja ilgaam\u017ei\u0161kum\u0105 bei atsakingum\u0105 u\u017e aplink\u0105. Stalvir\u0161\u012f lengva pri\u017ei\u016br\u0117ti \u2013 tiesiog nuvalykite j\u012f dr\u0117gnu skudur\u0117liu, kad jis ilgai atrodyt\u0173 kaip naujas. Stalvir\u0161io montavimas yra paprastas ir prieinamas \u2013 tiesiog i\u0161pjaukite skyl\u0119 sifonui pagal savo kriaukl\u0117s poreikius, tod\u0117l tai idealus sprendimas atliekant savaranki\u0161k\u0105 renovacij\u0105. Pasirink\u0119 \u201eComad\u201c \u201eWotan Nature Oak\u201c vonios stalvir\u0161\u012f, gausite ne tik prakti\u0161k\u0105 \u012frangos element\u0105, bet ir stiling\u0105 akcent\u0105, kuris pavers j\u016bs\u0173 vonios kambar\u012f atsipalaidavimo ir harmonijos vieta. D\u0117l savo kokyb\u0117s ir unikalaus dizaino \u0161is produktas tikrai patenkins net reikliausi\u0173 vartotoj\u0173 l\u016bkes\u010dius, sukurdamas erdv\u0119, kurioje kiekviena diena prasideda nuo prabangos prisilietimo.<\/p>","protected":false},"excerpt":{"rendered":"<p>Plotis (cm): 60,6<br \/>\n\u016agis (cm): 2,2<br \/>\nGylis (cm): 47,5<\/p>","protected":false},"featured_media":242137,"comment_status":"open","ping_status":"open","template":"","meta":[],"product_brand":[],"product_cat":[9117,2015,9184],"product_tag":[],"class_list":{"0":"post-242136","1":"product","2":"type-product","3":"status-publish","4":"has-post-thumbnail","6":"product_cat-bathroom","7":"product_cat-comad","8":"product_cat-countertops-comad","10":"first","11":"instock","12":"purchasable","13":"product-type-simple"},"_links":{"self":[{"href":"https:\/\/baldumarket.lt\/lt\/wp-json\/wp\/v2\/product\/242136","targetHints":{"allow":["GET"]}}],"collection":[{"href":"https:\/\/baldumarket.lt\/lt\/wp-json\/wp\/v2\/product"}],"about":[{"href":"https:\/\/baldumarket.lt\/lt\/wp-json\/wp\/v2\/types\/product"}],"replies":[{"embeddable":true,"href":"https:\/\/baldumarket.lt\/lt\/wp-json\/wp\/v2\/comments?post=242136"}],"wp:featuredmedia":[{"embeddable":true,"href":"https:\/\/baldumarket.lt\/lt\/wp-json\/wp\/v2\/media\/242137"}],"wp:attachment":[{"href":"https:\/\/baldumarket.lt\/lt\/wp-json\/wp\/v2\/media?parent=242136"}],"wp:term":[{"taxonomy":"product_brand","embeddable":true,"href":"https:\/\/baldumarket.lt\/lt\/wp-json\/wp\/v2\/product_brand?post=242136"},{"taxonomy":"product_cat","embeddable":true,"href":"https:\/\/baldumarket.lt\/lt\/wp-json\/wp\/v2\/product_cat?post=242136"},{"taxonomy":"product_tag","embeddable":true,"href":"https:\/\/baldumarket.lt\/lt\/wp-json\/wp\/v2\/product_tag?post=242136"}],"curies":[{"name":"wp","href":"https:\/\/api.w.org\/{rel}","templated":true}]}}