{"id":242130,"date":"2026-01-02T22:49:32","date_gmt":"2026-01-02T19:49:32","guid":{"rendered":"https:\/\/baldumarket.lt\/product\/blat-lazienkowy-60-cm-dab-cremona-nature\/"},"modified":"2026-02-11T18:34:14","modified_gmt":"2026-02-11T15:34:14","slug":"blat-lazienkowy-60-cm-dab-cremona-nature","status":"publish","type":"product","link":"https:\/\/baldumarket.lt\/lt\/product\/blat-lazienkowy-60-cm-dab-cremona-nature\/","title":{"rendered":"Vonios stalvir\u0161is, 60 cm, \u201eCremona Nature Oak\u201c, \u0105\u017euolas"},"content":{"rendered":"<p>60 cm vonios stalvir\u0161is i\u0161 \u201eCremona Oak Nature\u201c60 cm vonios stalvir\u0161is i\u0161 \u201eCremona Oak\u201c \u2013 puikus sprendimas moderniam interjerui. Jo nat\u016brali, \u012f medien\u0105 pana\u0161i i\u0161vaizda sukuria jauki\u0105 atmosfer\u0105. Pagamintas i\u0161 MDF, j\u012f lengva pri\u017ei\u016br\u0117ti, o lenki\u0161ka gamyba u\u017etikrina auk\u0161t\u0105 kokyb\u0119. Matmenys: Plotis (cm): 100,8 Gylis (cm): 47,5 Auk\u0161tis (cm): 2,2 Svoris (kg): 9 Techniniai duomenys: Stalvir\u0161io spalva: \u201eCremona Oak\u201c Stalvir\u0161io med\u017eiaga: MDF Surinkimas: Savaranki\u0161kas surinkimas 60 cm vonios stalvir\u0161is i\u0161 \u201eNature\u201c kolekcijos yra puikus pasirinkimas tiems, kurie nori savo vonios kambariui suteikti autenti\u0161k\u0105 ir jauki\u0105 atmosfer\u0105. Tikros medienos \u012fkv\u0117pimas, matomas netaisyklingoje, \u0161iek tiek banguotoje stalvir\u0161io briaunoje, paver\u010dia j\u012f kambario traukos centru. \u201eCremona Oak\u201c apdaila suteikia erdvei \u0161ilumos ir vizualinio lengvumo, tod\u0117l tai idealus elementas tiek moderniam, tiek klasikiniam vonios kambario dizainui. Sukurtas atsi\u017evelgiant \u012f prakti\u0161kum\u0105 ir funkcionalum\u0105, \u0161is stalvir\u0161is puikiai tinka 46 cm gylio praustuvams. Jis ne tik esteti\u0161kai patrauklus, bet ir patogus naudoti kiekvien\u0105 dien\u0105. Pagamintas i\u0161 MDF plok\u0161t\u0117s, padengtos PVC folija, garantuoja ilgaam\u017ei\u0161kum\u0105 ir suteikia unikali\u0105 i\u0161vaizd\u0105. Lenki\u0161ka gamyba, pagr\u012fsta FSC sertifikuotomis med\u017eiagomis, u\u017etikrina, kad pasirinkdami \u0161\u012f gamin\u012f remiate kokyb\u0119 ir ekologij\u0105. Dar vienas 60 cm vonios stalvir\u0161io privalumas \u2013 lengvas valymas. Stalvir\u0161io pavir\u0161ius atsparus dr\u0117gmei ir kasdieniams ne\u0161varumams, tod\u0117l j\u012f lengva pri\u017ei\u016br\u0117ti puikios b\u016bkl\u0117s. Tiesiog nuvalykite j\u012f dr\u0117gnu skudur\u0117liu ir daugel\u012f met\u0173 d\u017eiaugsit\u0117s jo gro\u017eiu. Be to, paprastas montavimas rei\u0161kia, kad kiekvienas gali greitai ir lengvai pakeisti savo vonios stalvir\u0161\u012f. Kiekviena \u0161io stalvir\u0161io detal\u0117 yra kruop\u0161\u010diai sukurta, prisidedant prie estetinio patrauklumo ir naudojimo patogumo. Ideal\u016bs 100,8 cm plo\u010dio ir 47,5 cm gylio matmenys leid\u017eia stalvir\u0161iui lengvai tilpti \u012f bet koki\u0105 erdv\u0119, sukurdami harmonijos ir stiliaus poj\u016bt\u012f. Rinkit\u0117s 60 cm \u201eCremona Nature Oak\u201c vonios stalvir\u0161\u012f i\u0161 \u201eComad\u201c ir paverskite savo vonios kambar\u012f prabangia ramyb\u0117s oaze.<\/p>","protected":false},"excerpt":{"rendered":"<p>Plotis (cm): 100,8<br \/>\n\u016agis (cm): 2,2<br \/>\nGylis (cm): 47,5<\/p>","protected":false},"featured_media":242131,"comment_status":"open","ping_status":"open","template":"","meta":[],"product_brand":[],"product_cat":[9117,2015,9184],"product_tag":[],"class_list":{"0":"post-242130","1":"product","2":"type-product","3":"status-publish","4":"has-post-thumbnail","6":"product_cat-bathroom","7":"product_cat-comad","8":"product_cat-countertops-comad","10":"first","11":"instock","12":"purchasable","13":"product-type-simple"},"_links":{"self":[{"href":"https:\/\/baldumarket.lt\/lt\/wp-json\/wp\/v2\/product\/242130","targetHints":{"allow":["GET"]}}],"collection":[{"href":"https:\/\/baldumarket.lt\/lt\/wp-json\/wp\/v2\/product"}],"about":[{"href":"https:\/\/baldumarket.lt\/lt\/wp-json\/wp\/v2\/types\/product"}],"replies":[{"embeddable":true,"href":"https:\/\/baldumarket.lt\/lt\/wp-json\/wp\/v2\/comments?post=242130"}],"wp:featuredmedia":[{"embeddable":true,"href":"https:\/\/baldumarket.lt\/lt\/wp-json\/wp\/v2\/media\/242131"}],"wp:attachment":[{"href":"https:\/\/baldumarket.lt\/lt\/wp-json\/wp\/v2\/media?parent=242130"}],"wp:term":[{"taxonomy":"product_brand","embeddable":true,"href":"https:\/\/baldumarket.lt\/lt\/wp-json\/wp\/v2\/product_brand?post=242130"},{"taxonomy":"product_cat","embeddable":true,"href":"https:\/\/baldumarket.lt\/lt\/wp-json\/wp\/v2\/product_cat?post=242130"},{"taxonomy":"product_tag","embeddable":true,"href":"https:\/\/baldumarket.lt\/lt\/wp-json\/wp\/v2\/product_tag?post=242130"}],"curies":[{"name":"wp","href":"https:\/\/api.w.org\/{rel}","templated":true}]}}