{"id":242126,"date":"2026-01-02T22:49:31","date_gmt":"2026-01-02T19:49:31","guid":{"rendered":"https:\/\/baldumarket.lt\/product\/blat-lazienkowy-60-cm-dab-cremona\/"},"modified":"2026-02-11T18:34:14","modified_gmt":"2026-02-11T15:34:14","slug":"blat-lazienkowy-60-cm-dab-cremona","status":"publish","type":"product","link":"https:\/\/baldumarket.lt\/lt\/product\/blat-lazienkowy-60-cm-dab-cremona\/","title":{"rendered":"Vonios stalvir\u0161is, 60 cm, Cremona \u0105\u017euolas"},"content":{"rendered":"<p>60 cm Cremona \u0105\u017euolo vonios stalvir\u0161is60 cm Cremona \u0105\u017euolo vonios stalvir\u0161is yra eleganti\u0161kas ir modernus pasirinkimas, puikiai tinkantis \u0161iaurieti\u0161ko stiliaus interjerui. Pagamintas i\u0161 MDF, jis yra patvarus ir lengvai valomas. Pagamintas Lenkijoje naudojant sertifikuotas med\u017eiagas. Matmenys: Plotis (cm): 60,6 Gylis (cm): 46,5 Auk\u0161tis (cm): 2,2 Svoris (kg): 6,3 Techniniai duomenys: Med\u017eiaga: MDF Spalva: Cremona \u0105\u017euolas Surinkimas: Savaranki\u0161kas surinkimas60 cm Cremona \u0105\u017euolo vonios stalvir\u0161is i\u0161 Comad yra puikus elementas, kuris suteiks j\u016bs\u0173 vonios kambariui ne tik funkcionalumo, bet ir unikalaus stiliaus. Nat\u016brali Cremona \u0105\u017euolo spalva suteikia interjerui \u0161ilt\u0105 ir jauk\u0173 poj\u016bt\u012f, puikiai papildydama modernius, minimalistinius dizainus. \u0160is stalvir\u0161is, si\u016blantis harmoning\u0105 estetikos ir prakti\u0161kumo derin\u012f, yra puikus pasirinkimas tiems, kurie vertina kokyb\u0119 ir elegancij\u0105.<\/p>\n<p>Pagamintas i\u0161 auk\u0161tos kokyb\u0117s MDF plok\u0161t\u0117s, \u0161is stalvir\u0161is padengtas patvaria PVC pl\u0117vele, u\u017etikrinan\u010dia jo ilgaam\u017ei\u0161kum\u0105 ir atsparum\u0105 kasdieniam naudojimui. Nat\u016bral\u016bs ra\u0161tai ir tekst\u016bros, atkartojantys med\u017eio gro\u017e\u012f, kiekvien\u0105 stalvir\u0161\u012f daro unikal\u0173 ir vienetin\u012f. Jo matmenys (plotis 60,6 cm, gylis 46,5 cm, auk\u0161tis 2,2 cm) idealiai tinka daugumai vonios kambari\u0173, o lengva konstrukcija (svoris 6,3 kg) palengvina transportavim\u0105 ir montavim\u0105.<\/p>\n<p>Montuodami stalvir\u0161\u012f, galite j\u012f pritaikyti savo poreikiams lengvai i\u0161pjaudami tinkam\u0105 ang\u0105 kanalizacijai. Tai leid\u017eia laisvai eksperimentuoti su erdv\u0117s i\u0161d\u0117stymu ir padidinti komfort\u0105. 60 cm vonios kambario stalvir\u0161is i\u0161 \u201eCremona Oak\u201c i\u0161siskiria ne tik estetika, bet ir funkcionalumu, tod\u0117l puikiai dera prie bet kokio interjero.<\/p>\n<p>Verta pamin\u0117ti, kad \u0161is gaminys pagamintas Lenkijoje i\u0161 FSC sertifikuot\u0173 med\u017eiag\u0173, o tai rei\u0161kia, kad remiate vietin\u0119 gamyb\u0105 ir r\u016bpinat\u0117s aplinka. \u0160is stalvir\u0161is, pasi\u017eymintis moderniu dizainu ir ekologi\u0161ka kokybe, papildys bet kok\u012f interjer\u0105, suteikdamas harmonijos ir ramyb\u0117s.<\/p>\n<p>Apibendrinant, 60 cm \u201eCremona Oak\u201c vonios kambario stalvir\u0161is yra puikus pasirinkimas tiems, kurie nori savo vonios kambariui suteikti ir stiliaus, ir funkcionalumo. D\u0117l patvarumo, lengvos prie\u017ei\u016bros ir unikalaus dizaino \u0161is gaminys patenkins net ir reikliausi\u0173 vartotoj\u0173 l\u016bkes\u010dius. Pa\u017ei\u016br\u0117kite, kaip lengvai galite pakeisti savo vonios kambar\u012f!<\/p>","protected":false},"excerpt":{"rendered":"<p>Plotis (cm): 60,6<br \/>\n\u016agis (cm): 2,2<br \/>\nGylis (cm): 46,5<\/p>","protected":false},"featured_media":242127,"comment_status":"open","ping_status":"open","template":"","meta":[],"product_brand":[],"product_cat":[9117,2015,9184],"product_tag":[],"class_list":{"0":"post-242126","1":"product","2":"type-product","3":"status-publish","4":"has-post-thumbnail","6":"product_cat-bathroom","7":"product_cat-comad","8":"product_cat-countertops-comad","10":"first","11":"instock","12":"purchasable","13":"product-type-simple"},"_links":{"self":[{"href":"https:\/\/baldumarket.lt\/lt\/wp-json\/wp\/v2\/product\/242126","targetHints":{"allow":["GET"]}}],"collection":[{"href":"https:\/\/baldumarket.lt\/lt\/wp-json\/wp\/v2\/product"}],"about":[{"href":"https:\/\/baldumarket.lt\/lt\/wp-json\/wp\/v2\/types\/product"}],"replies":[{"embeddable":true,"href":"https:\/\/baldumarket.lt\/lt\/wp-json\/wp\/v2\/comments?post=242126"}],"wp:featuredmedia":[{"embeddable":true,"href":"https:\/\/baldumarket.lt\/lt\/wp-json\/wp\/v2\/media\/242127"}],"wp:attachment":[{"href":"https:\/\/baldumarket.lt\/lt\/wp-json\/wp\/v2\/media?parent=242126"}],"wp:term":[{"taxonomy":"product_brand","embeddable":true,"href":"https:\/\/baldumarket.lt\/lt\/wp-json\/wp\/v2\/product_brand?post=242126"},{"taxonomy":"product_cat","embeddable":true,"href":"https:\/\/baldumarket.lt\/lt\/wp-json\/wp\/v2\/product_cat?post=242126"},{"taxonomy":"product_tag","embeddable":true,"href":"https:\/\/baldumarket.lt\/lt\/wp-json\/wp\/v2\/product_tag?post=242126"}],"curies":[{"name":"wp","href":"https:\/\/api.w.org\/{rel}","templated":true}]}}