{"id":242120,"date":"2026-01-02T22:49:29","date_gmt":"2026-01-02T19:49:29","guid":{"rendered":"https:\/\/baldumarket.lt\/product\/blat-lazienkowy-60-cm-dab-coast-evoke-nature\/"},"modified":"2026-02-11T18:34:14","modified_gmt":"2026-02-11T15:34:14","slug":"blat-lazienkowy-60-cm-dab-coast-evoke-nature","status":"publish","type":"product","link":"https:\/\/baldumarket.lt\/lt\/product\/blat-lazienkowy-60-cm-dab-coast-evoke-nature\/","title":{"rendered":"60 cm \u201eCoast Oak\u201c vonios stalvir\u0161is, \u201eEvoke Nature\u201c"},"content":{"rendered":"<p>\u201eCoast Evoke Nature\u201c 60 cm vonios stalvir\u0161is, \u0105\u017euolas. \u201eCoast Evoke Nature\u201c 60 cm vonios stalvir\u0161is derina elegancij\u0105 ir funkcionalum\u0105. \u012ekv\u0117ptas gamtos ir banguot\u0173 kra\u0161t\u0173, jis unikaliai pagamintas i\u0161 sertifikuotos MDF, tod\u0117l j\u012f lengva pri\u017ei\u016br\u0117ti. Puikiai tinka vonios spintel\u0117ms po kriaukle. Matmenys: Plotis (cm): 60,6 Gylis (cm): 40,5 Auk\u0161tis (cm): 2,2 Svoris (kg): 5 Techniniai duomenys: Stalvir\u0161io spalva: \u201eCoast Evoke Oak\u201c Stalvir\u0161io med\u017eiaga: MDF Surinkimas: Savaranki\u0161kas surinkimas. Atraskite naujausio \u201eComad\u201c 60 cm vonios stalvir\u0161io \u201eCoast Evoke Nature Oak\u201c \u017eaves\u012f, kuris \u012f j\u016bs\u0173 vonios kambar\u012f \u012fne\u0161 gamtos ir \u0161ilumos prisilietim\u0105. \u0160is unikalus gaminys sukurtas ne tik atsi\u017evelgiant \u012f funkcionalum\u0105, bet ir \u012f estetik\u0105, sukuriant jauki\u0105 atmosfer\u0105, skatinan\u010di\u0105 atsipalaiduoti. Unikalus dizainas, \u012fkv\u0117ptas nat\u016bralios medienos, suteikia erdvei i\u0161rai\u0161kingumo, o subtil\u016bs kra\u0161t\u0173 bangavimai sukuria autenti\u0161k\u0105 i\u0161vaizd\u0105, kuri\u0105 \u012fvertins kiekvienas klasikini\u0173 sprendim\u0173 m\u0117g\u0117jas. Stalvir\u0161io matmenys buvo kruop\u0161\u010diai suplanuoti, kad puikiai tikt\u0173 standartin\u0117ms 40 cm gylio kriaukl\u0117s spintel\u0117ms, sukurdami darn\u0173 ir funkcional\u0173 i\u0161d\u0117stym\u0105. MDF ir PVC folijos stalvir\u0161is ne tik \u017eavi savo i\u0161vaizda, bet ir u\u017etikrina i\u0161skirtin\u012f patvarum\u0105, u\u017etikrindamas ilgus metus d\u017eiaugsmo j\u016bs\u0173 interjere. Be to, lengvai valomas pavir\u0161ius leid\u017eia palaikyti nepriekai\u0161ting\u0105 b\u016bkl\u0119 \u2013 vienas malonumas. 60 cm \u201eNature\u201c kolekcijos stalvir\u0161is yra ne tik eleganti\u0161kas, bet ir ekologi\u0161kas pasirinkimas. M\u016bs\u0173 gaminiai pagaminti i\u0161 FSC sertifikuot\u0173 med\u017eiag\u0173, garantuojan\u010di\u0173 auk\u0161t\u0105 j\u0173 kokyb\u0119 ir r\u016bpest\u012f m\u016bs\u0173 planeta. Montuodami praustuv\u0105, tiesiog i\u0161pjaukite skyl\u0119 sifonui, pritaikydami j\u012f pagal savo poreikius \u2013 ne\u012ftik\u0117tinai paprastas procesas, nereikalaujantis joki\u0173 speciali\u0173 \u012fg\u016bd\u017ei\u0173. Pasirinkdami \u201eCoast Evoke Nature Oak\u201c vonios stalvir\u0161\u012f i\u0161 \u201eComad\u201c, investuojate \u012f gamin\u012f, kuris derina modern\u0173 dizain\u0105 su funkcionalumu. Kiekviena detal\u0117 buvo kruop\u0161\u010diai apgalvota, tod\u0117l \u0161io stalvir\u0161io naudojimas yra tikras malonumas. Sukurkite savo svajoni\u0173 vonios kambar\u012f, kuriame kiekvienas elementas dera su likusiu dekoru, suteikdamas unikalaus charakterio. Tai puikus pasirinkimas tiems, kurie ie\u0161ko patvari\u0173 ir stiling\u0173 sprendim\u0173 savo erdv\u0117ms.<\/p>","protected":false},"excerpt":{"rendered":"<p>Plotis (cm): 60,6<br \/>\n\u016agis (cm): 2,2<br \/>\nGylis (cm): 40,5<\/p>","protected":false},"featured_media":242121,"comment_status":"open","ping_status":"open","template":"","meta":[],"product_brand":[],"product_cat":[9117,2015,9184],"product_tag":[],"class_list":{"0":"post-242120","1":"product","2":"type-product","3":"status-publish","4":"has-post-thumbnail","6":"product_cat-bathroom","7":"product_cat-comad","8":"product_cat-countertops-comad","10":"first","11":"instock","12":"purchasable","13":"product-type-simple"},"_links":{"self":[{"href":"https:\/\/baldumarket.lt\/lt\/wp-json\/wp\/v2\/product\/242120","targetHints":{"allow":["GET"]}}],"collection":[{"href":"https:\/\/baldumarket.lt\/lt\/wp-json\/wp\/v2\/product"}],"about":[{"href":"https:\/\/baldumarket.lt\/lt\/wp-json\/wp\/v2\/types\/product"}],"replies":[{"embeddable":true,"href":"https:\/\/baldumarket.lt\/lt\/wp-json\/wp\/v2\/comments?post=242120"}],"wp:featuredmedia":[{"embeddable":true,"href":"https:\/\/baldumarket.lt\/lt\/wp-json\/wp\/v2\/media\/242121"}],"wp:attachment":[{"href":"https:\/\/baldumarket.lt\/lt\/wp-json\/wp\/v2\/media?parent=242120"}],"wp:term":[{"taxonomy":"product_brand","embeddable":true,"href":"https:\/\/baldumarket.lt\/lt\/wp-json\/wp\/v2\/product_brand?post=242120"},{"taxonomy":"product_cat","embeddable":true,"href":"https:\/\/baldumarket.lt\/lt\/wp-json\/wp\/v2\/product_cat?post=242120"},{"taxonomy":"product_tag","embeddable":true,"href":"https:\/\/baldumarket.lt\/lt\/wp-json\/wp\/v2\/product_tag?post=242120"}],"curies":[{"name":"wp","href":"https:\/\/api.w.org\/{rel}","templated":true}]}}