{"id":242114,"date":"2026-01-02T22:49:27","date_gmt":"2026-01-02T19:49:27","guid":{"rendered":"https:\/\/baldumarket.lt\/product\/blat-lazienkowy-60-cm-dab-casella-nature\/"},"modified":"2026-02-11T18:34:14","modified_gmt":"2026-02-11T15:34:14","slug":"blat-lazienkowy-60-cm-dab-casella-nature","status":"publish","type":"product","link":"https:\/\/baldumarket.lt\/lt\/product\/blat-lazienkowy-60-cm-dab-casella-nature\/","title":{"rendered":"Vonios stalvir\u0161is, 60 cm, \u201eCasella Nature Oak\u201c, \u0105\u017euolas"},"content":{"rendered":"<p>60 cm \u201eCasella Nature Oak\u201c vonios stalvir\u0161is60 cm \u201eCasella Nature Oak\u201c vonios stalvir\u0161is \u2013 tai tobulas stiliaus ir funkcionalumo derinys. \u012ekv\u0117ptas nat\u016bralios medienos, su \u0161iek tiek banguotu kra\u0161tu, jis suteikia interjerui jauki\u0105 atmosfer\u0105. Pagamintas i\u0161 auk\u0161tos kokyb\u0117s MDF, yra lengvai pri\u017ei\u016brimas ir patvarus. Matmenys: Plotis (cm): 60,6 Gylis (cm): 40,5 Auk\u0161tis (cm): 2,2 Svoris (kg): 5 Techniniai duomenys: Stalvir\u0161io spalva: \u201eCasella Oak\u201c Stalvir\u0161io med\u017eiaga: MDF Surinkimas: Savaranki\u0161kas surinkimas. \u012ene\u0161kite gamtos prisilietim\u0105 \u012f savo vonios kambar\u012f su \u201eComad\u201c \u201eCasella Nature Oak\u201c vonios stalvir\u0161iu. \u0160is eleganti\u0161kas ir funkcionalus 60 cm plo\u010dio stalvir\u0161is puikiai dera tiek prie modernaus, tiek prie klasikinio interjero, suteikdamas jaukumo. \u201eCasella Oak\u201c tonerio apdaila su \u0161iltais rudais atspalviais skland\u017eiai dera su \u012fvairiomis spalvomis ir dizaino stiliais, sukurdama harmonij\u0105 bet kuriame vonios kambaryje. Sukurtas 40 cm gylio praustuv\u0173 spintel\u0117ms, \u0161is stalvir\u0161is yra prakti\u0161kas sprendimas, kuris patenkins visos \u0161eimos poreikius. Jo \u0161iek tiek banguotas kra\u0161tas imituoja nat\u016braliai pjaut\u0105 med\u017eio gabal\u0105, suteikdamas jam unikali\u0105 ir autenti\u0161k\u0105 i\u0161vaizd\u0105. Pagamintas i\u0161 MDF med\u017eiagos, padengtos PVC pl\u0117vele, stalvir\u0161is garantuoja ne tik estetik\u0105, bet ir lengv\u0105 prie\u017ei\u016br\u0105. Atsparus dr\u0117gmei ir ne\u0161varumams, kasdienis valymas yra vienas juokas. \u012erengdami \u0161\u012f stalvir\u0161\u012f, investuojate ne tik \u012f kokyb\u0119, bet ir \u012f prakti\u0161kum\u0105. Savaranki\u0161kas surinkimas leid\u017eia pritaikyti j\u012f pagal individualius poreikius ir pageidavimus. Tiesiog i\u0161pjaukite skyl\u0119 sifonui \u2013 tai suteiks jums daugiau lankstumo renkantis praustuv\u0105. Kruop\u0161\u010diai atkreipus d\u0117mes\u012f \u012f detales, \u201eCasella Oak\u201c stalvir\u0161is garantuoja estetin\u012f patrauklum\u0105 ir ilgamet\u012f komfort\u0105. Pasirinkdami \u201eComad\u201c gamin\u012f, renkat\u0117s lenki\u0161k\u0105 kokyb\u0119 ir FSC sertifikuotas, aplinkai nekenksmingas med\u017eiagas. \u201eCasella Nature Oak\u201c vonios kambario stalvir\u0161is yra investicija, kuri suteiks j\u016bs\u0173 erdvei charakterio ir padarys j\u0105 funkcionalesn\u0119. Kiekvienas vartotojas tikrai \u012fvertins gro\u017eio ir prakti\u0161kumo derin\u012f, tod\u0117l \u0161is gaminys bus unikalus ir nesenstantis bet kuriame interjere.<\/p>","protected":false},"excerpt":{"rendered":"<p>Plotis (cm): 60,6<br \/>\n\u016agis (cm): 2,2<br \/>\nGylis (cm): 40,5<\/p>","protected":false},"featured_media":242115,"comment_status":"open","ping_status":"open","template":"","meta":[],"product_brand":[],"product_cat":[9117,2015,9184],"product_tag":[],"class_list":{"0":"post-242114","1":"product","2":"type-product","3":"status-publish","4":"has-post-thumbnail","6":"product_cat-bathroom","7":"product_cat-comad","8":"product_cat-countertops-comad","10":"first","11":"instock","12":"purchasable","13":"product-type-simple"},"_links":{"self":[{"href":"https:\/\/baldumarket.lt\/lt\/wp-json\/wp\/v2\/product\/242114","targetHints":{"allow":["GET"]}}],"collection":[{"href":"https:\/\/baldumarket.lt\/lt\/wp-json\/wp\/v2\/product"}],"about":[{"href":"https:\/\/baldumarket.lt\/lt\/wp-json\/wp\/v2\/types\/product"}],"replies":[{"embeddable":true,"href":"https:\/\/baldumarket.lt\/lt\/wp-json\/wp\/v2\/comments?post=242114"}],"wp:featuredmedia":[{"embeddable":true,"href":"https:\/\/baldumarket.lt\/lt\/wp-json\/wp\/v2\/media\/242115"}],"wp:attachment":[{"href":"https:\/\/baldumarket.lt\/lt\/wp-json\/wp\/v2\/media?parent=242114"}],"wp:term":[{"taxonomy":"product_brand","embeddable":true,"href":"https:\/\/baldumarket.lt\/lt\/wp-json\/wp\/v2\/product_brand?post=242114"},{"taxonomy":"product_cat","embeddable":true,"href":"https:\/\/baldumarket.lt\/lt\/wp-json\/wp\/v2\/product_cat?post=242114"},{"taxonomy":"product_tag","embeddable":true,"href":"https:\/\/baldumarket.lt\/lt\/wp-json\/wp\/v2\/product_tag?post=242114"}],"curies":[{"name":"wp","href":"https:\/\/api.w.org\/{rel}","templated":true}]}}