{"id":242058,"date":"2026-01-02T22:49:06","date_gmt":"2026-01-02T19:49:06","guid":{"rendered":"https:\/\/baldumarket.lt\/product\/blat-lazienkowy-20-cm-nova-black\/"},"modified":"2026-02-11T18:34:16","modified_gmt":"2026-02-11T15:34:16","slug":"blat-lazienkowy-20-cm-nova-black","status":"publish","type":"product","link":"https:\/\/baldumarket.lt\/lt\/product\/blat-lazienkowy-20-cm-nova-black\/","title":{"rendered":"Vonios stalvir\u0161is 20 cm NOVA BLACK"},"content":{"rendered":"<p>NOVA BLACK vonios stalvir\u0161is 20 cm. \u201eComad\u201c NOVA BLACK vonios stalvir\u0161is pasi\u017eymi matiniu juodu pavir\u0161iumi ir yra pagamintas i\u0161 MDF plok\u0161t\u0117s, padengtos PVC folija. Idealiai tinka moderniam vonios kambario dizainui, jis derina elegancij\u0105 ir prakti\u0161kum\u0105. Matmenys: Plotis (cm): 20,4 Gylis (cm): 40 Auk\u0161tis (cm): 2,5 Svoris (kg): 1,5 Techniniai duomenys: Spalva: Matin\u0117 juoda Med\u017eiaga: MDF plok\u0161t\u0117 \/ PVC folija Suteikite savo vonios kambariui modernios prabangos su \u201eComad\u201c NOVA BLACK vonios stalvir\u0161iu. Matin\u0117 juoda spalva suteikia elegancijos ir rafinuotumo, puikiai papildydama \u012fvairius interjero stilius \u2013 nuo minimalistinio iki rafinuoto. \u0160is stalvir\u0161is taps j\u016bs\u0173 vonios kambario traukos centru, palaipsniui pritraukdamas d\u0117mes\u012f ir d\u017eiugindamas subtilia estetika.<\/p>\n<p>NOVA BLACK stalvir\u0161\u012f i\u0161skirtiniu daro ne tik i\u0161vaizda. Kompakti\u0161ki matmenys \u2013 20,4 cm plo\u010dio, 40 cm gylio ir 2,5 cm auk\u0161\u010dio \u2013 leid\u017eia j\u012f naudoti ma\u017eesn\u0117se erdv\u0117se, ta\u010diau jame vis tiek yra pakankamai vietos kasdieniams higienos reikmenims ir aksesuarams. Tai puikus pasirinkimas tiems, kurie savo namuose vertina ir stili\u0173, ir funkcionalum\u0105.<\/p>\n<p>Pagamintas i\u0161 auk\u0161\u010diausios kokyb\u0117s MDF plok\u0161t\u0117s, padengtos PVC folija, NOVA BLACK stalvir\u0161is garantuoja ilgaam\u017ei\u0161kum\u0105 ir atsparum\u0105 dr\u0117gmei, kurie yra labai svarb\u016bs vonios kambario aplinkoje. Jo gamyboje naudojamos med\u017eiagos yra ne tik labai patvarios, bet ir lengvai valomos, tod\u0117l \u017eymiai supaprastina kasdien\u0119 prie\u017ei\u016br\u0105.<\/p>\n<p>\u201eNOVA BLACK\u201c stalvir\u0161is yra ne tik gra\u017eus papildymas, bet ir investicija \u012f prakti\u0161k\u0105 bei ilgaam\u017e\u012f j\u016bs\u0173 vonios kambario sprendim\u0105. Pasirinkite elegancijos ir funkcionalumo derin\u012f su \u201eComad\u201c prek\u0117s \u017eenklu, ir j\u016bs\u0173 vonios kambarys \u012fgis nauj\u0105, stiling\u0105 dimensij\u0105.<\/p>","protected":false},"excerpt":{"rendered":"<p>Plotis (cm): 20,4<br \/>\nGylis (cm): 40<br \/>\nAuk\u0161tis (cm): 2,5<\/p>","protected":false},"featured_media":242059,"comment_status":"open","ping_status":"open","template":"","meta":[],"product_brand":[],"product_cat":[9117,2015,9184],"product_tag":[],"class_list":{"0":"post-242058","1":"product","2":"type-product","3":"status-publish","4":"has-post-thumbnail","6":"product_cat-bathroom","7":"product_cat-comad","8":"product_cat-countertops-comad","10":"first","11":"instock","12":"purchasable","13":"product-type-simple"},"_links":{"self":[{"href":"https:\/\/baldumarket.lt\/lt\/wp-json\/wp\/v2\/product\/242058","targetHints":{"allow":["GET"]}}],"collection":[{"href":"https:\/\/baldumarket.lt\/lt\/wp-json\/wp\/v2\/product"}],"about":[{"href":"https:\/\/baldumarket.lt\/lt\/wp-json\/wp\/v2\/types\/product"}],"replies":[{"embeddable":true,"href":"https:\/\/baldumarket.lt\/lt\/wp-json\/wp\/v2\/comments?post=242058"}],"wp:featuredmedia":[{"embeddable":true,"href":"https:\/\/baldumarket.lt\/lt\/wp-json\/wp\/v2\/media\/242059"}],"wp:attachment":[{"href":"https:\/\/baldumarket.lt\/lt\/wp-json\/wp\/v2\/media?parent=242058"}],"wp:term":[{"taxonomy":"product_brand","embeddable":true,"href":"https:\/\/baldumarket.lt\/lt\/wp-json\/wp\/v2\/product_brand?post=242058"},{"taxonomy":"product_cat","embeddable":true,"href":"https:\/\/baldumarket.lt\/lt\/wp-json\/wp\/v2\/product_cat?post=242058"},{"taxonomy":"product_tag","embeddable":true,"href":"https:\/\/baldumarket.lt\/lt\/wp-json\/wp\/v2\/product_tag?post=242058"}],"curies":[{"name":"wp","href":"https:\/\/api.w.org\/{rel}","templated":true}]}}