{"id":242053,"date":"2026-01-02T22:49:04","date_gmt":"2026-01-02T19:49:04","guid":{"rendered":"https:\/\/baldumarket.lt\/product\/blat-lazienkowy-180-cm-santa-fe-black\/"},"modified":"2026-02-11T18:34:16","modified_gmt":"2026-02-11T15:34:16","slug":"blat-lazienkowy-180-cm-santa-fe-black","status":"publish","type":"product","link":"https:\/\/baldumarket.lt\/lt\/product\/blat-lazienkowy-180-cm-santa-fe-black\/","title":{"rendered":"Vonios stalvir\u0161is 180 cm SANTA FE BLACK"},"content":{"rendered":"<p>SANTA FE BLACK vonios stalvir\u0161is 180 cm. \u201eComad\u201c \u201eSANTA FE BLACK\u201c vonios stalvir\u0161is yra eleganti\u0161kas j\u016bs\u0173 vonios kambario papildymas. Pagamintas i\u0161 patvarios MDF plok\u0161t\u0117s, stilingos juodos spalvos. Suteikite savo erdvei modernumo, m\u0117gaudamiesi estetika ir funkcionalumu. Matmenys: Plotis (cm): 180,4 Gylis (cm): 46 Auk\u0161tis (cm): 2,5 Techniniai duomenys: Spalva: Juoda Stalvir\u0161io med\u017eiaga: MDF Svoris: 16,5 Suteikite savo vonios kambariui elegancijos su \u201eComad\u201c \u201eSANTA FE BLACK\u201c vonios stalvir\u0161iu. \u0160is unikalus klasikin\u0117s juodos spalvos baldas prad\u017eiugins kiekvien\u0105 modernaus interjero dizaino myl\u0117toj\u0105. Juodas \u0161io stalvir\u0161io atspalvis puikiai papildys bet kur\u012f vonios kambar\u012f, sukurdamas rafinuot\u0105, ta\u010diau subtil\u0173 akcent\u0105, kuris pritrauks j\u016bs\u0173 sve\u010di\u0173 ak\u012f. MDF, i\u0161 kurios pagamintas \u0161is stalvir\u0161is, yra med\u017eiaga, pasi\u017eyminti dideliu patvarumu ir atsparumu dr\u0117gmei, o tai labai svarbu tokiame kambaryje kaip vonios kambarys. D\u0117l \u0161io sprendimo galite m\u0117gautis nepriekai\u0161tinga stalvir\u0161io i\u0161vaizda daugel\u012f met\u0173, nesijaudindami d\u0117l jo b\u016bkl\u0117s. Pamir\u0161kite kasdien\u0117s prie\u017ei\u016bros r\u016bpes\u010dius \u2013 \u0161is stalvir\u0161is susidoros su bet kokiais i\u0161\u0161\u016bkiais. 180,4 cm plo\u010dio ir 46 cm gylio stalvir\u0161is suteikia daug vietos \u012fvairiems vonios kambario aksesuarams. Erdv\u0119 galite organizuoti pagal savo poreikius ir pageidavimus, sukurdami tobul\u0105 aplink\u0105 kasdieniams gro\u017eio ritualams. 2,5 cm auk\u0161tis suteikia stalvir\u0161iui lengvumo, tuo pa\u010diu i\u0161likdamas prakti\u0161ku sprendimu bet kuriame vonios kambaryje. Stilingas ir funkcionalus \u201eComad\u201c vonios stalvir\u0161is \u201eSANTA FE BLACK\u201c yra puikus pasirinkimas tiems, kurie vertina ir estetik\u0105, ir naudojimo paprastum\u0105. Modernaus dizaino ir praktini\u0173 privalum\u0173 derinys paver\u010dia j\u012f puikiu bet kurio vonios kambario papildymu. Leiskite sau b\u016bti su\u017eav\u0117tam jo \u017eavesiu ir investuokite \u012f gro\u017eio ir funkcionalumo k\u016brin\u012f, kuris atlaikys laiko i\u0161bandym\u0105.<\/p>","protected":false},"excerpt":{"rendered":"<p>Auk\u0161tis (cm): 2,5<br \/>\nPlotis (cm): 180,4<br \/>\nGylis (cm): 46<\/p>","protected":false},"featured_media":242054,"comment_status":"open","ping_status":"open","template":"","meta":[],"product_brand":[],"product_cat":[9117,2015,9184],"product_tag":[],"class_list":{"0":"post-242053","1":"product","2":"type-product","3":"status-publish","4":"has-post-thumbnail","6":"product_cat-bathroom","7":"product_cat-comad","8":"product_cat-countertops-comad","10":"first","11":"instock","12":"purchasable","13":"product-type-simple"},"_links":{"self":[{"href":"https:\/\/baldumarket.lt\/lt\/wp-json\/wp\/v2\/product\/242053","targetHints":{"allow":["GET"]}}],"collection":[{"href":"https:\/\/baldumarket.lt\/lt\/wp-json\/wp\/v2\/product"}],"about":[{"href":"https:\/\/baldumarket.lt\/lt\/wp-json\/wp\/v2\/types\/product"}],"replies":[{"embeddable":true,"href":"https:\/\/baldumarket.lt\/lt\/wp-json\/wp\/v2\/comments?post=242053"}],"wp:featuredmedia":[{"embeddable":true,"href":"https:\/\/baldumarket.lt\/lt\/wp-json\/wp\/v2\/media\/242054"}],"wp:attachment":[{"href":"https:\/\/baldumarket.lt\/lt\/wp-json\/wp\/v2\/media?parent=242053"}],"wp:term":[{"taxonomy":"product_brand","embeddable":true,"href":"https:\/\/baldumarket.lt\/lt\/wp-json\/wp\/v2\/product_brand?post=242053"},{"taxonomy":"product_cat","embeddable":true,"href":"https:\/\/baldumarket.lt\/lt\/wp-json\/wp\/v2\/product_cat?post=242053"},{"taxonomy":"product_tag","embeddable":true,"href":"https:\/\/baldumarket.lt\/lt\/wp-json\/wp\/v2\/product_tag?post=242053"}],"curies":[{"name":"wp","href":"https:\/\/api.w.org\/{rel}","templated":true}]}}