{"id":242046,"date":"2026-01-02T22:49:01","date_gmt":"2026-01-02T19:49:01","guid":{"rendered":"https:\/\/baldumarket.lt\/product\/blat-lazienkowy-160-cm-santa-fe-black\/"},"modified":"2026-02-11T18:34:17","modified_gmt":"2026-02-11T15:34:17","slug":"blat-lazienkowy-160-cm-santa-fe-black","status":"publish","type":"product","link":"https:\/\/baldumarket.lt\/lt\/product\/blat-lazienkowy-160-cm-santa-fe-black\/","title":{"rendered":"Vonios stalvir\u0161is 160 cm SANTA FE BLACK"},"content":{"rendered":"<p>SANTA FE BLACK vonios stalvir\u0161is 160 cm. \u201eComad\u201c \u201eSANTA FE BLACK\u201c vonios stalvir\u0161is. Pagamintas i\u0161 MDF plok\u0161t\u0117s, juoda spalva suteikia eleganti\u0161ko ir modernaus stiliaus. Puikiai tinka bet kokiam vonios kambariui, i\u0161siskiria savo patvarumu ir estetika. Suteikite savo erdvei klas\u0117s ir funkcionalumo. Matmenys: Plotis (cm): 160,4 Gylis (cm): 46 Auk\u0161tis (cm): 2,5 Techniniai duomenys: Spalva: Juoda Stalvir\u0161io med\u017eiaga: MDF Svoris: 14. \u201eSANTA FE BLACK\u201c vonios stalvir\u0161is yra puikus pasirinkimas tiems, kurie nori savo vonios kambariui suteikti modernumo ir elegancijos. Stilinga juoda spalva efektyviai i\u0161ry\u0161kina minimalistin\u012f interjero dizain\u0105, pritraukia d\u0117mes\u012f ir suteikia kambariui unikal\u0173 charakter\u012f. Juodas atspalvis suteikia puik\u0173 fon\u0105 \u012fvairiems aksesuarams, kuriuos galima lengvai keisti pagal sezonines tendencijas ir asmeninius pageidavimus. Pagamintas i\u0161 auk\u0161tos kokyb\u0117s MDF plok\u0161t\u0117s, \u201eComad\u201c \u201eSANTA FE BLACK\u201c stalvir\u0161is pasi\u017eymi ne tik esteti\u0161kai patrauklia i\u0161vaizda, bet ir patvarumu bei atsparumu kasdieniam naudojimui. D\u0117l kruop\u0161taus apdailos \u0161\u012f stalvir\u0161\u012f lengva valyti, o tai ypa\u010d svarbu dr\u0117gnoje vonios kambario aplinkoje. D\u0117l gra\u017eaus, lygaus pavir\u0161iaus jis tinka \u012fvairiems dizainams \u2013 nuo modernaus iki tradicinio. \u012esp\u016bdingo 160,4 cm plo\u010dio \u0161is stalvir\u0161is suteikia daug naudingos erdv\u0117s, padeda i\u0161laikyti vonios kambar\u012f tvarking\u0105 ir organizuot\u0105. Jis idealiai tinka montuoti po kriaukle, sukuriant eleganti\u0161k\u0105 ir funkcional\u0173 darbin\u012f pavir\u0161i\u0173. Subtilus 2,5 cm storis suteikia lengvumo, neu\u017ego\u017eiant interjero, tuo pa\u010diu u\u017etikrinant tvirtum\u0105 ir stabilum\u0105. SANTA FE BLACK vonios stalvir\u0161is yra puikus pasirinkimas tiems, kurie m\u0117gsta gro\u017eio ir funkcionalumo harmonij\u0105. Su juo kiekviena vonia ar rytinis ruo\u0161imasis bus stilinga patirtis, kurios negalima praleisti. Pasirinkdami \u0161\u012f gamin\u012f, investuojate \u012f kokyb\u0119 ir estetik\u0105, kuri kasdien d\u017eiugins ak\u012f, suteikdama j\u016bs\u0173 vonios kambariui modern\u0173 ir eleganti\u0161k\u0105 vaizd\u0105.<\/p>","protected":false},"excerpt":{"rendered":"<p>Auk\u0161tis (cm): 2,5<br \/>\nPlotis (cm): 160,4<br \/>\nGylis (cm): 46<\/p>","protected":false},"featured_media":242047,"comment_status":"open","ping_status":"open","template":"","meta":[],"product_brand":[],"product_cat":[9117,2015,9184],"product_tag":[],"class_list":{"0":"post-242046","1":"product","2":"type-product","3":"status-publish","4":"has-post-thumbnail","6":"product_cat-bathroom","7":"product_cat-comad","8":"product_cat-countertops-comad","10":"first","11":"instock","12":"purchasable","13":"product-type-simple"},"_links":{"self":[{"href":"https:\/\/baldumarket.lt\/lt\/wp-json\/wp\/v2\/product\/242046","targetHints":{"allow":["GET"]}}],"collection":[{"href":"https:\/\/baldumarket.lt\/lt\/wp-json\/wp\/v2\/product"}],"about":[{"href":"https:\/\/baldumarket.lt\/lt\/wp-json\/wp\/v2\/types\/product"}],"replies":[{"embeddable":true,"href":"https:\/\/baldumarket.lt\/lt\/wp-json\/wp\/v2\/comments?post=242046"}],"wp:featuredmedia":[{"embeddable":true,"href":"https:\/\/baldumarket.lt\/lt\/wp-json\/wp\/v2\/media\/242047"}],"wp:attachment":[{"href":"https:\/\/baldumarket.lt\/lt\/wp-json\/wp\/v2\/media?parent=242046"}],"wp:term":[{"taxonomy":"product_brand","embeddable":true,"href":"https:\/\/baldumarket.lt\/lt\/wp-json\/wp\/v2\/product_brand?post=242046"},{"taxonomy":"product_cat","embeddable":true,"href":"https:\/\/baldumarket.lt\/lt\/wp-json\/wp\/v2\/product_cat?post=242046"},{"taxonomy":"product_tag","embeddable":true,"href":"https:\/\/baldumarket.lt\/lt\/wp-json\/wp\/v2\/product_tag?post=242046"}],"curies":[{"name":"wp","href":"https:\/\/api.w.org\/{rel}","templated":true}]}}