{"id":242021,"date":"2026-01-02T22:48:51","date_gmt":"2026-01-02T19:48:51","guid":{"rendered":"https:\/\/baldumarket.lt\/product\/blat-lazienkowy-140-cm-santa-fe-black\/"},"modified":"2026-02-11T18:34:17","modified_gmt":"2026-02-11T15:34:17","slug":"blat-lazienkowy-140-cm-santa-fe-black","status":"publish","type":"product","link":"https:\/\/baldumarket.lt\/lt\/product\/blat-lazienkowy-140-cm-santa-fe-black\/","title":{"rendered":"Vonios stalvir\u0161is 140 cm SANTA FE BLACK"},"content":{"rendered":"<p>SANTA FE BLACK vonios stalvir\u0161is 140 cm. Auk\u0161tos kokyb\u0117s SANTA FE BLACK vonios stalvir\u0161is i\u0161 \u201eComad\u201c. Pagamintas i\u0161 patvarios MDF plok\u0161t\u0117s su eleganti\u0161ka juoda apdaila, jis suteikia modernumo bet kokiam vonios kambariui. Idealiai tinka stilingiems dizainams, u\u017etikrina patvarum\u0105 ir auk\u0161\u010diausios klas\u0117s estetik\u0105. Matmenys: Plotis (cm): 140,4 Gylis (cm): 46 Auk\u0161tis (cm): 2,5 Technin\u0117s specifikacijos: Spalva: Juoda Stalvir\u0161io med\u017eiaga: MDF Svoris: 12,5 \u201eComad\u201c SANTA FE BLACK vonios stalvir\u0161is derina eleganti\u0161k\u0105 dizain\u0105 ir auk\u0161t\u0105 funkcionalum\u0105, tikrai pritraukdamas vis\u0173, vertinan\u010di\u0173 estetik\u0105 ir prakti\u0161kum\u0105, d\u0117mes\u012f. Stilinga juoda spalva suteikia vonios kambariui modernumo ir prabangos, puikiai papildydama minimalistin\u012f interjer\u0105 ir rafinuotesn\u012f dizain\u0105. \u0160is 140 cm plo\u010dio stalvir\u0161is yra puikus sprendimas tiems, kurie nori maksimaliai i\u0161naudoti savo vonios kambario erdv\u0119. D\u0117l savo gylio ir tikslios apdailos jis suteikia komforto ir laisv\u0117s atliekant kasdienes proced\u016bras. Nesvarbu, ar laikote kosmetik\u0105, ar vonios kambario aksesuarus, SANTA FE BLACK stalvir\u0161is visada atrodys esteti\u0161kai ir tvarkingai.<\/p>\n<p>Pagamintas i\u0161 auk\u0161tos kokyb\u0117s MDF plok\u0161t\u0117s, jis garantuoja ilgaam\u017ei\u0161kum\u0105 ir atsparum\u0105 dr\u0117gmei bei pa\u017eeidimams, o tai itin svarbu vonios kambario aplinkoje. Tai u\u017etikrina, kad \u0161is stalvir\u0161is tarnaus daugel\u012f met\u0173, i\u0161laikydamas eleganti\u0161k\u0105 i\u0161vaizd\u0105. Tvirta konstrukcija taip pat u\u017etikrina stabilum\u0105, dar labiau padidindama jo prakti\u0161kum\u0105.<\/p>\n<p>\u201eComad\u201c SANTA FE BLACK stalvir\u0161is yra ne tik baldas, bet ir dekoratyvinis elementas, suteiksiantis bet kuriam vonios kambariui unikal\u0173 charakter\u012f. Universal\u016bs matmenys leid\u017eia j\u012f lengvai sumontuoti ir puikiai dera prie \u012fvairi\u0173 interjero stili\u0173. Su \u201eSANTA FE BLACK\u201c stalvir\u0161iu suteikite savo vonios kambariui prabangos ir m\u0117gaukit\u0117s kasdieniu komfortu.<\/p>","protected":false},"excerpt":{"rendered":"<p>Auk\u0161tis (cm): 2,5<br \/>\nPlotis (cm): 140,4<br \/>\nGylis (cm): 46<\/p>","protected":false},"featured_media":242022,"comment_status":"open","ping_status":"open","template":"","meta":[],"product_brand":[],"product_cat":[9117,2015,9184],"product_tag":[],"class_list":{"0":"post-242021","1":"product","2":"type-product","3":"status-publish","4":"has-post-thumbnail","6":"product_cat-bathroom","7":"product_cat-comad","8":"product_cat-countertops-comad","10":"first","11":"instock","12":"purchasable","13":"product-type-simple"},"_links":{"self":[{"href":"https:\/\/baldumarket.lt\/lt\/wp-json\/wp\/v2\/product\/242021","targetHints":{"allow":["GET"]}}],"collection":[{"href":"https:\/\/baldumarket.lt\/lt\/wp-json\/wp\/v2\/product"}],"about":[{"href":"https:\/\/baldumarket.lt\/lt\/wp-json\/wp\/v2\/types\/product"}],"replies":[{"embeddable":true,"href":"https:\/\/baldumarket.lt\/lt\/wp-json\/wp\/v2\/comments?post=242021"}],"wp:featuredmedia":[{"embeddable":true,"href":"https:\/\/baldumarket.lt\/lt\/wp-json\/wp\/v2\/media\/242022"}],"wp:attachment":[{"href":"https:\/\/baldumarket.lt\/lt\/wp-json\/wp\/v2\/media?parent=242021"}],"wp:term":[{"taxonomy":"product_brand","embeddable":true,"href":"https:\/\/baldumarket.lt\/lt\/wp-json\/wp\/v2\/product_brand?post=242021"},{"taxonomy":"product_cat","embeddable":true,"href":"https:\/\/baldumarket.lt\/lt\/wp-json\/wp\/v2\/product_cat?post=242021"},{"taxonomy":"product_tag","embeddable":true,"href":"https:\/\/baldumarket.lt\/lt\/wp-json\/wp\/v2\/product_tag?post=242021"}],"curies":[{"name":"wp","href":"https:\/\/api.w.org\/{rel}","templated":true}]}}