{"id":241991,"date":"2026-01-02T22:48:40","date_gmt":"2026-01-02T19:48:40","guid":{"rendered":"https:\/\/baldumarket.lt\/product\/blat-lazienkowy-140-cm-dab-wotan-nature\/"},"modified":"2026-02-11T18:34:17","modified_gmt":"2026-02-11T15:34:17","slug":"blat-lazienkowy-140-cm-dab-wotan-nature","status":"publish","type":"product","link":"https:\/\/baldumarket.lt\/lt\/product\/blat-lazienkowy-140-cm-dab-wotan-nature\/","title":{"rendered":"Vonios stalvir\u0161is, 140 cm, \u201eWotan Nature Oak\u201c, \u0105\u017euolas"},"content":{"rendered":"<p>140 cm \u201eWotan Nature Oak\u201c vonios stalvir\u0161is\u0160is 140 cm \u201eWotan Nature Oak\u201c vonios stalvir\u0161is sujungia nat\u016bral\u0173 med\u017eio \u017eaves\u012f su moderniu stiliumi. Jo netaisyklingi kra\u0161tai suteikia interjerui jaukumo. Pagamintas i\u0161 MDF, j\u012f lengva valyti. Lenki\u0161ka gamyba garantuoja auk\u0161t\u0105 kokyb\u0119. Matmenys: Plotis (cm): 140,8 Gylis (cm): 47,5 Auk\u0161tis (cm): 2,2 Svoris (kg): 12 Techniniai duomenys: Stalvir\u0161io spalva: \u201eWotan Oak\u201c Stalvir\u0161io med\u017eiaga: MDF Surinkimas: Savaranki\u0161kas surinkimas. Suteikite savo vonios kambariui elegancijos su m\u016bs\u0173 140 cm plo\u010dio \u201eWotan Nature Oak\u201c vonios stalvir\u0161iu. Sukurtas atsi\u017evelgiant \u012f estetik\u0105 ir funkcionalum\u0105, \u0161is stalvir\u0161is ne tik suteiks j\u016bs\u0173 interjerui jauki\u0105 atmosfer\u0105, bet ir sustiprins jo charakter\u012f. Jo unikalus, \u0161iek tiek banguotas kra\u0161tas imituoja nat\u016braliai pjaut\u0105 med\u017eio gabal\u0105, tod\u0117l kiekviena detal\u0117 spinduliuoja autenti\u0161kumu. \u0160is stalvir\u0161is puikiai dera su 46 cm gylio praustuv\u0173 spintel\u0117mis, sukurdamas darni\u0105 visum\u0105, kuri patenkins j\u016bs\u0173 kasdienius poreikius. Pagamintas i\u0161 auk\u0161tos kokyb\u0117s MDF plok\u0161t\u0117s, padengtos PVC pl\u0117vele, stalvir\u0161is derina estetik\u0105 ir patvarum\u0105, u\u017etikrindamas ilgalaik\u012f naudojim\u0105 nesijaudinant d\u0117l pa\u017eeidim\u0173. Lengvai valomas pavir\u0161ius palengvina kasdien\u0119 prie\u017ei\u016br\u0105, tod\u0117l vonios kambarys bus nuolat \u0161varus. Auk\u0161tos kokyb\u0117s med\u017eiagos, tokios kaip sertifikuota MDF, atitinkanti FSC standartus, u\u017etikrina, kad pasirinkdami \u0161\u012f gamin\u012f prisidedate prie aplinkos apsaugos. Atkartodamas nat\u016bral\u0173 medienos gro\u017e\u012f, stalvir\u0161is sukuria unikali\u0105, \u0161ilt\u0105 atmosfer\u0105, puikiai tinkan\u010di\u0105 atsipalaiduoti po ilgos dienos. Ry\u0161kios spalvos su savitu ra\u0161tu suteikia vonios kambariui gylio ir unikalaus stiliaus, pelnydamos kiekvieno dizaino entuziasto pagyrimus. Stalvir\u0161io montavimas yra paprastas ir nesud\u0117tingas d\u0117ka pridedam\u0173 instrukcij\u0173, o d\u0117l universalaus dizaino jis puikiai tinka tiek moderniam, tiek tradiciniam interjerui. Pasiruo\u0161kite su\u017eav\u0117ti savo sve\u010dius \u201eWotan Nature Oak\u201c vonios stalvir\u0161iu i\u0161 \u201eComad\u201c, kuris bus ne tik prakti\u0161kas sprendimas, bet ir dekoratyvus j\u016bs\u0173 vonios kambario papildymas.<\/p>","protected":false},"excerpt":{"rendered":"<p>Plotis (cm): 140,8<br \/>\n\u016agis (cm): 2,2<br \/>\nGylis (cm): 47,5<\/p>","protected":false},"featured_media":241992,"comment_status":"open","ping_status":"open","template":"","meta":[],"product_brand":[],"product_cat":[9117,2015,9184],"product_tag":[],"class_list":{"0":"post-241991","1":"product","2":"type-product","3":"status-publish","4":"has-post-thumbnail","6":"product_cat-bathroom","7":"product_cat-comad","8":"product_cat-countertops-comad","10":"first","11":"instock","12":"purchasable","13":"product-type-simple"},"_links":{"self":[{"href":"https:\/\/baldumarket.lt\/lt\/wp-json\/wp\/v2\/product\/241991","targetHints":{"allow":["GET"]}}],"collection":[{"href":"https:\/\/baldumarket.lt\/lt\/wp-json\/wp\/v2\/product"}],"about":[{"href":"https:\/\/baldumarket.lt\/lt\/wp-json\/wp\/v2\/types\/product"}],"replies":[{"embeddable":true,"href":"https:\/\/baldumarket.lt\/lt\/wp-json\/wp\/v2\/comments?post=241991"}],"wp:featuredmedia":[{"embeddable":true,"href":"https:\/\/baldumarket.lt\/lt\/wp-json\/wp\/v2\/media\/241992"}],"wp:attachment":[{"href":"https:\/\/baldumarket.lt\/lt\/wp-json\/wp\/v2\/media?parent=241991"}],"wp:term":[{"taxonomy":"product_brand","embeddable":true,"href":"https:\/\/baldumarket.lt\/lt\/wp-json\/wp\/v2\/product_brand?post=241991"},{"taxonomy":"product_cat","embeddable":true,"href":"https:\/\/baldumarket.lt\/lt\/wp-json\/wp\/v2\/product_cat?post=241991"},{"taxonomy":"product_tag","embeddable":true,"href":"https:\/\/baldumarket.lt\/lt\/wp-json\/wp\/v2\/product_tag?post=241991"}],"curies":[{"name":"wp","href":"https:\/\/api.w.org\/{rel}","templated":true}]}}