{"id":241985,"date":"2026-01-02T22:48:38","date_gmt":"2026-01-02T19:48:38","guid":{"rendered":"https:\/\/baldumarket.lt\/product\/blat-lazienkowy-140-cm-dab-cremona-nature\/"},"modified":"2026-02-11T18:34:18","modified_gmt":"2026-02-11T15:34:18","slug":"blat-lazienkowy-140-cm-dab-cremona-nature","status":"publish","type":"product","link":"https:\/\/baldumarket.lt\/lt\/product\/blat-lazienkowy-140-cm-dab-cremona-nature\/","title":{"rendered":"Vonios stalvir\u0161is, 140 cm, \u201eCremona Nature Oak\u201c, \u0105\u017euolas"},"content":{"rendered":"<p>140 cm Cremona Oak Nature vonios stalvir\u0161is140 cm Cremona Oak Nature vonios stalvir\u0161is \u2013 eleganti\u0161kas pasirinkimas, kuris j\u016bs\u0173 vonios kambariui suteiks jauki\u0105 atmosfer\u0105. Pagamintas i\u0161 MDF plok\u0161t\u0117s, jis spinduliuoja \u0161ilum\u0105 ir estetik\u0105, o unikalus kra\u0161tas imituoja nat\u016brali\u0105 medien\u0105. Lengva montuoti ir pri\u017ei\u016br\u0117ti. Matmenys: Plotis (cm): 140,8 Gylis (cm): 47,5 Auk\u0161tis (cm): 2,2 Svoris (kg): 12 Techniniai duomenys: Stalvir\u0161io spalva: Cremona Oak Stalvir\u0161io med\u017eiaga: MDF plok\u0161t\u0117 Surinkimas: Savaranki\u0161kas surinkimas Atraskite unikal\u0173 140 cm Cremona Oak Nature vonios stalvir\u0161\u012f, kuris j\u016bs\u0173 vonios kambariui suteiks nepaprasto stiliaus ir elegancijos. \u0160is garsaus \u201eComad\u201c prek\u0117s \u017eenklo gaminys \u2013 tai tobulas funkcionalumo ir modernaus dizaino derinys. Jo nat\u016brali i\u0161vaizda primena autenti\u0161k\u0105 medien\u0105, o banguoti kra\u0161tai suteikia charakterio ir bet kuriam vonios kambariui jaukumo. D\u0117l \u0161ilto Cremona \u0105\u017euolo atspalvio j\u016bs\u0173 kasdienis ritualas dabar bus ne tik patogus, bet ir esteti\u0161kai patrauklus. Stalvir\u0161is buvo sukurtas atsi\u017evelgiant \u012f funkcionalum\u0105, puikiai tinkantis 46 cm gylio praustuv\u0173 spintel\u0117ms. 140,8 cm plotis ir 47,5 cm gylis suteikia daug vietos patogiam praustuvo naudojimui. Be to, MDF plok\u0161t\u0117, padengta PVC folija, garantuoja, kad stalvir\u0161is ne tik puikiai atrodys daugel\u012f met\u0173, bet ir bus atsparus kasdieniams pa\u017eeidimams bei lengvai valomas. Pasirinkdami gamin\u012f, kuriam teikiama pirmenyb\u0117 ekologi\u0161kumui, investuojate \u012f sertifikuot\u0105 kokyb\u0119. Lenkijoje pagamintas vonios stalvir\u0161is atitinka FSC standartus, o tai rei\u0161kia, kad jo gamyboje naudojamos med\u017eiagos yra atsakingai gaunamos. Galite b\u016bti tikri, kad pasirinkdami \u0161\u012f stalvir\u0161\u012f remiate aplinkai nekenksming\u0105 praktik\u0105. Jo patvarumas ir estetika tikrai atlaikys laiko i\u0161bandym\u0105, o jo privalumais m\u0117gausit\u0117s ilgus metus. Paskutinis privalumas \u2013 paprastas montavimas, leid\u017eiantis j\u012f pritaikyti pagal savo poreikius. Jums tereikia i\u0161pjauti ang\u0105 kanalizacijai \u2013 \u0161is greitas procesas suteiks j\u016bs\u0173 naujajam stalvir\u0161iui gaiv\u0173 vaizd\u0105. Pasirinkite 140 cm \u201eCremona Nature Oak\u201c vonios stalvir\u0161\u012f ir \u012fne\u0161kite \u012f savo namus nat\u016bralaus gro\u017eio prisilietim\u0105, kuris prad\u017eiugins net ir i\u0161rankiausius vartotojus.<\/p>","protected":false},"excerpt":{"rendered":"<p>Plotis (cm): 140,8<br \/>\n\u016agis (cm): 2,2<br \/>\nGylis (cm): 47,5<\/p>","protected":false},"featured_media":241986,"comment_status":"open","ping_status":"open","template":"","meta":[],"product_brand":[],"product_cat":[9117,2015,9184],"product_tag":[],"class_list":{"0":"post-241985","1":"product","2":"type-product","3":"status-publish","4":"has-post-thumbnail","6":"product_cat-bathroom","7":"product_cat-comad","8":"product_cat-countertops-comad","10":"first","11":"instock","12":"purchasable","13":"product-type-simple"},"_links":{"self":[{"href":"https:\/\/baldumarket.lt\/lt\/wp-json\/wp\/v2\/product\/241985","targetHints":{"allow":["GET"]}}],"collection":[{"href":"https:\/\/baldumarket.lt\/lt\/wp-json\/wp\/v2\/product"}],"about":[{"href":"https:\/\/baldumarket.lt\/lt\/wp-json\/wp\/v2\/types\/product"}],"replies":[{"embeddable":true,"href":"https:\/\/baldumarket.lt\/lt\/wp-json\/wp\/v2\/comments?post=241985"}],"wp:featuredmedia":[{"embeddable":true,"href":"https:\/\/baldumarket.lt\/lt\/wp-json\/wp\/v2\/media\/241986"}],"wp:attachment":[{"href":"https:\/\/baldumarket.lt\/lt\/wp-json\/wp\/v2\/media?parent=241985"}],"wp:term":[{"taxonomy":"product_brand","embeddable":true,"href":"https:\/\/baldumarket.lt\/lt\/wp-json\/wp\/v2\/product_brand?post=241985"},{"taxonomy":"product_cat","embeddable":true,"href":"https:\/\/baldumarket.lt\/lt\/wp-json\/wp\/v2\/product_cat?post=241985"},{"taxonomy":"product_tag","embeddable":true,"href":"https:\/\/baldumarket.lt\/lt\/wp-json\/wp\/v2\/product_tag?post=241985"}],"curies":[{"name":"wp","href":"https:\/\/api.w.org\/{rel}","templated":true}]}}