{"id":241979,"date":"2026-01-02T22:48:36","date_gmt":"2026-01-02T19:48:36","guid":{"rendered":"https:\/\/baldumarket.lt\/product\/blat-lazienkowy-140-cm-dab-coast-evoke-nature\/"},"modified":"2026-02-11T18:34:18","modified_gmt":"2026-02-11T15:34:18","slug":"blat-lazienkowy-140-cm-dab-coast-evoke-nature","status":"publish","type":"product","link":"https:\/\/baldumarket.lt\/lt\/product\/blat-lazienkowy-140-cm-dab-coast-evoke-nature\/","title":{"rendered":"Vonios stalvir\u0161is, 140 cm, \u201eCoast Oak\u201c, \u201eEvoke Nature\u201c"},"content":{"rendered":"<p>\u201eCoast Evoke Nature\u201c 140 cm \u0105\u017euolinis vonios stalvir\u0161is\u201eCoast Evoke Nature\u201c 140 cm \u0105\u017euolinis vonios stalvir\u0161is sujungia nat\u016bral\u0173 med\u017eio \u017eaves\u012f su moderniu dizainu. Pagamintas i\u0161 lengvai valomos MDF plok\u0161t\u0117s su i\u0161skirtiniu banguotu kra\u0161tu. Puikiai tinka spintel\u0117ms po kriaukle, suteikia interjerui \u0161ilumos. Matmenys: Plotis (cm): 140,8 Gylis (cm): 40,5 Auk\u0161tis (cm): 2,2 Svoris (kg): 11 Techniniai duomenys: Stalvir\u0161io spalva: \u201eCoast Evoke Oak\u201c Stalvir\u0161io med\u017eiaga: MDF Surinkimas: Savaranki\u0161kas surinkimas Atraskite unikal\u0173 140 cm plo\u010dio vonios stalvir\u0161\u012f \u201eCoast Evoke Oak\u201c spalvos, kuris tiesiai \u012f j\u016bs\u0173 vonios kambar\u012f \u012fne\u0161 nat\u016bralumo. \u012ekv\u0117ptas tikros medienos, \u0161is eleganti\u0161kas stalvir\u0161is \u017eavi autenti\u0161ka i\u0161vaizda d\u0117l \u0161iek tiek banguoto kra\u0161to, kuris suteikia charakterio ir padaro bet kur\u012f vonios kambar\u012f jaukesn\u012f. Jis puikiai dera su 40 cm gylio praustuv\u0173 spintel\u0117mis, sukurdamas tobul\u0105 funkcionalumo ir estetikos derin\u012f. Stalvir\u0161is pagamintas i\u0161 auk\u0161tos kokyb\u0117s MDF plok\u0161t\u0117s, padengtos PVC folija, kuri garantuoja ne tik eleganti\u0161k\u0105 i\u0161vaizd\u0105, bet ir ilgaam\u017ei\u0161kum\u0105. Stalvir\u0161io pavir\u0161ius yra itin lengvai pri\u017ei\u016brimas, tod\u0117l tai gerokai supaprastina kasdien\u012f gyvenim\u0105. Jums nereikia jaudintis d\u0117l sunkiai \u012fveikiam\u0173 d\u0117mi\u0173 ar \u012fbr\u0117\u017eim\u0173 \u2013 \u0161is stalvir\u0161is buvo sukurtas galvojant apie \u0161eimos vonios kambar\u012f, kur svarbiausia yra komfortas ir funkcionalumas. D\u0117l lenki\u0161kos gamybos ir FSC sertifikuot\u0173 med\u017eiag\u0173 naudojimo galite b\u016bti tikri, kad teikiate pirmenyb\u0119 kokybei ir aplinkosaugai. Apgalvotos detal\u0117s ir kruop\u0161tus meistri\u0161kumas kiekvien\u0105 stalvir\u0161\u012f daro unikal\u0173 ir tikrai patenkins net reikliausi\u0173 vartotoj\u0173 l\u016bkes\u010dius. \u201eCoast Evoke\u201c \u0105\u017euolinis vonios stalvir\u0161is yra ne tik funkcionalus elementas, bet ir reik\u0161mingas dekoratyvinis elementas, kuris suteiks j\u016bs\u0173 interjerui harmonijos ir \u0161ilumos. Verta pamin\u0117ti, kad stalvir\u0161io montavimas yra labai paprastas ir tai galite padaryti patys. Tiesiog i\u0161pjaukite skyl\u0119 sifonui pagal savo praustuvo reikalavimus, ir visas procesas u\u017etruks tik akimirk\u0105. Investuokite \u012f \u201eCoast Evoke\u201c 140 cm \u0105\u017euolin\u012f vonios stalvir\u0161\u012f ir m\u0117gaukit\u0117s nauja kokybe, kuri praturtins j\u016bs\u0173 erdv\u0119, pabr\u0117\u0161 jos nat\u016bral\u0173 \u017eaves\u012f ir sukurs maloni\u0105 atsipalaidavimo atmosfer\u0105.<\/p>","protected":false},"excerpt":{"rendered":"<p>Plotis (cm): 140,8<br \/>\n\u016agis (cm): 2,2<br \/>\nGylis (cm): 40,5<\/p>","protected":false},"featured_media":241980,"comment_status":"open","ping_status":"open","template":"","meta":[],"product_brand":[],"product_cat":[9117,2015,9184],"product_tag":[],"class_list":{"0":"post-241979","1":"product","2":"type-product","3":"status-publish","4":"has-post-thumbnail","6":"product_cat-bathroom","7":"product_cat-comad","8":"product_cat-countertops-comad","10":"first","11":"instock","12":"purchasable","13":"product-type-simple"},"_links":{"self":[{"href":"https:\/\/baldumarket.lt\/lt\/wp-json\/wp\/v2\/product\/241979","targetHints":{"allow":["GET"]}}],"collection":[{"href":"https:\/\/baldumarket.lt\/lt\/wp-json\/wp\/v2\/product"}],"about":[{"href":"https:\/\/baldumarket.lt\/lt\/wp-json\/wp\/v2\/types\/product"}],"replies":[{"embeddable":true,"href":"https:\/\/baldumarket.lt\/lt\/wp-json\/wp\/v2\/comments?post=241979"}],"wp:featuredmedia":[{"embeddable":true,"href":"https:\/\/baldumarket.lt\/lt\/wp-json\/wp\/v2\/media\/241980"}],"wp:attachment":[{"href":"https:\/\/baldumarket.lt\/lt\/wp-json\/wp\/v2\/media?parent=241979"}],"wp:term":[{"taxonomy":"product_brand","embeddable":true,"href":"https:\/\/baldumarket.lt\/lt\/wp-json\/wp\/v2\/product_brand?post=241979"},{"taxonomy":"product_cat","embeddable":true,"href":"https:\/\/baldumarket.lt\/lt\/wp-json\/wp\/v2\/product_cat?post=241979"},{"taxonomy":"product_tag","embeddable":true,"href":"https:\/\/baldumarket.lt\/lt\/wp-json\/wp\/v2\/product_tag?post=241979"}],"curies":[{"name":"wp","href":"https:\/\/api.w.org\/{rel}","templated":true}]}}