{"id":241973,"date":"2026-01-02T22:48:34","date_gmt":"2026-01-02T19:48:34","guid":{"rendered":"https:\/\/baldumarket.lt\/product\/blat-lazienkowy-140-cm-dab-casella-nature\/"},"modified":"2026-02-11T18:34:18","modified_gmt":"2026-02-11T15:34:18","slug":"blat-lazienkowy-140-cm-dab-casella-nature","status":"publish","type":"product","link":"https:\/\/baldumarket.lt\/lt\/product\/blat-lazienkowy-140-cm-dab-casella-nature\/","title":{"rendered":"Vonios stalvir\u0161is, 140 cm, \u201eCasella Nature Oak\u201c, \u0105\u017euolas"},"content":{"rendered":"<p>140 cm \u201eCasella Nature Oak\u201c vonios stalvir\u0161isAtraskite 140 cm \u201eCasella Nature Oak\u201c vonios stalvir\u0161\u012f i\u0161 \u201eComad\u201c! Unikalus dizainas, \u012fkv\u0117ptas nat\u016bralios medienos, suteikia erdvei autenti\u0161k\u0105 ir jauki\u0105 atmosfer\u0105. Pagamintas i\u0161 FSC sertifikuot\u0173 med\u017eiag\u0173, u\u017etikrina patvarum\u0105 ir lengv\u0105 prie\u017ei\u016br\u0105. Matmenys: Plotis (cm): 140,8 Gylis (cm): 40,5 Auk\u0161tis (cm): 2,2 Svoris (kg): 11 Techniniai duomenys: Stalvir\u0161io spalva: \u201eCasella Oak\u201c Stalvir\u0161io med\u017eiaga: MDF Surinkimas: Savaranki\u0161kas surinkimas 140 cm plo\u010dio \u201eCasella Nature Oak\u201c vonios stalvir\u0161is yra tobulas elegancijos ir funkcionalumo derinys, suteikiantis j\u016bs\u0173 vonios kambariui modernumo. Jo nat\u016brali i\u0161vaizda, \u012fkv\u0117pta tikros medienos, suteikia interjerui jaukumo ir \u0161ilumos. Netaisyklingas stalvir\u0161io kra\u0161tas imituoja autenti\u0161k\u0105 med\u017eio gabal\u0105, tod\u0117l tai idealus pasirinkimas tiems, kurie vertina originalius interjero dizaino sprendimus. MDF med\u017eiaga ir PVC pl\u0117vel\u0117, i\u0161 kurios pagamintas stalvir\u0161is, u\u017etikrina ne tik esteti\u0161kai patraukli\u0105 i\u0161vaizd\u0105, bet ir ilgaam\u017ei\u0161kum\u0105. Stalvir\u0161is yra atsparus \u012fbr\u0117\u017eimams ir lengvai valomas, tod\u0117l galite m\u0117gautis jo gro\u017eiu be nereikaling\u0173 r\u016bpes\u010di\u0173. Be to, tamsi \u201eCasella Nature Oak\u201c beicas suteikia interjerui elegancijos ir rafinuotumo, puikiai dera su \u012fvairiais interjero dizaino stiliais. D\u0117l gerai apgalvoto dizaino stalvir\u0161is puikiai dera su 40 cm gylio praustuvu, tod\u0117l galite lengvai sukurti darn\u0173 ir funkcional\u0173 derin\u012f. Stalvir\u0161io montavimas yra intuityvus ir sukurtas atsi\u017evelgiant \u012f vartotoj\u0105, tod\u0117l kiekvienas gali savaranki\u0161kai atnaujinti savo vonios kambar\u012f. Nesvarbu, ar planuojate didel\u012f pertvarkym\u0105, ar nedidel\u012f atnaujinim\u0105, \u0161is stalvir\u0161is taps j\u016bs\u0173 vonios kambario traukos centru. Pasirink\u0119 \u201eCasella Nature Oak\u201c vonios stalvir\u0161\u012f, investuojate \u012f Lenkijoje pagamint\u0105 gamin\u012f, pagamint\u0105 i\u0161 FSC sertifikuot\u0173 med\u017eiag\u0173. Tai garantuoja auk\u0161t\u0105 gamybos kokyb\u0119 ir ekologi\u0161kum\u0105. Ne tik eleganti\u0161kai pagra\u017einsite savo erdv\u0119, bet ir m\u0117gausit\u0117s sprendimu, kuris naudingas m\u016bs\u0173 planetai. Paverskite savo vonios kambar\u012f atsipalaidavimo ir stiliaus vieta jau \u0161iandien!<\/p>","protected":false},"excerpt":{"rendered":"<p>Plotis (cm): 140,8<br \/>\n\u016agis (cm): 2,2<br \/>\nGylis (cm): 40,5<\/p>","protected":false},"featured_media":241974,"comment_status":"open","ping_status":"open","template":"","meta":[],"product_brand":[],"product_cat":[9117,2015,9184],"product_tag":[],"class_list":{"0":"post-241973","1":"product","2":"type-product","3":"status-publish","4":"has-post-thumbnail","6":"product_cat-bathroom","7":"product_cat-comad","8":"product_cat-countertops-comad","10":"first","11":"instock","12":"purchasable","13":"product-type-simple"},"_links":{"self":[{"href":"https:\/\/baldumarket.lt\/lt\/wp-json\/wp\/v2\/product\/241973","targetHints":{"allow":["GET"]}}],"collection":[{"href":"https:\/\/baldumarket.lt\/lt\/wp-json\/wp\/v2\/product"}],"about":[{"href":"https:\/\/baldumarket.lt\/lt\/wp-json\/wp\/v2\/types\/product"}],"replies":[{"embeddable":true,"href":"https:\/\/baldumarket.lt\/lt\/wp-json\/wp\/v2\/comments?post=241973"}],"wp:featuredmedia":[{"embeddable":true,"href":"https:\/\/baldumarket.lt\/lt\/wp-json\/wp\/v2\/media\/241974"}],"wp:attachment":[{"href":"https:\/\/baldumarket.lt\/lt\/wp-json\/wp\/v2\/media?parent=241973"}],"wp:term":[{"taxonomy":"product_brand","embeddable":true,"href":"https:\/\/baldumarket.lt\/lt\/wp-json\/wp\/v2\/product_brand?post=241973"},{"taxonomy":"product_cat","embeddable":true,"href":"https:\/\/baldumarket.lt\/lt\/wp-json\/wp\/v2\/product_cat?post=241973"},{"taxonomy":"product_tag","embeddable":true,"href":"https:\/\/baldumarket.lt\/lt\/wp-json\/wp\/v2\/product_tag?post=241973"}],"curies":[{"name":"wp","href":"https:\/\/api.w.org\/{rel}","templated":true}]}}