{"id":241967,"date":"2026-01-02T22:48:32","date_gmt":"2026-01-02T19:48:32","guid":{"rendered":"https:\/\/baldumarket.lt\/product\/blat-lazienkowy-120-cm-santa-fe-black\/"},"modified":"2026-02-11T18:34:18","modified_gmt":"2026-02-11T15:34:18","slug":"blat-lazienkowy-120-cm-santa-fe-black","status":"publish","type":"product","link":"https:\/\/baldumarket.lt\/lt\/product\/blat-lazienkowy-120-cm-santa-fe-black\/","title":{"rendered":"Vonios stalvir\u0161is 120 cm SANTA FE BLACK"},"content":{"rendered":"<p>SANTA FE BLACK 120 cm vonios stalvir\u0161is. \u201eComad\u201c SANTA FE BLACK vonios stalvir\u0161is pagamintas i\u0161 eleganti\u0161kos juodos spalvos MDF plok\u0161t\u0117s. Jis puikiai dera prie moderni\u0173 vonios kambari\u0173, derindamas patvarum\u0105 su \u0161iuolaiki\u0161ku stiliumi. Unikalus, patvarus ir lengvai valomas. Matmenys: Plotis (cm): 120,4 Gylis (cm): 46 Auk\u0161tis (cm): 2,5 Techniniai duomenys: Svoris: 10,5 Stalvir\u0161io med\u017eiaga: MDF Spalva: Juoda \u201eComad\u201c SANTA FE BLACK vonios stalvir\u0161is yra elegancijos ir modernaus dizaino kvintesencija. Pagamintas i\u0161 auk\u0161tos kokyb\u0117s MDF plok\u0161t\u0117s, tai puikus sprendimas tiems, kurie siekia suderinti funkcionalum\u0105 ir estetik\u0105. Jo sodri juoda spalva suteikia vonios kambariui rafinuotumo, suteikia interjerui charakterio ir prabangos. \u0160is vonios stalvir\u0161is \u017eavi ne tik savo i\u0161vaizda, bet ir prakti\u0161kumu kasdieniam naudojimui. 120 cm plo\u010dio ir 46 cm gylio, jis puikiai tinka \u012fvairiems vonios kambariams, nes suteikia pakankamai vietos tualeto reikmenims ir aksesuarams. Jo 2,5 cm storis u\u017etikrina tvirtum\u0105 ir ilgaam\u017ei\u0161kum\u0105.<\/p>\n<p>D\u0117l lengvo valymo SANTA FE BLACK stalvir\u0161is yra idealus pasirinkimas tiems, kurie vertina tvark\u0105 ir higien\u0105. Lygus, dr\u0117gmei atsparus MDF pavir\u0161ius u\u017etikrina komfort\u0105 ir ilgalaik\u0119 estetik\u0105. Juoda spalva suteikia ne tik elegancijos, bet ir universalumo bet kokiam interjerui, skland\u017eiai deranti su \u012fvairiais stiliais ir spalvomis.<\/p>\n<p>Rinkdamiesi \u201eComad\u201c vonios stalvir\u0161\u012f, rinkit\u0117s kokyb\u0119 ir stili\u0173. Modernus dizainas kartu su funkcionalumu paver\u010dia j\u012f puikiu pasirinkimu bet kokiam vonios kambariui. J\u016bs\u0173 namai nusipelno rafinuot\u0173 ir stiling\u0173 sprendim\u0173, kurie teikia d\u017eiaugsmo kiekvien\u0105 dien\u0105.<\/p>","protected":false},"excerpt":{"rendered":"<p>Gylis (cm): 46<br \/>\nPlotis (cm): 120,4<br \/>\nAuk\u0161tis (cm): 2,5<\/p>","protected":false},"featured_media":241968,"comment_status":"open","ping_status":"open","template":"","meta":[],"product_brand":[],"product_cat":[9117,2015,9184],"product_tag":[],"class_list":{"0":"post-241967","1":"product","2":"type-product","3":"status-publish","4":"has-post-thumbnail","6":"product_cat-bathroom","7":"product_cat-comad","8":"product_cat-countertops-comad","10":"first","11":"instock","12":"purchasable","13":"product-type-simple"},"_links":{"self":[{"href":"https:\/\/baldumarket.lt\/lt\/wp-json\/wp\/v2\/product\/241967","targetHints":{"allow":["GET"]}}],"collection":[{"href":"https:\/\/baldumarket.lt\/lt\/wp-json\/wp\/v2\/product"}],"about":[{"href":"https:\/\/baldumarket.lt\/lt\/wp-json\/wp\/v2\/types\/product"}],"replies":[{"embeddable":true,"href":"https:\/\/baldumarket.lt\/lt\/wp-json\/wp\/v2\/comments?post=241967"}],"wp:featuredmedia":[{"embeddable":true,"href":"https:\/\/baldumarket.lt\/lt\/wp-json\/wp\/v2\/media\/241968"}],"wp:attachment":[{"href":"https:\/\/baldumarket.lt\/lt\/wp-json\/wp\/v2\/media?parent=241967"}],"wp:term":[{"taxonomy":"product_brand","embeddable":true,"href":"https:\/\/baldumarket.lt\/lt\/wp-json\/wp\/v2\/product_brand?post=241967"},{"taxonomy":"product_cat","embeddable":true,"href":"https:\/\/baldumarket.lt\/lt\/wp-json\/wp\/v2\/product_cat?post=241967"},{"taxonomy":"product_tag","embeddable":true,"href":"https:\/\/baldumarket.lt\/lt\/wp-json\/wp\/v2\/product_tag?post=241967"}],"curies":[{"name":"wp","href":"https:\/\/api.w.org\/{rel}","templated":true}]}}