{"id":241932,"date":"2026-01-02T22:48:19","date_gmt":"2026-01-02T19:48:19","guid":{"rendered":"https:\/\/baldumarket.lt\/product\/blat-lazienkowy-120-cm-donna-sand-bez-piaskowy\/"},"modified":"2026-02-11T18:34:20","modified_gmt":"2026-02-11T15:34:20","slug":"blat-lazienkowy-120-cm-donna-sand-bez-piaskowy","status":"publish","type":"product","link":"https:\/\/baldumarket.lt\/lt\/product\/blat-lazienkowy-120-cm-donna-sand-bez-piaskowy\/","title":{"rendered":"Donna Sand vonios stalvir\u0161is, 120 cm, sm\u0117lio spalvos"},"content":{"rendered":"<p>Donna Sand 120 cm vonios stalvir\u0161is sm\u0117lio sm\u0117lio spalvosDonna Sand 120 cm vonios stalvir\u0161is sm\u0117lio sm\u0117lio spalvos yra eleganti\u0161kas kiekvienoje detal\u0117je. Pagamintas i\u0161 patvarios MDF plok\u0161t\u0117s su PVC folija, j\u012f lengva valyti. Subtilumos \u012fkv\u0117ptas, poliruotas pavir\u0161ius puikiai dera su \u201eDonna Sand\u201c kolekcija. Lengvas surinkimas. Matmenys: Plotis (cm): 120,6 Gylis (cm): 46,5 Auk\u0161tis (cm): 2,2 Svoris (kg): 12,5 Techniniai duomenys: Med\u017eiaga: MDF Spalva: Sm\u0117lio sm\u0117lio spalvos Surinkimas: Savaranki\u0161kas surinkimas Atraskite Donna Sand 120 cm vonios stalvir\u0161\u012f sm\u0117lio sm\u0117lio spalvos, kuris puikiai derina elegancij\u0105 ir funkcionalum\u0105, sukurdamas tobul\u0105 pagrind\u0105 j\u016bs\u0173 vonios kambariui. Jo subtili sm\u0117lio spalva, \u012fkv\u0117pta nat\u016bralaus sm\u0117lio, suteikia interjerui harmonijos ir \u0161ilumos bei papildo \u012fvairius dizaino stilius. Pagamintas i\u0161 auk\u0161\u010diausios kokyb\u0117s MDF, \u0161is stalvir\u0161is yra modernumo ir estetikos, kuri niekada nei\u0161eina i\u0161 mados, sinonimas.<\/p>\n<p>Kiekviena stalvir\u0161io detal\u0117 buvo kruop\u0161\u010diai apgalvota, kad patenkint\u0173 net ir reikliausi\u0173 vartotoj\u0173 l\u016bkes\u010dius. Jo pavir\u0161ius, padengtas patvaria PVC pl\u0117vele, yra ne tik lengvai valomas, bet ir u\u017etikrina ilgalaik\u012f vizualin\u012f efekt\u0105. D\u0117l kruop\u0161taus meistri\u0161kumo stalvir\u0161is atrodo eleganti\u0161kai ir stilingai, tapdamas svarbiu j\u016bs\u0173 vonios kambario elementu.<\/p>\n<p>Labai prakti\u0161kas stalvir\u0161io aspektas yra jo surinkimas \u2013 jis pristatomas savaranki\u0161kam surinkimui, tod\u0117l j\u012f galima suasmeninti ir pritaikyti prie konkretaus interjero dizaino. Nor\u0117dami sumontuoti kriaukl\u0119, tiesiog i\u0161pjaukite skyl\u0119 tinkamoje vietoje, tod\u0117l tai puikus sprendimas tiems, kurie vertina komfort\u0105 ir gali pritaikyti erdv\u0119 savo poreikiams.<\/p>\n<p>Pasirinkdami \u201eDonna Sand\u201c stalvir\u0161\u012f, investuojate \u012f produkt\u0105, kuris atspindi lenki\u0161kos gamybos kokyb\u0119. FSC sertifikuot\u0173 med\u017eiag\u0173 naudojimas rodo r\u016bpest\u012f aplinka ir tvar\u0173 vystym\u0105si. D\u0117l to galite m\u0117gautis ne tik gro\u017eiu, bet ir \u017einojimu, kad j\u016bs\u0173 vonios kambarys yra ekologi\u0161ka erdv\u0117.<\/p>\n<p>Tegul 120 cm Donna Sand Beige spalvos vonios stalvir\u0161is tampa j\u016bs\u0173 vonios kambario traukos centru, suteikian\u010diu spindesio, prakti\u0161kumo ir jaukumo kiekvienai akimirkai, praleistai \u0161iame unikaliame interjere. Leiskite sau pasiduoti jo \u017eavesiui ir sukurkite erdv\u0119, kurioje svarbi kiekviena detal\u0117!<\/p>","protected":false},"excerpt":{"rendered":"<p>Plotis (cm): 120,6<br \/>\n\u016agis (cm): 2,2<br \/>\nGylis (cm): 46,5<\/p>","protected":false},"featured_media":241933,"comment_status":"open","ping_status":"open","template":"","meta":[],"product_brand":[],"product_cat":[9117,2015,9184],"product_tag":[],"class_list":{"0":"post-241932","1":"product","2":"type-product","3":"status-publish","4":"has-post-thumbnail","6":"product_cat-bathroom","7":"product_cat-comad","8":"product_cat-countertops-comad","10":"first","11":"instock","12":"purchasable","13":"product-type-simple"},"_links":{"self":[{"href":"https:\/\/baldumarket.lt\/lt\/wp-json\/wp\/v2\/product\/241932","targetHints":{"allow":["GET"]}}],"collection":[{"href":"https:\/\/baldumarket.lt\/lt\/wp-json\/wp\/v2\/product"}],"about":[{"href":"https:\/\/baldumarket.lt\/lt\/wp-json\/wp\/v2\/types\/product"}],"replies":[{"embeddable":true,"href":"https:\/\/baldumarket.lt\/lt\/wp-json\/wp\/v2\/comments?post=241932"}],"wp:featuredmedia":[{"embeddable":true,"href":"https:\/\/baldumarket.lt\/lt\/wp-json\/wp\/v2\/media\/241933"}],"wp:attachment":[{"href":"https:\/\/baldumarket.lt\/lt\/wp-json\/wp\/v2\/media?parent=241932"}],"wp:term":[{"taxonomy":"product_brand","embeddable":true,"href":"https:\/\/baldumarket.lt\/lt\/wp-json\/wp\/v2\/product_brand?post=241932"},{"taxonomy":"product_cat","embeddable":true,"href":"https:\/\/baldumarket.lt\/lt\/wp-json\/wp\/v2\/product_cat?post=241932"},{"taxonomy":"product_tag","embeddable":true,"href":"https:\/\/baldumarket.lt\/lt\/wp-json\/wp\/v2\/product_tag?post=241932"}],"curies":[{"name":"wp","href":"https:\/\/api.w.org\/{rel}","templated":true}]}}