{"id":241920,"date":"2026-01-02T22:48:15","date_gmt":"2026-01-02T19:48:15","guid":{"rendered":"https:\/\/baldumarket.lt\/product\/blat-lazienkowy-120-cm-dab-wotan-nature\/"},"modified":"2026-02-11T18:34:20","modified_gmt":"2026-02-11T15:34:20","slug":"blat-lazienkowy-120-cm-dab-wotan-nature","status":"publish","type":"product","link":"https:\/\/baldumarket.lt\/lt\/product\/blat-lazienkowy-120-cm-dab-wotan-nature\/","title":{"rendered":"Vonios stalvir\u0161is, 120 cm, \u201eWotan Nature Oak\u201c, \u0105\u017euolas"},"content":{"rendered":"<p>120 cm vonios stalvir\u0161is i\u0161 \u201eWotan Oak Nature\u201c120 cm vonios stalvir\u0161is i\u0161 \u201eWotan Oak Nature\u201c \u2013 tai tobulas estetikos ir funkcionalumo derinys. \u012ekv\u0117ptas gamtos, banguotas kra\u0161tas suteikia interjerui \u0161ilt\u0105 ir autenti\u0161k\u0105 atmosfer\u0105. Pagamintas i\u0161 patvarios MDF plok\u0161t\u0117s, tod\u0117l j\u012f lengva valyti. Poliruota kokyb\u0117! Matmenys: Plotis (cm): 120,8 Gylis (cm): 47,5 Auk\u0161tis (cm): 2,2 Svoris (kg): 11 Techniniai duomenys: Stalvir\u0161io spalva: \u201eWotan Oak\u201c Stalvir\u0161io med\u017eiaga: MDF Surinkimas: Savaranki\u0161kas surinkimas. Pakeiskite savo vonios kambar\u012f su \u201eComad\u201c 120 cm vonios stalvir\u0161iu i\u0161 \u201eWotan Oak Nature\u201c. \u0160is unikalus elementas yra ne tik funkcionalus, bet ir, svarbiausia, stilingas, suteikiantis j\u016bs\u0173 interjerui autenti\u0161k\u0105 ir jauki\u0105 atmosfer\u0105. Dizain\u0105 \u012fkv\u0117p\u0117 medienos nat\u016bralumas \u2013 netaisyklingi kra\u0161tai ir i\u0161skirtinis ra\u0161tas suteikia stalvir\u0161iui tikros medienos i\u0161vaizd\u0105, suteikdami jam unikal\u0173 charakter\u012f. 120,8 cm plo\u010dio stalvir\u0161is puikiai dera su 46 cm gylio praustuvin\u0117mis spintel\u0117mis, u\u017etikrindamas darn\u0173 ir harmoning\u0105 vonios kambario dizain\u0105. Sodrios spalvos ir kontrastingi tonai puikiai der\u0117s prie \u012fvairi\u0173 stili\u0173 \u2013 nuo minimalistinio iki skandinavi\u0161ko. Universalus dizainas sukuria erdv\u0119, kurioje kiekviena atsipalaidavimo akimirka bus malonu. D\u0117l panaudot\u0173 med\u017eiag\u0173, toki\u0173 kaip MDF plok\u0161t\u0117 ir PVC folija, stalvir\u0161is ne tik puikiai atrodo, bet ir yra patvarus bei lengvai valomas. Savaranki\u0161ko surinkimo galimyb\u0117 suteikia jums dizaino lankstumo \u2013 tereikia i\u0161pjauti tinkam\u0105 skyl\u0119 sifonui, kad b\u016bt\u0173 lengva sumontuoti kriaukl\u0119. Visas gaminys pagamintas kruop\u0161\u010diai, pabr\u0117\u017eiant lenk\u0173 meistri\u0161kumo kokyb\u0119. Pasirinkdami \u201eWotan Nature Oak\u201c vonios kambario stalvir\u0161\u012f, investuojate \u012f patvarum\u0105 ir estetik\u0105, kuri tarnaus ilgus metus. D\u0117l FSC sertifikuot\u0173 med\u017eiag\u0173 galite b\u016bti tikri, kad gaminys yra draugi\u0161kas aplinkai. Be gra\u017eios i\u0161vaizdos, jo pavir\u0161i\u0173 lengva valyti, k\u0105 tikrai \u012fvertinsite kasdien naudodami. Paverskite savo vonios kambar\u012f erdve, kurioje stilius dera su funkcionalumu, pasirinkdami \u0161\u012f unikal\u0173 \u201eComad\u201c stalvir\u0161\u012f.<\/p>","protected":false},"excerpt":{"rendered":"<p>Plotis (cm): 120,8<br \/>\n\u016agis (cm): 2,2<br \/>\nGylis (cm): 47,5<\/p>","protected":false},"featured_media":241921,"comment_status":"open","ping_status":"open","template":"","meta":[],"product_brand":[],"product_cat":[9117,2015,9184],"product_tag":[],"class_list":{"0":"post-241920","1":"product","2":"type-product","3":"status-publish","4":"has-post-thumbnail","6":"product_cat-bathroom","7":"product_cat-comad","8":"product_cat-countertops-comad","10":"first","11":"instock","12":"purchasable","13":"product-type-simple"},"_links":{"self":[{"href":"https:\/\/baldumarket.lt\/lt\/wp-json\/wp\/v2\/product\/241920","targetHints":{"allow":["GET"]}}],"collection":[{"href":"https:\/\/baldumarket.lt\/lt\/wp-json\/wp\/v2\/product"}],"about":[{"href":"https:\/\/baldumarket.lt\/lt\/wp-json\/wp\/v2\/types\/product"}],"replies":[{"embeddable":true,"href":"https:\/\/baldumarket.lt\/lt\/wp-json\/wp\/v2\/comments?post=241920"}],"wp:featuredmedia":[{"embeddable":true,"href":"https:\/\/baldumarket.lt\/lt\/wp-json\/wp\/v2\/media\/241921"}],"wp:attachment":[{"href":"https:\/\/baldumarket.lt\/lt\/wp-json\/wp\/v2\/media?parent=241920"}],"wp:term":[{"taxonomy":"product_brand","embeddable":true,"href":"https:\/\/baldumarket.lt\/lt\/wp-json\/wp\/v2\/product_brand?post=241920"},{"taxonomy":"product_cat","embeddable":true,"href":"https:\/\/baldumarket.lt\/lt\/wp-json\/wp\/v2\/product_cat?post=241920"},{"taxonomy":"product_tag","embeddable":true,"href":"https:\/\/baldumarket.lt\/lt\/wp-json\/wp\/v2\/product_tag?post=241920"}],"curies":[{"name":"wp","href":"https:\/\/api.w.org\/{rel}","templated":true}]}}