{"id":241910,"date":"2026-01-02T22:48:12","date_gmt":"2026-01-02T19:48:12","guid":{"rendered":"https:\/\/baldumarket.lt\/product\/blat-lazienkowy-120-cm-dab-cremona\/"},"modified":"2026-02-11T18:34:20","modified_gmt":"2026-02-11T15:34:20","slug":"blat-lazienkowy-120-cm-dab-cremona","status":"publish","type":"product","link":"https:\/\/baldumarket.lt\/lt\/product\/blat-lazienkowy-120-cm-dab-cremona\/","title":{"rendered":"Vonios stalvir\u0161is, 120 cm, Cremona \u0105\u017euolas"},"content":{"rendered":"<p>120 cm Cremona \u0105\u017euolo vonios stalvir\u0161is120 cm Cremona \u0105\u017euolo vonios stalvir\u0161is yra eleganti\u0161kas elementas, kuris pagyvins j\u016bs\u0173 interjer\u0105. Pagamintas i\u0161 patvarios MDF plok\u0161t\u0117s, j\u012f lengva valyti. Lenki\u0161ka gamyba i\u0161 FSC sertifikuot\u0173 med\u017eiag\u0173 u\u017etikrina auk\u0161t\u0105 kokyb\u0119 ir ilgaam\u017ei\u0161kum\u0105. Matmenys: Plotis (cm): 120,6 Gylis (cm): 46,5 Auk\u0161tis (cm): 2,2 Svoris (kg): 10,2 Techniniai duomenys: Med\u017eiaga: MDF Spalva: Cremona \u0105\u017euolas Surinkimas: Savaranki\u0161kas surinkimas120 cm Cremona \u0105\u017euolo vonios stalvir\u0161is yra ne tik baldas, bet ir tikra bet kurio vonios kambario puo\u0161mena. Unikali Cremona \u0105\u017euolo spalva, atspindinti nat\u016bral\u0173 medienos gro\u017e\u012f, suteikia interjerui \u0161ilumos ir elegancijos. D\u0117l minimalistinio dizaino stalvir\u0161is harmoningai \u012fsilies \u012f \u012fvairius interjerus \u2013 nuo modernaus iki klasikinio, tapdamas vonios kambario \u0161irdimi.<\/p>\n<p>Pagamintas i\u0161 auk\u0161tos kokyb\u0117s MDF plok\u0161t\u0117s, stalvir\u0161is yra atsparus kasdieniam vonios kambario naudojimui. Jo pavir\u0161ius, padengtas patvaria PVC pl\u0117vele, u\u017etikrina esteti\u0161k\u0105 i\u0161vaizd\u0105 ir lengv\u0105 valym\u0105, tod\u0117l tai prakti\u0161kas pasirinkimas tiems, kurie vertina funkcionalum\u0105 ir patogum\u0105. Su \u0161iuo stalvir\u0161iu jums nereik\u0117s nerimauti d\u0117l sunkiai \u012fveikiam\u0173 d\u0117mi\u0173 ar \u012fbr\u0117\u017eim\u0173.<\/p>\n<p>2,2 cm auk\u0161tis idealiai tinka surinkimui patiems, nes galite j\u012f pritaikyti savo poreikiams. Tiesiog i\u0161pjaukite skyl\u0119 sifonui tinkamoje vietoje ir gal\u0117site \u012frengti kriaukl\u0119. \u0160is lankstumas paver\u010dia 120 cm vonios stalvir\u0161\u012f sprendimu, kuris prisitaiko prie j\u016bs\u0173 gyvenimo b\u016bdo.<\/p>\n<p>Investuodami \u012f \u0161\u012f gamin\u012f, renkat\u0117s lenki\u0161k\u0105 kokyb\u0119, pagr\u012fst\u0105 FSC sertifikuot\u0173 med\u017eiag\u0173 naudojimu. Kiekviena detal\u0117 yra kruop\u0161\u010diai sukurta, prisidedant prie estetini\u0173 ir funkcini\u0173 savybi\u0173. Tad nelaukite ilgiau \u2013 susikurkite savo svajoni\u0173 vonios kambario erdv\u0119 su stalvir\u0161iu, kuris apjungia elegancij\u0105, funkcionalum\u0105 ir patvarum\u0105.<\/p>","protected":false},"excerpt":{"rendered":"<p>Plotis (cm): 120,6<br \/>\n\u016agis (cm): 2,2<br \/>\nGylis (cm): 46,5<\/p>","protected":false},"featured_media":241911,"comment_status":"open","ping_status":"open","template":"","meta":[],"product_brand":[],"product_cat":[9117,2015,9184],"product_tag":[],"class_list":{"0":"post-241910","1":"product","2":"type-product","3":"status-publish","4":"has-post-thumbnail","6":"product_cat-bathroom","7":"product_cat-comad","8":"product_cat-countertops-comad","10":"first","11":"instock","12":"purchasable","13":"product-type-simple"},"_links":{"self":[{"href":"https:\/\/baldumarket.lt\/lt\/wp-json\/wp\/v2\/product\/241910","targetHints":{"allow":["GET"]}}],"collection":[{"href":"https:\/\/baldumarket.lt\/lt\/wp-json\/wp\/v2\/product"}],"about":[{"href":"https:\/\/baldumarket.lt\/lt\/wp-json\/wp\/v2\/types\/product"}],"replies":[{"embeddable":true,"href":"https:\/\/baldumarket.lt\/lt\/wp-json\/wp\/v2\/comments?post=241910"}],"wp:featuredmedia":[{"embeddable":true,"href":"https:\/\/baldumarket.lt\/lt\/wp-json\/wp\/v2\/media\/241911"}],"wp:attachment":[{"href":"https:\/\/baldumarket.lt\/lt\/wp-json\/wp\/v2\/media?parent=241910"}],"wp:term":[{"taxonomy":"product_brand","embeddable":true,"href":"https:\/\/baldumarket.lt\/lt\/wp-json\/wp\/v2\/product_brand?post=241910"},{"taxonomy":"product_cat","embeddable":true,"href":"https:\/\/baldumarket.lt\/lt\/wp-json\/wp\/v2\/product_cat?post=241910"},{"taxonomy":"product_tag","embeddable":true,"href":"https:\/\/baldumarket.lt\/lt\/wp-json\/wp\/v2\/product_tag?post=241910"}],"curies":[{"name":"wp","href":"https:\/\/api.w.org\/{rel}","templated":true}]}}