{"id":241896,"date":"2026-01-02T22:48:04","date_gmt":"2026-01-02T19:48:04","guid":{"rendered":"https:\/\/baldumarket.lt\/product\/blat-lazienkowy-120-cm-dab-casella-nature\/"},"modified":"2026-02-11T18:34:21","modified_gmt":"2026-02-11T15:34:21","slug":"blat-lazienkowy-120-cm-dab-casella-nature","status":"publish","type":"product","link":"https:\/\/baldumarket.lt\/lt\/product\/blat-lazienkowy-120-cm-dab-casella-nature\/","title":{"rendered":"Vonios stalvir\u0161is, 120 cm, \u0105\u017euolo spalvos, \u201eCasella Nature\u201c"},"content":{"rendered":"<p>120 cm \u201eCasella Nature Oak\u201c vonios stalvir\u0161is120 cm \u201eCasella Nature Oak\u201c vonios stalvir\u0161is \u2013 tai eleganti\u0161kas stiliaus ir funkcionalumo derinys. Pagamintas i\u0161 autenti\u0161kos apdailos MDF plok\u0161t\u0117s, jis sukuria jauki\u0105 atmosfer\u0105. Lengvai surenkamas, puikiai tinka 40 cm gylio spintel\u0117ms. Poliruota kokyb\u0117. Matmenys: Plotis (cm): 120,8 Gylis (cm): 40,5 Auk\u0161tis (cm): 2,2 Svoris (kg): 9 Techniniai duomenys: Stalvir\u0161io spalva: \u201eCasella Oak\u201c Stalvir\u0161io med\u017eiaga: MDF Surinkimas: Savaranki\u0161kas surinkimas. Atraskite nauj\u0105 elegancijos ir funkcionalumo dimensij\u0105 savo vonios kambaryje su 120 cm plo\u010dio vonios stalvir\u0161iu i\u0161 \u201eCasella Nature Oak\u201c kolekcijos. Nat\u016bralios medienos \u012fkv\u0117pimas pasirei\u0161kia ne tik gra\u017eia strukt\u016bra, bet ir autenti\u0161ka atmosfera, kuri\u0105 jis suteikia bet kokiam interjerui. Unikalus dizainas su netaisyklingu, banguotu kra\u0161tu traukia d\u0117mes\u012f, sukurdamas \u0161ilumos ir stiliaus kupin\u0105 erdv\u0119. Stalvir\u0161is, pagamintas i\u0161 auk\u0161tos kokyb\u0117s MDF plok\u0161t\u0117s ir apdailintas PVC folija, derina estetik\u0105 ir patvarum\u0105. D\u0117l tamsios, prislopintos \u201eCasella Oak\u201c spalvos, j\u016bs gaunate bald\u0105, kuris puikiai dera su \u012fvairiomis dizaino tendencijomis. FSC sertifikuot\u0173 med\u017eiag\u0173 naudojimas u\u017etikrina ne tik ilgaam\u017ei\u0161kum\u0105, bet ir aplinkosaugin\u012f s\u0105moningum\u0105, tod\u0117l j\u016bs\u0173 pasirinkimas daro teigiam\u0105 poveik\u012f aplinkai. Kasdienis stalvir\u0161io naudojimas \u2013 grynas malonumas. Lygus pavir\u0161ius leid\u017eia j\u012f lengvai valyti, o tai labai svarbu vonios kambaryje. Kruop\u0161\u010diai apgalvotas montavimas u\u017etikrina, kad stalvir\u0161io ir praustuvo spintel\u0117s derinys sukurt\u0173 harmoning\u0105 ir vientis\u0105 interjer\u0105. Be to, stalvir\u0161\u012f galima pritaikyti individualiems poreikiams, \u012frengiant sifono ang\u0105 pagal kriaukl\u0117s reikalavimus. Pasirinkdami \u201eCasella Nature Oak\u201c vonios stalvir\u0161\u012f, renkat\u0117s modernumo ir klasikinio stiliaus derin\u012f. Jo matmenys \u2013 120,8 cm plo\u010dio ir 40,5 cm gylio \u2013 tiks \u012fvairiems i\u0161d\u0117stymams, o minimalistinis, ta\u010diau eleganti\u0161kas dizainas pavers j\u016bs\u0173 vonios kambar\u012f atsipalaidavimo ir poilsio vieta. Pa\u017ei\u016br\u0117kite, kaip lengvai galite pakeisti savo erdv\u0119, prid\u0117dami \u0161\u012f unikal\u0173 bald\u0105!<\/p>","protected":false},"excerpt":{"rendered":"<p>Plotis (cm): 120,8<br \/>\n\u016agis (cm): 2,2<br \/>\nGylis (cm): 40,5<\/p>","protected":false},"featured_media":241897,"comment_status":"open","ping_status":"open","template":"","meta":[],"product_brand":[],"product_cat":[9117,2015,9184],"product_tag":[],"class_list":{"0":"post-241896","1":"product","2":"type-product","3":"status-publish","4":"has-post-thumbnail","6":"product_cat-bathroom","7":"product_cat-comad","8":"product_cat-countertops-comad","10":"first","11":"instock","12":"purchasable","13":"product-type-simple"},"_links":{"self":[{"href":"https:\/\/baldumarket.lt\/lt\/wp-json\/wp\/v2\/product\/241896","targetHints":{"allow":["GET"]}}],"collection":[{"href":"https:\/\/baldumarket.lt\/lt\/wp-json\/wp\/v2\/product"}],"about":[{"href":"https:\/\/baldumarket.lt\/lt\/wp-json\/wp\/v2\/types\/product"}],"replies":[{"embeddable":true,"href":"https:\/\/baldumarket.lt\/lt\/wp-json\/wp\/v2\/comments?post=241896"}],"wp:featuredmedia":[{"embeddable":true,"href":"https:\/\/baldumarket.lt\/lt\/wp-json\/wp\/v2\/media\/241897"}],"wp:attachment":[{"href":"https:\/\/baldumarket.lt\/lt\/wp-json\/wp\/v2\/media?parent=241896"}],"wp:term":[{"taxonomy":"product_brand","embeddable":true,"href":"https:\/\/baldumarket.lt\/lt\/wp-json\/wp\/v2\/product_brand?post=241896"},{"taxonomy":"product_cat","embeddable":true,"href":"https:\/\/baldumarket.lt\/lt\/wp-json\/wp\/v2\/product_cat?post=241896"},{"taxonomy":"product_tag","embeddable":true,"href":"https:\/\/baldumarket.lt\/lt\/wp-json\/wp\/v2\/product_tag?post=241896"}],"curies":[{"name":"wp","href":"https:\/\/api.w.org\/{rel}","templated":true}]}}