{"id":241885,"date":"2026-01-02T22:48:00","date_gmt":"2026-01-02T19:48:00","guid":{"rendered":"https:\/\/baldumarket.lt\/product\/blat-lazienkowy-100-cm-ovalia-cremona\/"},"modified":"2026-02-11T18:34:21","modified_gmt":"2026-02-11T15:34:21","slug":"blat-lazienkowy-100-cm-ovalia-cremona","status":"publish","type":"product","link":"https:\/\/baldumarket.lt\/lt\/product\/blat-lazienkowy-100-cm-ovalia-cremona\/","title":{"rendered":"Vonios stalvir\u0161is 100 cm Ovalia Cremona"},"content":{"rendered":"<p>\u201eOvalia Cremona\u201c vonios stalvir\u0161is, 100 cm. \u201eOvalia Cremona\u201c vonios stalvir\u0161is, 100 cm \u2013 tai eleganti\u0161kas \u201eCremona Oak\u201c medienos elementas, derinantis modern\u0173 dizain\u0105 su funkcionalumu. Suapvalinti kampai suteikia lengvumo, o MDF \u2013 patvarum\u0105 ir lengv\u0105 prie\u017ei\u016br\u0105. Pagaminta Lenkijoje ir sertifikuota FSC. Matmenys: Plotis (cm): 100,4 Gylis (cm): 45,8 Auk\u0161tis (cm): 2,2 Svoris (kg): 10 Techniniai duomenys: Med\u017eiaga: MDF Spalva: \u201eCremona Oak\u201c Surinkimas: Savaranki\u0161kas surinkimas. \u201eOvalia Cremona\u201c vonios stalvir\u0161is, 100 cm, yra puikus pasirinkimas visiems, norintiems savo interjerui suteikti elegancijos ir stiliaus. Nat\u016brali \u201eCremona Oak\u201c spalva ne tik traukia ak\u012f, bet ir sukuria vonios kambariui \u0161ilt\u0105, jauki\u0105 atmosfer\u0105. Suapvalinti stalvir\u0161io kampai daro j\u012f ne tik esteti\u0161kai patraukl\u0173, bet ir saug\u0173, tod\u0117l tai puikus pasirinkimas \u0161eimoms su vaikais. Pagamintas i\u0161 auk\u0161tos kokyb\u0117s MDF, stalvir\u0161is derina patvarum\u0105 ir lengv\u0105 valym\u0105. D\u0117l moderni\u0173 med\u017eiag\u0173 naudojimo kiekvienas vartotojas gali d\u017eiaugtis jo gra\u017eia i\u0161vaizda daugel\u012f met\u0173. Tai puikus pasirinkimas tiems, kurie vertina prakti\u0161kum\u0105 erdv\u0117s i\u0161d\u0117styme neaukodami estetikos. \u012ereng\u0119 \u201eOvalia Cremona\u201c vonios stalvir\u0161\u012f, galite lengvai pasiekti norim\u0105 harmonij\u0105 savo interjere. Jis puikiai dera su tos pa\u010dios serijos praustuv\u0173 spintel\u0117mis, sukurdamas vonios kambaryje vientisumo ir unikalaus stiliaus poj\u016bt\u012f. Lenki\u0161ka gamyba ir FSC sertifikatai rodo ekologi\u0161kum\u0105 ir auk\u0161t\u0105 kokyb\u0119, kuri tikrai patiks s\u0105moningiems vartotojams. D\u0117l savaranki\u0161ko surinkimo galite pritaikyti stalvir\u0161\u012f pagal savo poreikius. Tiesiog i\u0161gr\u0119\u017ekite skyl\u0119 sifonui tinkamoje vietoje ir m\u0117gaukit\u0117s moderniu sprendimu savo vonios kambaryje. \u201eOvalia Cremona\u201c 100 cm vonios stalvir\u0161is neabejotinai yra puikus pasirinkimas tiems, kurie siekia suderinti funkcionalum\u0105 su i\u0161skirtiniu stiliumi. Suteikite savo namams unikal\u0173 charakter\u012f su \u0161iuo i\u0161skirtiniu baldu, kuris pabr\u0117\u0161 j\u016bs\u0173 asmenyb\u0119 ir suteiks elegancijos bet kokiam interjerui. \u201eOvalia Cremona\u201c 100 cm vonios stalvir\u0161is yra modernus ir klasikinis viename, papildantis bet kok\u012f vonios kambario dizain\u0105.<\/p>","protected":false},"excerpt":{"rendered":"<p>Plotis (cm): 100,4<br \/>\n\u016agis (cm): 2,2<br \/>\nGylis (cm): 45,8<\/p>","protected":false},"featured_media":241886,"comment_status":"open","ping_status":"open","template":"","meta":[],"product_brand":[],"product_cat":[9117,2015,9184],"product_tag":[],"class_list":{"0":"post-241885","1":"product","2":"type-product","3":"status-publish","4":"has-post-thumbnail","6":"product_cat-bathroom","7":"product_cat-comad","8":"product_cat-countertops-comad","10":"first","11":"instock","12":"purchasable","13":"product-type-simple"},"_links":{"self":[{"href":"https:\/\/baldumarket.lt\/lt\/wp-json\/wp\/v2\/product\/241885","targetHints":{"allow":["GET"]}}],"collection":[{"href":"https:\/\/baldumarket.lt\/lt\/wp-json\/wp\/v2\/product"}],"about":[{"href":"https:\/\/baldumarket.lt\/lt\/wp-json\/wp\/v2\/types\/product"}],"replies":[{"embeddable":true,"href":"https:\/\/baldumarket.lt\/lt\/wp-json\/wp\/v2\/comments?post=241885"}],"wp:featuredmedia":[{"embeddable":true,"href":"https:\/\/baldumarket.lt\/lt\/wp-json\/wp\/v2\/media\/241886"}],"wp:attachment":[{"href":"https:\/\/baldumarket.lt\/lt\/wp-json\/wp\/v2\/media?parent=241885"}],"wp:term":[{"taxonomy":"product_brand","embeddable":true,"href":"https:\/\/baldumarket.lt\/lt\/wp-json\/wp\/v2\/product_brand?post=241885"},{"taxonomy":"product_cat","embeddable":true,"href":"https:\/\/baldumarket.lt\/lt\/wp-json\/wp\/v2\/product_cat?post=241885"},{"taxonomy":"product_tag","embeddable":true,"href":"https:\/\/baldumarket.lt\/lt\/wp-json\/wp\/v2\/product_tag?post=241885"}],"curies":[{"name":"wp","href":"https:\/\/api.w.org\/{rel}","templated":true}]}}