{"id":241868,"date":"2026-01-02T22:47:54","date_gmt":"2026-01-02T19:47:54","guid":{"rendered":"https:\/\/baldumarket.lt\/product\/blat-lazienkowy-100-cm-nova-oak\/"},"modified":"2026-02-11T18:34:21","modified_gmt":"2026-02-11T15:34:21","slug":"blat-lazienkowy-100-cm-nova-oak","status":"publish","type":"product","link":"https:\/\/baldumarket.lt\/lt\/product\/blat-lazienkowy-100-cm-nova-oak\/","title":{"rendered":"Vonios stalvir\u0161is 100 cm NOVA \u0104\u017dUOLAS"},"content":{"rendered":"<p>NOVA OAK vonios stalvir\u0161is 100 cm. \u201eComad\u201c NOVA OAK vonios stalvir\u0161is, pagamintas i\u0161 laminuotos \u201eCost Evoke\u201c \u0105\u017euolo plok\u0161t\u0117s, u\u017etikrina patvarum\u0105 ir eleganti\u0161k\u0105 i\u0161vaizd\u0105. Puikiai tinka moderniems vonios kambariams, jis derina funkcionalum\u0105 ir estetik\u0105, suteikdamas interjerui \u0161ilumos ir klasikin\u0117s elegancijos. Matmenys: Plotis (cm): 100,4 Gylis (cm): 40 Auk\u0161tis (cm): 2,5 Svoris (kg): 7,5 Techniniai duomenys: Spalva: \u201eCost Evoke\u201c \u0105\u017euolas Med\u017eiaga: Laminuota plok\u0161t\u0117 Atraskite nauj\u0105 savo vonios kambario versij\u0105 su \u201eComad\u201c NOVA OAK vonios stalvir\u0161iu. \u0160is unikalus stalvir\u0161is \u2013 puikus b\u016bdas suteikti j\u016bs\u0173 erdvei \u0161ilumos ir nat\u016bralaus \u017eavesio. Subtili \u201eEvoke\u201c \u0105\u017euolo spalva puikiai dera tiek su moderniu, tiek su klasikiniu dizainu, sukurdama stulbinant\u012f vizualin\u012f efekt\u0105. NOVA OAK vonios stalvir\u0161is buvo sukurtas galvojant apie kasdien\u012f komfort\u0105. Jo funkcionalumas ir patvarumas paver\u010dia j\u012f nepakei\u010diamu j\u016bs\u0173 vonios kambario elementu. Pagamintas i\u0161 laminuotos plok\u0161t\u0117s, jis yra atsparus dr\u0117gmei, tod\u0117l yra patvarus net ir pa\u010diomis sud\u0117tingiausiomis s\u0105lygomis. Kiekviena NOVA OAK stalvir\u0161io detal\u0117 buvo kruop\u0161\u010diai apgalvota, siekiant u\u017etikrinti ne tik estetik\u0105, bet ir prakti\u0161kum\u0105. 100 cm plo\u010dio spintel\u0117je lengvai tilps visi b\u016btini vonios kambario aksesuarai, o ma\u017eas 40 cm gylis leid\u017eia puikiai tilpti bet kokioje erdv\u0117je neu\u017eimant per daug vietos. NOVA OAK grindys ne tik gra\u017eios, bet ir lengvai montuojamos bei pri\u017ei\u016brimos. Lygus pavir\u0161ius leid\u017eia greitai ir be vargo kasdien\u012f valym\u0105 atlikti, tod\u0117l gal\u0117site m\u0117gautis stilinga vonios kambario i\u0161vaizda ilgus metus. \u0160is gaminys yra puikus pasirinkimas tiems, kurie vertina estetik\u0105 ir prakti\u0161kum\u0105.<\/p>","protected":false},"excerpt":{"rendered":"<p>Plotis (cm): 100,4<br \/>\nGylis (cm): 40<br \/>\nAuk\u0161tis (cm): 2,5<\/p>","protected":false},"featured_media":241869,"comment_status":"open","ping_status":"open","template":"","meta":[],"product_brand":[],"product_cat":[9117,2015,9184],"product_tag":[],"class_list":{"0":"post-241868","1":"product","2":"type-product","3":"status-publish","4":"has-post-thumbnail","6":"product_cat-bathroom","7":"product_cat-comad","8":"product_cat-countertops-comad","10":"first","11":"instock","12":"purchasable","13":"product-type-simple"},"_links":{"self":[{"href":"https:\/\/baldumarket.lt\/lt\/wp-json\/wp\/v2\/product\/241868","targetHints":{"allow":["GET"]}}],"collection":[{"href":"https:\/\/baldumarket.lt\/lt\/wp-json\/wp\/v2\/product"}],"about":[{"href":"https:\/\/baldumarket.lt\/lt\/wp-json\/wp\/v2\/types\/product"}],"replies":[{"embeddable":true,"href":"https:\/\/baldumarket.lt\/lt\/wp-json\/wp\/v2\/comments?post=241868"}],"wp:featuredmedia":[{"embeddable":true,"href":"https:\/\/baldumarket.lt\/lt\/wp-json\/wp\/v2\/media\/241869"}],"wp:attachment":[{"href":"https:\/\/baldumarket.lt\/lt\/wp-json\/wp\/v2\/media?parent=241868"}],"wp:term":[{"taxonomy":"product_brand","embeddable":true,"href":"https:\/\/baldumarket.lt\/lt\/wp-json\/wp\/v2\/product_brand?post=241868"},{"taxonomy":"product_cat","embeddable":true,"href":"https:\/\/baldumarket.lt\/lt\/wp-json\/wp\/v2\/product_cat?post=241868"},{"taxonomy":"product_tag","embeddable":true,"href":"https:\/\/baldumarket.lt\/lt\/wp-json\/wp\/v2\/product_tag?post=241868"}],"curies":[{"name":"wp","href":"https:\/\/api.w.org\/{rel}","templated":true}]}}