{"id":241836,"date":"2026-01-02T22:47:44","date_gmt":"2026-01-02T19:47:44","guid":{"rendered":"https:\/\/baldumarket.lt\/product\/blat-lazienkowy-100-cm-dab-casella-nature\/"},"modified":"2026-02-11T18:34:21","modified_gmt":"2026-02-11T15:34:21","slug":"blat-lazienkowy-100-cm-dab-casella-nature","status":"publish","type":"product","link":"https:\/\/baldumarket.lt\/lt\/product\/blat-lazienkowy-100-cm-dab-casella-nature\/","title":{"rendered":"Vonios stalvir\u0161is, 100 cm, \u201eCasella Nature Oak\u201c"},"content":{"rendered":"<p>100 cm vonios stalvir\u0161is \u201eCasella Oak Nature\u201c100 cm vonios stalvir\u0161is i\u0161 \u201eNature\u201c kolekcijos \u201eCasella Oak\u201c spalvos derina nat\u016bral\u0173 dizain\u0105 ir modern\u0173 funkcionalum\u0105. Pagamintas i\u0161 sertifikuotos MDF plok\u0161t\u0117s, imituojan\u010dios tikr\u0105 medien\u0105, jis suteikia elegancijos ir jaukumo bet kuriam vonios kambariui. Lengva surinkti. Matmenys: Plotis (cm): 100,8 Gylis (cm): 40,5 Auk\u0161tis (cm): 2,2 Svoris (kg): 8 Techniniai duomenys: Stalvir\u0161io spalva: Casella Oak Stalvir\u0161io med\u017eiaga: MDF Surinkimas: Savaranki\u0161kas surinkimas Ie\u0161kote tobulo vonios stalvir\u0161io, kuris derint\u0173 stili\u0173 ir funkcionalum\u0105? \u201eComad\u201c 100 cm vonios stalvir\u0161is \u201eCasella Oak Nature\u201c yra puikus pasirinkimas. \u012ekv\u0117ptas nat\u016bralios medienos, \u0161is stalvir\u0161is pasi\u017eymi akiai malonia, \u0161iek tiek banguota apdaila, kuri suteikia jauki\u0105 atmosfer\u0105 bet kokiam interjerui. Jo prislopinti atspalviai skland\u017eiai dera su \u012fvairiais dekoro elementais, o minimalistinis charakteris suteikia elegancijos bet kokiam vonios kambariui. \u0160is stalvir\u0161is buvo sukurtas 40 cm gylio spintel\u0117ms, tod\u0117l idealiai tinka tiek ma\u017eiems, tiek didesniems vonios kambariams. D\u0117l tikslaus MDF ir PVC folijos apdorojimo pasieksite esteti\u0161kai patraukli\u0105 i\u0161vaizd\u0105, kuri atlaikys laiko i\u0161bandym\u0105. Nesijaudinkite d\u0117l kasdieni\u0173 u\u017eduo\u010di\u0173 \u2013 lengvai valomas pavir\u0161ius leid\u017eia greitai ir be vargo pri\u017ei\u016br\u0117ti. \u201eCasella Nature Oak\u201c vonios kambario stalvir\u0161is yra ne tik produktas \u2013 tai investicija \u012f patvarum\u0105 ir komfort\u0105. Pagamintas Lenkijoje i\u0161 FSC sertifikuot\u0173 med\u017eiag\u0173, jis garantuoja auk\u0161\u010diausi\u0105 kokyb\u0119 ir ilgaam\u017ei\u0161kum\u0105. D\u0117l lengvo surinkimo galite patys \u012fgyvendinti savo svajones apie esteti\u0161kai patraukl\u0173 vonios kambar\u012f, nereikalaudami profesionalios pagalbos. Kanalizacijos angos paruo\u0161imas neu\u017eims daug laiko, o visas daiktas taps funkcionalesnis ir patogesnis naudoti. Palepinkite save prabangos prisilietimu kasdieniame naudojime. 100 cm \u201eCasella Nature Oak\u201c vonios kambario stalvir\u0161is pavers j\u016bs\u0173 vonios kambar\u012f atpalaiduojan\u010dia erdve, alsuojan\u010dia stiliumi ir rafinuotumu. Sukurkite erdv\u0119, kuri atspind\u0117t\u0173 j\u016bs\u0173 skon\u012f ir asmenyb\u0119, pasitelkdami novatori\u0161kus \u201eComad\u201c sprendimus.<\/p>","protected":false},"excerpt":{"rendered":"<p>Plotis (cm): 100,8<br \/>\n\u016agis (cm): 2,2<br \/>\nGylis (cm): 40,5<\/p>","protected":false},"featured_media":241837,"comment_status":"open","ping_status":"open","template":"","meta":[],"product_brand":[],"product_cat":[9117,2015,9184],"product_tag":[],"class_list":{"0":"post-241836","1":"product","2":"type-product","3":"status-publish","4":"has-post-thumbnail","6":"product_cat-bathroom","7":"product_cat-comad","8":"product_cat-countertops-comad","10":"first","11":"instock","12":"purchasable","13":"product-type-simple"},"_links":{"self":[{"href":"https:\/\/baldumarket.lt\/lt\/wp-json\/wp\/v2\/product\/241836","targetHints":{"allow":["GET"]}}],"collection":[{"href":"https:\/\/baldumarket.lt\/lt\/wp-json\/wp\/v2\/product"}],"about":[{"href":"https:\/\/baldumarket.lt\/lt\/wp-json\/wp\/v2\/types\/product"}],"replies":[{"embeddable":true,"href":"https:\/\/baldumarket.lt\/lt\/wp-json\/wp\/v2\/comments?post=241836"}],"wp:featuredmedia":[{"embeddable":true,"href":"https:\/\/baldumarket.lt\/lt\/wp-json\/wp\/v2\/media\/241837"}],"wp:attachment":[{"href":"https:\/\/baldumarket.lt\/lt\/wp-json\/wp\/v2\/media?parent=241836"}],"wp:term":[{"taxonomy":"product_brand","embeddable":true,"href":"https:\/\/baldumarket.lt\/lt\/wp-json\/wp\/v2\/product_brand?post=241836"},{"taxonomy":"product_cat","embeddable":true,"href":"https:\/\/baldumarket.lt\/lt\/wp-json\/wp\/v2\/product_cat?post=241836"},{"taxonomy":"product_tag","embeddable":true,"href":"https:\/\/baldumarket.lt\/lt\/wp-json\/wp\/v2\/product_tag?post=241836"}],"curies":[{"name":"wp","href":"https:\/\/api.w.org\/{rel}","templated":true}]}}