{"id":241763,"date":"2026-01-02T22:47:18","date_gmt":"2026-01-02T19:47:18","guid":{"rendered":"https:\/\/baldumarket.lt\/product\/blat-lazienkowy-80-cm-santa-fe-black\/"},"modified":"2026-02-11T18:34:24","modified_gmt":"2026-02-11T15:34:24","slug":"blat-lazienkowy-80-cm-santa-fe-black","status":"publish","type":"product","link":"https:\/\/baldumarket.lt\/lt\/product\/blat-lazienkowy-80-cm-santa-fe-black\/","title":{"rendered":"Vonios stalvir\u0161is 80 cm SANTA FE BLACK"},"content":{"rendered":"<p>SANTA FE BLACK 80 cm vonios stalvir\u0161isEleganti\u0161kas SANTA FE BLACK vonios stalvir\u0161is i\u0161 \u201eComad\u201c \u2013 puikus pasirinkimas moderniam interjerui. Pagamintas i\u0161 patvarios, stilingos juodos spalvos MDF plok\u0161t\u0117s, jis suteiks j\u016bs\u0173 vonios kambariui rafinuotumo. Puikus kompromisas tarp funkcionalumo ir dizaino. Matmenys: Plotis (cm): 80,4 Gylis (cm): 46 Auk\u0161tis (cm): 2,5 Techniniai duomenys: Spalva: juoda Stalvir\u0161io med\u017eiaga: MDF Svoris: 7,5 Atraskite elegancij\u0105 ir modernum\u0105 su \u201eComad\u201c SANTA FE BLACK 89-80-B vonios stalvir\u0161iu. \u0160is akinantis juodas stalvir\u0161is sukurtas tiems, kurie vertina stiling\u0105 ir funkcional\u0173 interjer\u0105. Jo rafinuota i\u0161vaizda suteiks j\u016bs\u0173 vonios kambariui unikalaus charakterio, derindama klasikin\u012f dizain\u0105 su moderniais akcentais. SANTA FE BLACK stalvir\u0161is skland\u017eiai dera su \u012fvairiais vonios kambario dizaino elementais, sukurdamas darni\u0105 ir esteti\u0161kai patraukli\u0105 erdv\u0119. Matin\u0117 MDF apdaila stalvir\u0161\u012f daro ne tik gra\u017e\u0173, bet ir lengvai valom\u0105. Jo 80,4 cm plotis ir 46 cm gylis idealiai tinka \u012fvairioms konfig\u016bracijoms, suteikiant pakankamai erdv\u0117s kasdieniams vonios kambario poreikiams. \u0160io stalvir\u0161io funkcionalumas slypi jo paprastume. D\u0117l savo **lengvumo** ir tvirtumo SANTA FE BLACK stalvir\u0161\u012f lengva sumontuoti ir jis puikiai tiks bet kuriam vonios kambariui. Jo patvarumas ir atsparumas dr\u0117gmei garantuoja ilgalaik\u012f naudojim\u0105, tod\u0117l tai ilgalaik\u0117 investicija. \u012esireng\u0119 \u0161\u012f eleganti\u0161k\u0105 stalvir\u0161\u012f savo vonios kambaryje, sukursite erdv\u0119, kuri d\u017eiugins ne tik \u0161eimos narius, bet ir sve\u010dius. SANTA FE BLACK \u2013 tai prabangos ir prakti\u0161kumo sinonimas, pakeliantis bet kokio interjero standart\u0105. Rinkit\u0117s kokyb\u0119 ir stili\u0173 su \u201eComad\u201c gaminiais, ir j\u016bs\u0173 vonios kambarys \u012fgis nauj\u0105, unikali\u0105 i\u0161vaizd\u0105.<\/p>","protected":false},"excerpt":{"rendered":"<p>SANTA FE BLACK 80 cm vonios stalvir\u0161isEleganti\u0161kas SANTA FE BLACK vonios stalvir\u0161is i\u0161 \u201eComad\u201c \u2013 puikus pasirinkimas moderniam interjerui. Pagamintas i\u0161 patvarios, stilingos juodos spalvos MDF plok\u0161t\u0117s, jis suteiks j\u016bs\u0173 vonios kambariui rafinuotumo. Puikus kompromisas tarp funkcionalumo ir dizaino. Matmenys: Plotis (cm): 80,4 Gylis (cm): 46 Auk\u0161tis (cm): [\u2026]<\/p>","protected":false},"featured_media":241764,"comment_status":"open","ping_status":"open","template":"","meta":[],"product_brand":[],"product_cat":[9117,2015,9184],"product_tag":[],"class_list":{"0":"post-241763","1":"product","2":"type-product","3":"status-publish","4":"has-post-thumbnail","6":"product_cat-bathroom","7":"product_cat-comad","8":"product_cat-countertops-comad","10":"first","11":"instock","12":"purchasable","13":"product-type-simple"},"_links":{"self":[{"href":"https:\/\/baldumarket.lt\/lt\/wp-json\/wp\/v2\/product\/241763","targetHints":{"allow":["GET"]}}],"collection":[{"href":"https:\/\/baldumarket.lt\/lt\/wp-json\/wp\/v2\/product"}],"about":[{"href":"https:\/\/baldumarket.lt\/lt\/wp-json\/wp\/v2\/types\/product"}],"replies":[{"embeddable":true,"href":"https:\/\/baldumarket.lt\/lt\/wp-json\/wp\/v2\/comments?post=241763"}],"wp:featuredmedia":[{"embeddable":true,"href":"https:\/\/baldumarket.lt\/lt\/wp-json\/wp\/v2\/media\/241764"}],"wp:attachment":[{"href":"https:\/\/baldumarket.lt\/lt\/wp-json\/wp\/v2\/media?parent=241763"}],"wp:term":[{"taxonomy":"product_brand","embeddable":true,"href":"https:\/\/baldumarket.lt\/lt\/wp-json\/wp\/v2\/product_brand?post=241763"},{"taxonomy":"product_cat","embeddable":true,"href":"https:\/\/baldumarket.lt\/lt\/wp-json\/wp\/v2\/product_cat?post=241763"},{"taxonomy":"product_tag","embeddable":true,"href":"https:\/\/baldumarket.lt\/lt\/wp-json\/wp\/v2\/product_tag?post=241763"}],"curies":[{"name":"wp","href":"https:\/\/api.w.org\/{rel}","templated":true}]}}