{"id":241750,"date":"2026-01-02T22:47:15","date_gmt":"2026-01-02T19:47:15","guid":{"rendered":"https:\/\/baldumarket.lt\/product\/bella-cashmere-szafka-wysoka-1-drzwi\/"},"modified":"2026-02-11T18:34:24","modified_gmt":"2026-02-11T15:34:24","slug":"bella-cashmere-szafka-wysoka-1-drzwi","status":"publish","type":"product","link":"https:\/\/baldumarket.lt\/lt\/product\/bella-cashmere-szafka-wysoka-1-drzwi\/","title":{"rendered":"Bella ka\u0161myro auk\u0161ta spintel\u0117, 1 durys"},"content":{"rendered":"<p>Auk\u0161ta spintel\u0117 \u201eBella Cashmere\u201c su 1 durel\u0117mis. Eleganti\u0161ka \u201eComad\u201c \u201eBella Cashmere\u201c spintel\u0117 \u2013 stilingas pasirinkimas moderniam interjerui. Pagaminta i\u0161 laminuotos plok\u0161t\u0117s ir MDF, madingos, matin\u0117s ka\u0161myro spalvos, o frezuotas priekis suteikia charakterio. Vien\u0173 dur\u0173, universalus atidarymas, \u0161velnus u\u017edarymas. Matmenys: Plotis (cm): 35 Gylis (cm): 25 Auk\u0161tis (cm): 140 Techniniai duomenys: Med\u017eiaga: Laminuota plok\u0161t\u0117 \/ MDF plok\u0161t\u0117 Spalva: Ka\u0161myro matin\u0117 Korpuso med\u017eiaga: Laminuota plok\u0161t\u0117 Korpuso spalva: Ka\u0161myro matin\u0117 Priekin\u0117 med\u017eiaga: MDF plok\u0161t\u0117 Priekin\u0117s spalvos: Ka\u0161myro matin\u0117 Priekin\u0117s dalies konstrukcija: Frezuotas ra\u0161tas Reikalingas surinkimas: Taip \u012e komplekt\u0105 \u012feina surinkimo pakuot\u0117: Taip Montavimo b\u016bdas: Pakabinamas ant sienos Dur\u0173 skai\u010dius: 1 Dur\u0173 atidarymo kryptis: Universali Vyri\u0173 tipas: \u0160velnus u\u017edarymas Pakuo\u010di\u0173 skai\u010dius: 1 Bendras bruto svoris: 16,8 kg Atraskite elegancij\u0105 ir funkcionalum\u0105, kur\u012f si\u016blo auk\u0161ta spintel\u0117 \u201eBella Cashmere\u201c, puikiai tinkanti visiems, vertinantiems rafinuot\u0105 stili\u0173 ir prakti\u0161kus sprendimus. \u0160is \u201eComad\u201c dizainas yra tikras \u0161edevras, \u017eavintis savo paprastumu ir suteikiantis interjerui prabangos. Pagaminta i\u0161 tvirtos MDF plok\u0161t\u0117s su ka\u0161myro matiniu pavir\u0161iumi, ji harmoningai dera su \u012fvairiais interjerais, pabr\u0117\u017edama j\u0173 unikal\u0173 charakter\u012f. Rafinuotas \u0161ios spintel\u0117s dizainas ne tik \u017eavi frezuotais fasadais, bet ir u\u017etikrina maksimal\u0173 funkcionalum\u0105. Vien\u0173 dureli\u0173 modelis buvo kruop\u0161\u010diai sukurtas taip, kad b\u016bt\u0173 lengva pasiekti jos vid\u0173, nepriklausomai nuo atidarymo krypties. \u0160is universalus sprendimas puikiai tiks bet kuriame kambaryje, leis jums nuspr\u0119sti, kaip j\u012f integruoti \u012f vonios kambar\u012f ar svetain\u0119. D\u0117l kompakti\u0161k\u0173 matmen\u0173, vos 35 cm plo\u010dio, \u0161i spintel\u0117 neu\u017eims daug vietos, tod\u0117l puikiai tinka ma\u017eesniems butams. \u0160velnaus u\u017edarymo funkcija paver\u010dia \u0161ios spintel\u0117s naudojim\u0105 tikru malonumu, o vienoda spalv\u0173 gama suteikia interjerui ramyb\u0117s ir harmonijos. \u0160is sprendimas derina estetik\u0105 su kasdieniu komfortu, u\u017etikrindamas pasitenkinim\u0105 kasdieniu naudojimu. Pridedamas tvirtinimo rinkinys leid\u017eia greitai ir be vargo pritvirtinti prie sienos, tod\u0117l gal\u0117site m\u0117gautis jo privalumais beveik i\u0161 karto po \u012fsigijimo. Su \u201eBella Cashmere\u201c j\u016bs\u0173 namuose bet kuri erdv\u0117 \u012fgis subtil\u0173 ir unikal\u0173 charakter\u012f, tapdama tikru ramyb\u0117s oaze. Nepriklausomai nuo kambario ar stiliaus, \u0161i spintel\u0117 atrodys nepriekai\u0161tingai ir moderniai, patenkindama net ir i\u0161rankiausi\u0105 skon\u012f.<\/p>","protected":false},"excerpt":{"rendered":"<p>Plotis (cm): 35<br \/>\n\u016agis (cm): 140<br \/>\nGylis (cm): 25<\/p>","protected":false},"featured_media":241751,"comment_status":"open","ping_status":"open","template":"","meta":[],"product_brand":[],"product_cat":[9117,2015,9187],"product_tag":[],"class_list":{"0":"post-241750","1":"product","2":"type-product","3":"status-publish","4":"has-post-thumbnail","6":"product_cat-bathroom","7":"product_cat-comad","8":"product_cat-washbasin-cabinet-comad","10":"first","11":"instock","12":"purchasable","13":"product-type-simple"},"_links":{"self":[{"href":"https:\/\/baldumarket.lt\/lt\/wp-json\/wp\/v2\/product\/241750","targetHints":{"allow":["GET"]}}],"collection":[{"href":"https:\/\/baldumarket.lt\/lt\/wp-json\/wp\/v2\/product"}],"about":[{"href":"https:\/\/baldumarket.lt\/lt\/wp-json\/wp\/v2\/types\/product"}],"replies":[{"embeddable":true,"href":"https:\/\/baldumarket.lt\/lt\/wp-json\/wp\/v2\/comments?post=241750"}],"wp:featuredmedia":[{"embeddable":true,"href":"https:\/\/baldumarket.lt\/lt\/wp-json\/wp\/v2\/media\/241751"}],"wp:attachment":[{"href":"https:\/\/baldumarket.lt\/lt\/wp-json\/wp\/v2\/media?parent=241750"}],"wp:term":[{"taxonomy":"product_brand","embeddable":true,"href":"https:\/\/baldumarket.lt\/lt\/wp-json\/wp\/v2\/product_brand?post=241750"},{"taxonomy":"product_cat","embeddable":true,"href":"https:\/\/baldumarket.lt\/lt\/wp-json\/wp\/v2\/product_cat?post=241750"},{"taxonomy":"product_tag","embeddable":true,"href":"https:\/\/baldumarket.lt\/lt\/wp-json\/wp\/v2\/product_tag?post=241750"}],"curies":[{"name":"wp","href":"https:\/\/api.w.org\/{rel}","templated":true}]}}