{"id":241740,"date":"2026-01-02T22:47:11","date_gmt":"2026-01-02T19:47:11","guid":{"rendered":"https:\/\/baldumarket.lt\/product\/bella-cashmere-szafka-wiszaca-35-x-35-cm\/"},"modified":"2026-02-11T18:34:24","modified_gmt":"2026-02-11T15:34:24","slug":"bella-cashmere-szafka-wiszaca-35-x-35-cm","status":"publish","type":"product","link":"https:\/\/baldumarket.lt\/lt\/product\/bella-cashmere-szafka-wiszaca-35-x-35-cm\/","title":{"rendered":"Pakabinama spintel\u0117 \u201eBella Cashmere\u201c, 35 x 35 cm"},"content":{"rendered":"<p>Bella Cashmere pakabinama spintel\u0117 35 x 35 cm \u201eBella Cashmere\u201c \u2013 eleganti\u0161ka, pakabinama spintel\u0117 su ka\u0161myro apdaila. Pagaminta i\u0161 laminuot\u0173 ir MDF plok\u0161\u010di\u0173 su frezuotais priekiais, turi \u0161velnaus u\u017edarymo sistem\u0105. Puikiai tinka moderniam interjerui, lengvai montuojama, nes dur\u0173 atidarymo kryptis universali. Matmenys: Plotis (cm): 35 Gylis (cm): 19 Auk\u0161tis (cm): 35 Techniniai duomenys: Med\u017eiaga: Laminuota plok\u0161t\u0117 \/ MDF plok\u0161t\u0117 Spalva: Ka\u0161myro matin\u0117 Korpuso med\u017eiaga: Laminuota plok\u0161t\u0117 Korpuso spalva: Ka\u0161myro matin\u0117 Priekin\u0117 med\u017eiaga: MDF plok\u0161t\u0117 Priekin\u0117s spalvos: Ka\u0161myro matin\u0117 Priekin\u0117s dalies konstrukcija: Frezuotas ra\u0161tas Reikalingas surinkimas: Taip \u012e komplekt\u0105 \u012feina surinkimo pakuot\u0117: Taip Montavimo kambaryje b\u016bdas: Pakabinimui ant sienos Dur\u0173 skai\u010dius: 1 Dur\u0173 atidarymo kryptis: Universali Vyri\u0173 tipas: \u0160velnus u\u017edarymas Pakuo\u010di\u0173 skai\u010dius: 1 Bendras bruto svoris: 6,5 kg Kai elegancija dera su funkcionalumu, sukuriama unikali \u201eComad\u201c prek\u0117s \u017eenklo Bella Cashmere pakabinama spintel\u0117. \u0160is gaminys yra tikras dizaino perlas, puikiai tinkantis stilingam interjerui. Matin\u0117s ka\u0161myro apdailos d\u0117ka ji suteikia kambariui subtil\u0173 prabangos ir modernumo prisilietim\u0105. D\u0117l kompakti\u0161k\u0173 35 x 35 cm matmen\u0173 ji puikiai tinka net ir ma\u017eiausioms erdv\u0117ms, tarnaudama ne tik kaip prakti\u0161kas, bet ir kaip dekoratyvinis elementas. D\u0117l gerai apgalvoto dizaino ir tvirt\u0173 med\u017eiag\u0173 \u201eBella Cashmere\u201c spintel\u0117 yra patvarus pasirinkimas ilgus metus. Laminuota plok\u0161t\u0117 ir MDF u\u017etikrina patvarum\u0105, ta\u010diau lengva forma vizualiai neapkrauna sien\u0173. Frezuoti fasadai traukia ak\u012f, suteikdami visam baldui unikal\u0173 modernaus meno ir klasikin\u0117s elegancijos prisilietim\u0105 \u2013 stili\u0173, kuris niekada nei\u0161eina i\u0161 mados. \u201eBella Cashmere\u201c spintel\u0117s funkcionalumas rei\u0161kia paprast\u0105 naudojim\u0105. D\u0117l universalios dureli\u0173 atidarymo krypties ir \u0161velnaus u\u017edarymo mechanizmo ja naudotis tampa malonumu. Tai puiki vieta laikyti naudingus daiktus, k\u0105 tikrai \u012fvertins kiekvienas, ie\u0161kantis tvarkos ir \u0161varos. \u201eBella Cashmere\u201c spintel\u0119 ne\u012ftik\u0117tinai lengva surinkti, tod\u0117l galite greitai m\u0117gautis jos funkciniais ir estetiniais privalumais. Komplekte yra surinkimo rinkinys, kuris supaprastina montavimo proces\u0105. Patikima konstrukcijos kokyb\u0117 ir apgalvotas dizainas paver\u010dia j\u0105 ne\u012fkainojamu bet kuri\u0173 nam\u0173 papildymu, kuris neabejotinai pelnys \u0161eimos ir sve\u010di\u0173 susi\u017eav\u0117jim\u0105.<\/p>","protected":false},"excerpt":{"rendered":"<p>Plotis (cm): 35<br \/>\n\u016agis (cm): 35<br \/>\nGylis (cm): 19<\/p>","protected":false},"featured_media":241741,"comment_status":"open","ping_status":"open","template":"","meta":[],"product_brand":[],"product_cat":[9117,2015,9187],"product_tag":[],"class_list":{"0":"post-241740","1":"product","2":"type-product","3":"status-publish","4":"has-post-thumbnail","6":"product_cat-bathroom","7":"product_cat-comad","8":"product_cat-washbasin-cabinet-comad","10":"first","11":"instock","12":"purchasable","13":"product-type-simple"},"_links":{"self":[{"href":"https:\/\/baldumarket.lt\/lt\/wp-json\/wp\/v2\/product\/241740","targetHints":{"allow":["GET"]}}],"collection":[{"href":"https:\/\/baldumarket.lt\/lt\/wp-json\/wp\/v2\/product"}],"about":[{"href":"https:\/\/baldumarket.lt\/lt\/wp-json\/wp\/v2\/types\/product"}],"replies":[{"embeddable":true,"href":"https:\/\/baldumarket.lt\/lt\/wp-json\/wp\/v2\/comments?post=241740"}],"wp:featuredmedia":[{"embeddable":true,"href":"https:\/\/baldumarket.lt\/lt\/wp-json\/wp\/v2\/media\/241741"}],"wp:attachment":[{"href":"https:\/\/baldumarket.lt\/lt\/wp-json\/wp\/v2\/media?parent=241740"}],"wp:term":[{"taxonomy":"product_brand","embeddable":true,"href":"https:\/\/baldumarket.lt\/lt\/wp-json\/wp\/v2\/product_brand?post=241740"},{"taxonomy":"product_cat","embeddable":true,"href":"https:\/\/baldumarket.lt\/lt\/wp-json\/wp\/v2\/product_cat?post=241740"},{"taxonomy":"product_tag","embeddable":true,"href":"https:\/\/baldumarket.lt\/lt\/wp-json\/wp\/v2\/product_tag?post=241740"}],"curies":[{"name":"wp","href":"https:\/\/api.w.org\/{rel}","templated":true}]}}