{"id":241736,"date":"2026-01-02T22:47:09","date_gmt":"2026-01-02T19:47:09","guid":{"rendered":"https:\/\/baldumarket.lt\/product\/bella-cashmere-szafka-pod-umywalke-80-cm-2-szuflady\/"},"modified":"2026-02-11T18:34:24","modified_gmt":"2026-02-11T15:34:24","slug":"bella-cashmere-szafka-pod-umywalke-80-cm-2-szuflady","status":"publish","type":"product","link":"https:\/\/baldumarket.lt\/lt\/product\/bella-cashmere-szafka-pod-umywalke-80-cm-2-szuflady\/","title":{"rendered":"Bella ka\u0161myro praustuvo spintel\u0117, 80 cm, 2 stal\u010diai"},"content":{"rendered":"<p>Bella Cashmere 80 cm praustuvo spintel\u0117 su 2 stal\u010diais. Moderni Bella Cashmere praustuvo spintel\u0117 yra eleganti\u0161kas bet kurio vonios kambario papildymas. Pagaminta i\u0161 MDF su ka\u0161myro matiniu pavir\u0161iumi ir frezuotu ra\u0161tu, du erdv\u016bs stal\u010diai suteikia daug vietos daiktams susid\u0117ti. Lengvas montavimas prie sienos. Matmenys: Plotis (cm): 80 Gylis (cm): 46 Auk\u0161tis (cm): 57 Techniniai duomenys: Bendras bruto svoris: 24,9 kg Med\u017eiaga: Laminuota plok\u0161t\u0117 \/ MDF plok\u0161t\u0117 Spalva: Ka\u0161myro matin\u0117 Korpuso med\u017eiaga: Laminuota plok\u0161t\u0117 Korpuso spalva: Ka\u0161myro matin\u0117 Priekin\u0117 med\u017eiaga: MDF plok\u0161t\u0117 Priekin\u0117s spalvos: Ka\u0161myro matin\u0117 Priekin\u0117s konstrukcijos sud\u0117tis: Frezuotas ra\u0161tas Reikalingas surinkimas: Taip \u012e komplekt\u0105 \u012feina surinkimo pakuot\u0117: Taip Montavimo viduje b\u016bdas: Pakabinamas ant sienos Pasinerkite \u012f elegancij\u0105 ir diding\u0105 stili\u0173 su Bella Cashmere praustuvo spintele. \u0160is unikalus baldas yra tobulas modernumo ir funkcionalumo derinys, suteikiantis j\u016bs\u0173 vonios kambariui prabangos. Matin\u0117 ka\u0161myro spalva suteikia interjerui nepaprasto subtilumo ir yra puikus pagrindas \u012fvairiems erdviniams i\u0161d\u0117stymams. Bella praustuvo spintel\u0117 yra ne tik funkcinis, bet ir dekoratyvinis elementas. Gra\u017eiai frezuoti MDF fasadai suteikia spintelei unikalaus charakterio, u\u017etikrina patvarum\u0105 ir atsparum\u0105 kasdieniam naudojimui. Du erdv\u016bs stal\u010diai ne tik padeda palaikyti tvark\u0105, bet ir u\u017etikrina, kad visi reikalingi daiktai visada b\u016bt\u0173 po ranka. Auk\u0161tos kokyb\u0117s med\u017eiag\u0173, toki\u0173 kaip laminuota plok\u0161t\u0117, naudojimas garantuoja, kad spintel\u0117 atlaikys kasdienio naudojimo i\u0161\u0161\u016bkius, i\u0161laikydama estetin\u012f patrauklum\u0105. \u201eBella Cashmere\u201c buvo sukurta galvojant apie modern\u0173 interjer\u0105, kuriame minimalistinis dizainas ir funkcionalumas dera tarpusavyje. Prie sienos tvirtinama konstrukcija taupo grind\u0173 plot\u0105, o tai ypa\u010d vertinga ma\u017eesniuose vonios kambariuose. Kompakti\u0161ki matmenys (80 cm plo\u010dio, 57 cm auk\u0161\u010dio ir 46 cm gylio) leid\u017eia j\u0105 integruoti beveik bet kurioje erdv\u0117je neprarandant funkcionalumo. \u201eBella Cashmere\u201c praustuvo spintel\u0119 taip pat lengva surinkti \u2013 viskas, ko jums reikia, yra vienoje pakuot\u0117je. D\u0117l ai\u0161ki\u0173 instrukcij\u0173 surinkimas yra greitas ir paprastas, tod\u0117l gal\u0117site akimirksniu m\u0117gautis nauja vonios kambario i\u0161vaizda. I\u0161 naujo atraskite vonios kambario dizaino komfort\u0105 su spintele, kurioje dera elegancija ir modernumas, ir atkreipkite d\u0117mes\u012f \u012f kiekvien\u0105 savo kasdienio gyvenimo detal\u0119 su baldais, kurie tikrai palieka \u012fsp\u016bd\u012f.<\/p>","protected":false},"excerpt":{"rendered":"<p>Plotis (cm): 80<br \/>\n\u016agis (cm): 57<br \/>\nGylis (cm): 46<\/p>","protected":false},"featured_media":241720,"comment_status":"open","ping_status":"open","template":"","meta":[],"product_brand":[],"product_cat":[9117,2015,9187],"product_tag":[],"class_list":{"0":"post-241736","1":"product","2":"type-product","3":"status-publish","4":"has-post-thumbnail","6":"product_cat-bathroom","7":"product_cat-comad","8":"product_cat-washbasin-cabinet-comad","10":"first","11":"instock","12":"purchasable","13":"product-type-simple"},"_links":{"self":[{"href":"https:\/\/baldumarket.lt\/lt\/wp-json\/wp\/v2\/product\/241736","targetHints":{"allow":["GET"]}}],"collection":[{"href":"https:\/\/baldumarket.lt\/lt\/wp-json\/wp\/v2\/product"}],"about":[{"href":"https:\/\/baldumarket.lt\/lt\/wp-json\/wp\/v2\/types\/product"}],"replies":[{"embeddable":true,"href":"https:\/\/baldumarket.lt\/lt\/wp-json\/wp\/v2\/comments?post=241736"}],"wp:featuredmedia":[{"embeddable":true,"href":"https:\/\/baldumarket.lt\/lt\/wp-json\/wp\/v2\/media\/241720"}],"wp:attachment":[{"href":"https:\/\/baldumarket.lt\/lt\/wp-json\/wp\/v2\/media?parent=241736"}],"wp:term":[{"taxonomy":"product_brand","embeddable":true,"href":"https:\/\/baldumarket.lt\/lt\/wp-json\/wp\/v2\/product_brand?post=241736"},{"taxonomy":"product_cat","embeddable":true,"href":"https:\/\/baldumarket.lt\/lt\/wp-json\/wp\/v2\/product_cat?post=241736"},{"taxonomy":"product_tag","embeddable":true,"href":"https:\/\/baldumarket.lt\/lt\/wp-json\/wp\/v2\/product_tag?post=241736"}],"curies":[{"name":"wp","href":"https:\/\/api.w.org\/{rel}","templated":true}]}}