{"id":241721,"date":"2026-01-02T22:47:02","date_gmt":"2026-01-02T19:47:02","guid":{"rendered":"https:\/\/baldumarket.lt\/product\/bella-cashmere-szafka-pod-blat-40-cm-1-drzwi-z-koszem-na-pranie\/"},"modified":"2026-02-11T18:34:24","modified_gmt":"2026-02-11T15:34:24","slug":"bella-cashmere-szafka-pod-blat-40-cm-1-drzwi-z-koszem-na-pranie","status":"publish","type":"product","link":"https:\/\/baldumarket.lt\/lt\/product\/bella-cashmere-szafka-pod-blat-40-cm-1-drzwi-z-koszem-na-pranie\/","title":{"rendered":"Bella ka\u0161myro spintel\u0117 po stalvir\u0161iu, 40 cm, 1 durel\u0117mis ir skalbini\u0173 krep\u0161iu"},"content":{"rendered":"<p>Bella Cashmere 40 cm vien\u0173 dureli\u0173 po stalvir\u0161iu montuojama spintel\u0117 su skalbini\u0173 krep\u0161iu. Stilinga Bella Cashmere spintel\u0117 su ka\u0161myro apdaila puikiai tiks bet kuriame vonios kambaryje. Frezuoti MDF fasadai suteikia elegancijos, o \u0161velnaus u\u017edarymo sistema u\u017etikrina komfort\u0105. \u012erengta su skalbini\u0173 krep\u0161iu ir galima tvirtinti prie sienos. Matmenys: Plotis (cm): 40 Gylis (cm): 46 Auk\u0161tis (cm): 57 Techniniai duomenys: Med\u017eiaga: Laminuota plok\u0161t\u0117 \/ MDF plok\u0161t\u0117 Spalva: Ka\u0161myro matin\u0117 Korpuso med\u017eiaga: Laminuota plok\u0161t\u0117 Korpuso spalva: Ka\u0161myro matin\u0117 Priekin\u0117 med\u017eiaga: MDF plok\u0161t\u0117 Priekin\u0117s dalies spalva: Ka\u0161myro matin\u0117 Priekin\u0117s dalies konstrukcija: Frezuotas ra\u0161tas Reikalingas surinkimas: Taip \u012e komplekt\u0105 \u012feina surinkimo pakuot\u0117: Taip Montavimo b\u016bdas: Kabinamas ant sienos Dur\u0173 skai\u010dius: 1 Dur\u0173 atidarymo kryptis: Universali Vyri\u0173 tipas: \u0160velnus u\u017edarymas Pakuo\u010di\u0173 skai\u010dius: 1 Bendras bruto svoris: 13,5 kg Elegancija ir funkcionalumas susitinka garsaus prek\u0117s \u017eenklo \u201eComad\u201c Bella Cashmere po stalvir\u0161iu montuojamoje spintel\u0117je. Tai ne tik baldas, bet ir tikras meno k\u016brinys, pakyl\u0117siantis j\u016bs\u0173 vonios kambario interjer\u0105 \u012f kit\u0105 lyg\u012f. Ka\u0161myro matin\u0117 apdaila suteikia jai rafinuot\u0105 apdail\u0105, kuri harmoningai dera su bet kokiu interjeru. Nepriklausomai nuo j\u016bs\u0173 stiliaus, \u0161is gaminys ras savo viet\u0105 j\u016bs\u0173 namuose, suteikdamas charakterio ir klas\u0117s. Sukurtas galvojant apie kasdien\u012f komfort\u0105 ir i\u0161skirtin\u0119 estetik\u0105, jo prakti\u0161kas dizainas ir prie sienos tvirtinamas dizainas leid\u017eia optimaliai i\u0161naudoti erdv\u0119, tod\u0117l jis idealiai tinka tiek ma\u017eiems, tiek dideliems kambariams. Subtili\u0173 gro\u017e\u012f pary\u0161kina frezuoti fasadai, kurie subtiliai sustiprina bet kokio interjero elegancij\u0105, sukurdami ramyb\u0117s ir harmonijos atmosfer\u0105. \u0160i\u0105 po stalvir\u0161iu montuojam\u0105 spintel\u0119 i\u0161skiria funkcionalios savyb\u0117s, tokios kaip skalbini\u0173 krep\u0161ys, kuris padeda palaikyti tvark\u0105 ir organizuotum\u0105 j\u016bs\u0173 vonios kambaryje. D\u0117l universalios dureli\u0173 atidarymo krypties ir \u0161velnaus u\u017edarymo sistemos ja naudotis dar patogiau. B\u016btent \u0161ios detal\u0117s i\u0161skiria ir paver\u010dia kasdien\u0119 veikl\u0105 malonumu. Tai ne tik stilius ir kokyb\u0117, bet ir s\u0105moningas po\u017ei\u016bris \u012f interjero dizain\u0105. Tai puikus baldas tiems, kurie vertina unikal\u0173 estetikos ir funkcionalumo derin\u012f, sukuriant\u012f eleganti\u0161k\u0105 ir organizuot\u0105 nam\u0173 erdv\u0119.<\/p>","protected":false},"excerpt":{"rendered":"<p>Plotis (cm): 40<br \/>\n\u016agis (cm): 57<br \/>\nGylis (cm): 46<\/p>","protected":false},"featured_media":241722,"comment_status":"open","ping_status":"open","template":"","meta":[],"product_brand":[],"product_cat":[9117,2015,9187],"product_tag":[],"class_list":{"0":"post-241721","1":"product","2":"type-product","3":"status-publish","4":"has-post-thumbnail","6":"product_cat-bathroom","7":"product_cat-comad","8":"product_cat-washbasin-cabinet-comad","10":"first","11":"instock","12":"purchasable","13":"product-type-simple"},"_links":{"self":[{"href":"https:\/\/baldumarket.lt\/lt\/wp-json\/wp\/v2\/product\/241721","targetHints":{"allow":["GET"]}}],"collection":[{"href":"https:\/\/baldumarket.lt\/lt\/wp-json\/wp\/v2\/product"}],"about":[{"href":"https:\/\/baldumarket.lt\/lt\/wp-json\/wp\/v2\/types\/product"}],"replies":[{"embeddable":true,"href":"https:\/\/baldumarket.lt\/lt\/wp-json\/wp\/v2\/comments?post=241721"}],"wp:featuredmedia":[{"embeddable":true,"href":"https:\/\/baldumarket.lt\/lt\/wp-json\/wp\/v2\/media\/241722"}],"wp:attachment":[{"href":"https:\/\/baldumarket.lt\/lt\/wp-json\/wp\/v2\/media?parent=241721"}],"wp:term":[{"taxonomy":"product_brand","embeddable":true,"href":"https:\/\/baldumarket.lt\/lt\/wp-json\/wp\/v2\/product_brand?post=241721"},{"taxonomy":"product_cat","embeddable":true,"href":"https:\/\/baldumarket.lt\/lt\/wp-json\/wp\/v2\/product_cat?post=241721"},{"taxonomy":"product_tag","embeddable":true,"href":"https:\/\/baldumarket.lt\/lt\/wp-json\/wp\/v2\/product_tag?post=241721"}],"curies":[{"name":"wp","href":"https:\/\/api.w.org\/{rel}","templated":true}]}}